{"id":43,"date":"2022-03-28T16:55:45","date_gmt":"2022-03-28T19:55:45","guid":{"rendered":"http:\/\/hopeandjusticefoundation.com\/?page_id=43"},"modified":"2022-08-08T18:31:52","modified_gmt":"2022-08-08T21:31:52","slug":"contact","status":"publish","type":"page","link":"https:\/\/hopeandjusticefoundation.com\/pt\/contact\/","title":{"rendered":"CONTATO"},"content":{"rendered":"<div data-elementor-type=\"wp-page\" data-elementor-id=\"43\" class=\"elementor elementor-43\" data-elementor-post-type=\"page\">\n\t\t\t\t\t\t<section class=\"elementor-section elementor-top-section elementor-element elementor-element-8967704 secbranca elementor-section-boxed elementor-section-height-default elementor-section-height-default\" data-id=\"8967704\" data-element_type=\"section\">\n\t\t\t\t\t\t<div class=\"elementor-container elementor-column-gap-wider\">\n\t\t\t\t\t<div class=\"elementor-column elementor-col-50 elementor-top-column elementor-element elementor-element-c3e1f0e\" data-id=\"c3e1f0e\" data-element_type=\"column\">\n\t\t\t<div class=\"elementor-widget-wrap elementor-element-populated\">\n\t\t\t\t\t\t<div class=\"elementor-element elementor-element-a62974f elementor-widget elementor-widget-heading\" data-id=\"a62974f\" data-element_type=\"widget\" data-widget_type=\"heading.default\">\n\t\t\t\t<div class=\"elementor-widget-container\">\n\t\t\t\t\t<h3 class=\"elementor-heading-title elementor-size-default\">Fale com a gente, descubra mais formas de ajudar!<\/h3>\t\t\t\t<\/div>\n\t\t\t\t<\/div>\n\t\t\t\t<div class=\"elementor-element elementor-element-d5a16d0 elementor-widget elementor-widget-text-editor\" data-id=\"d5a16d0\" data-element_type=\"widget\" data-widget_type=\"text-editor.default\">\n\t\t\t\t<div class=\"elementor-widget-container\">\n\t\t\t\t\t\t\t\t\t<p>Queremos salvar vidas e dar toda assist\u00eancia necess\u00e1ria para reinclus\u00e3o de sobreviventes na sociedade. Abrace essa causa t\u00e3o importante e urgente.<\/p>\t\t\t\t\t\t\t\t<\/div>\n\t\t\t\t<\/div>\n\t\t\t\t<div class=\"elementor-element elementor-element-002c51b elementor-position-left elementor-view-default elementor-mobile-position-top elementor-widget elementor-widget-icon-box\" data-id=\"002c51b\" data-element_type=\"widget\" data-widget_type=\"icon-box.default\">\n\t\t\t\t<div class=\"elementor-widget-container\">\n\t\t\t\t\t\t\t<div class=\"elementor-icon-box-wrapper\">\n\n\t\t\t\t\t\t<div class=\"elementor-icon-box-icon\">\n\t\t\t\t<a href=\"mailto:contact@hopeandjusticefoundation.org\" target=\"_blank\" class=\"elementor-icon\" tabindex=\"-1\" aria-label=\"contact@hopeandjusticefoundation.org\">\n\t\t\t\t<i aria-hidden=\"true\" class=\"far fa-envelope\"><\/i>\t\t\t\t<\/a>\n\t\t\t<\/div>\n\t\t\t\n\t\t\t\t\t\t<div class=\"elementor-icon-box-content\">\n\n\t\t\t\t\t\t\t\t\t<h3 class=\"elementor-icon-box-title\">\n\t\t\t\t\t\t<a href=\"mailto:contact@hopeandjusticefoundation.org\" target=\"_blank\" >\n\t\t\t\t\t\t\tcontact@hopeandjusticefoundation.org\t\t\t\t\t\t<\/a>\n\t\t\t\t\t<\/h3>\n\t\t\t\t\n\t\t\t\t\n\t\t\t<\/div>\n\t\t\t\n\t\t<\/div>\n\t\t\t\t\t\t<\/div>\n\t\t\t\t<\/div>\n\t\t\t\t\t<\/div>\n\t\t<\/div>\n\t\t\t\t<div class=\"elementor-column elementor-col-50 elementor-top-column elementor-element elementor-element-f47d5b7\" data-id=\"f47d5b7\" data-element_type=\"column\">\n\t\t\t<div class=\"elementor-widget-wrap elementor-element-populated\">\n\t\t\t\t\t\t<div class=\"elementor-element elementor-element-eed2f0f elementor-button-align-stretch elementor-widget elementor-widget-form\" data-id=\"eed2f0f\" data-element_type=\"widget\" data-settings=\"{&quot;step_next_label&quot;:&quot;Next&quot;,&quot;step_previous_label&quot;:&quot;Previous&quot;,&quot;button_width&quot;:&quot;100&quot;,&quot;step_type&quot;:&quot;number_text&quot;,&quot;step_icon_shape&quot;:&quot;circle&quot;}\" data-widget_type=\"form.default\">\n\t\t\t\t<div class=\"elementor-widget-container\">\n\t\t\t\t\t\t\t<form class=\"elementor-form\" method=\"post\" id=\"formcontact\" name=\"New Form\" aria-label=\"New Form\" action=\"\">\n\t\t\t<input type=\"hidden\" name=\"post_id\" value=\"43\"\/>\n\t\t\t<input type=\"hidden\" name=\"form_id\" value=\"eed2f0f\"\/>\n\t\t\t<input type=\"hidden\" name=\"referer_title\" value=\"Hope &amp; Justice Foundation\" \/>\n\n\t\t\t\n\t\t\t<div class=\"elementor-form-fields-wrapper elementor-labels-\">\n\t\t\t\t\t\t\t\t<div class=\"elementor-field-type-text elementor-field-group elementor-column elementor-field-group-name elementor-col-100 elementor-field-required\">\n\t\t\t\t\t\t\t\t\t\t\t\t<label for=\"form-field-name\" class=\"elementor-field-label elementor-screen-only\">\n\t\t\t\t\t\t\t\tNome\t\t\t\t\t\t\t<\/label>\n\t\t\t\t\t\t\t\t\t\t\t\t\t\t<input size=\"1\" type=\"text\" name=\"form_fields[name]\" id=\"form-field-name\" class=\"elementor-field elementor-size-md  elementor-field-textual\" placeholder=\"Nome\" required=\"required\">\n\t\t\t\t\t\t\t\t\t\t\t<\/div>\n\t\t\t\t\t\t\t\t<div class=\"elementor-field-type-email elementor-field-group elementor-column elementor-field-group-email elementor-col-100 elementor-field-required\">\n\t\t\t\t\t\t\t\t\t\t\t\t<label for=\"form-field-email\" class=\"elementor-field-label elementor-screen-only\">\n\t\t\t\t\t\t\t\tEmail\t\t\t\t\t\t\t<\/label>\n\t\t\t\t\t\t\t\t\t\t\t\t\t\t<input size=\"1\" type=\"email\" name=\"form_fields[email]\" id=\"form-field-email\" class=\"elementor-field elementor-size-md  elementor-field-textual\" placeholder=\"Email\" required=\"required\">\n\t\t\t\t\t\t\t\t\t\t\t<\/div>\n\t\t\t\t\t\t\t\t<div class=\"elementor-field-type-textarea elementor-field-group elementor-column elementor-field-group-message elementor-col-100 elementor-field-required\">\n\t\t\t\t\t\t\t\t\t\t\t\t<label for=\"form-field-message\" class=\"elementor-field-label elementor-screen-only\">\n\t\t\t\t\t\t\t\tMensagem\t\t\t\t\t\t\t<\/label>\n\t\t\t\t\t\t<textarea class=\"elementor-field-textual elementor-field  elementor-size-md\" name=\"form_fields[message]\" id=\"form-field-message\" rows=\"4\" placeholder=\"Mensagem\" required=\"required\"><\/textarea>\t\t\t\t<\/div>\n\t\t\t\t\t\t\t\t<div class=\"elementor-field-group elementor-column elementor-field-type-submit elementor-col-100 e-form__buttons\">\n\t\t\t\t\t<button class=\"elementor-button elementor-size-lg\" type=\"submit\">\n\t\t\t\t\t\t<span class=\"elementor-button-content-wrapper\">\n\t\t\t\t\t\t\t\t\t\t\t\t\t\t\t\t\t\t\t\t\t\t<span class=\"elementor-button-text\">ENVIAR<\/span>\n\t\t\t\t\t\t\t\t\t\t\t\t\t<\/span>\n\t\t\t\t\t<\/button>\n\t\t\t\t<\/div>\n\t\t\t<\/div>\n\t\t<input type=\"hidden\" name=\"trp-form-language\" value=\"pt\"\/><\/form>\n\t\t\t\t\t\t<\/div>\n\t\t\t\t<\/div>\n\t\t\t\t\t<\/div>\n\t\t<\/div>\n\t\t\t\t\t<\/div>\n\t\t<\/section>\n\t\t\t\t<section class=\"elementor-section elementor-top-section elementor-element elementor-element-ee04379 secbranca elementor-hidden-desktop elementor-hidden-tablet elementor-hidden-mobile elementor-section-boxed elementor-section-height-default elementor-section-height-default\" data-id=\"ee04379\" data-element_type=\"section\">\n\t\t\t\t\t\t<div class=\"elementor-container elementor-column-gap-default\">\n\t\t\t\t\t<div class=\"elementor-column elementor-col-50 elementor-top-column elementor-element elementor-element-84e8a57\" data-id=\"84e8a57\" data-element_type=\"column\">\n\t\t\t<div class=\"elementor-widget-wrap elementor-element-populated\">\n\t\t\t\t\t\t<div class=\"elementor-element elementor-element-80e92bd nomes elementor-widget elementor-widget-text-editor\" data-id=\"80e92bd\" data-element_type=\"widget\" data-widget_type=\"text-editor.default\">\n\t\t\t\t<div class=\"elementor-widget-container\">\n\t\t\t\t\t\t\t\t\t<p><span style=\"color: #ff6600;\">Anna Alves-Lazaro \u2013 Fundadora\/CEO- Diretora Executiva<\/span> <a href=\"mailto:annaalveslazaro@hopeandjusticefoundation.org\">annaalveslazaro@hopeandjusticefoundation.org<\/a><\/p><p><span style=\"color: #ff6600;\">Anna Alves-Lazaro \u2013 Assuntos Governamentais para EUA<\/span> <a href=\"mailto:Governmentaffairs@hopeandjusticefoundation.org\">governmentaffairs@hopeandjusticefoundation.org<\/a><\/p><p><span style=\"color: #ff6600;\">Fernando Pieroni \u2013 CFO \u2013 Diretor Financeiro<\/span> <a href=\"mailto:finance@hopeandjusticefoundation.org\">finance@hopeandjusticefoundation.org<\/a><\/p><p><span style=\"color: #ff6600;\">Luciana Zappulla \u2013 Rela\u00e7\u00f5es Institucionais para o Brasil<\/span> <a href=\"mailto:institucionalrelations.br@hopeandjusticefoundation.org\">institucionalrelations.br@hopeandjusticefoundation.org<\/a><\/p><p><span style=\"color: #ff6600;\">Luciana Zappulla \u2013 VP\/CBO \u2013 Diretora de Neg\u00f3cios<\/span> <a href=\"mailto:lucianazappulla@hopeandjusticefoundation.org\">lucianazappulla@hopeandjusticefoundation.org<\/a><\/p><p><span style=\"color: #ff6600;\">Marcelle Lyra \u2013 Vice-President Board Advisor Member<br \/><\/span><a href=\"mailto:marcellelyra@hopeandjusticefoundation.org\" target=\"_blank\" rel=\"noopener\">marcellelyra@hopeandjusticefoundation.org<\/a><\/p><p><span style=\"color: #ff6600;\">Patr\u00edcia Martin \u2013 VP\/CVSO \u2013 Diretora de Apoio \u00e0 V\u00edtima<\/span> <a href=\"mailto:patriciamartin@hopeandjusticefoundation.org\">patriciamartin@hopeandjusticefoundation.org<\/a><\/p><p><span style=\"color: #ff6600;\">Paulo Zappulla \u2013 Membro Conselheiro do Conselho<\/span> <a href=\"mailto:paulozappulla@hopeandjusticefoundation.org\">paulozappulla@hopeandjusticefoundation.org<\/a><\/p>\t\t\t\t\t\t\t\t<\/div>\n\t\t\t\t<\/div>\n\t\t\t\t\t<\/div>\n\t\t<\/div>\n\t\t\t\t<div class=\"elementor-column elementor-col-50 elementor-top-column elementor-element elementor-element-2c9fec8 nomes\" data-id=\"2c9fec8\" data-element_type=\"column\">\n\t\t\t<div class=\"elementor-widget-wrap elementor-element-populated\">\n\t\t\t\t\t\t<div class=\"elementor-element elementor-element-3be002d elementor-widget elementor-widget-text-editor\" data-id=\"3be002d\" data-element_type=\"widget\" data-widget_type=\"text-editor.default\">\n\t\t\t\t<div class=\"elementor-widget-container\">\n\t\t\t\t\t\t\t\t\t<p><span style=\"color: #ff6600;\">Danielle Pieroni \u2013 CHRO \u2013 Diretora de Recursos Humanos<\/span> <a href=\"mailto:humanresources@hopeandjusticefoundation.org\">humanresources@hopeandjusticefoundation.org<\/a><\/p><p><span style=\"color: #ff6600;\">Elizabeth Silva \u2013 CSWO \u2013 Diretora de Servi\u00e7o Social<\/span> <a href=\"mailto:socialwork@hopeandjusticefoundation.org\" target=\"_blank\" rel=\"noopener\">socialwork@hopeandjusticefoundation.org<\/a><\/p><p><span style=\"color: #ff6600;\">Izi Pinho Esq. \u2013 Legal Andrea Bowers Esq. \u2013 Legal<\/span> <a href=\"mailto:legal@hopeandjusticefoundation.org\">legal@hopeandjusticefoundation.org<\/a><\/p><p><span style=\"color: #ff6600;\">Janine Closs \u2013 Coordenadora de Eventos<\/span> <a href=\"mailto:events@hopeandjusticefoundation.org\">events@hopeandjusticefoundation.org<\/a><\/p><p><span style=\"color: #ff6600;\">Juliana Verano \u2013 Contato<br \/><\/span> <a href=\"mailto:contact@hopeandjusticefoundation.org\">contact@hopeandjusticefoundation.org<\/a><\/p><p><span style=\"color: #ff6600;\">Jonas Alvarenga \u2013 President of Board Advisor<br \/><\/span><a href=\"mailto:jonasalvarenga@hopeandjusticefoundation.org\" target=\"_blank\" rel=\"noopener\">jonasalvarenga@hopeandjusticefoundation.org<\/a><\/p><p><span style=\"color: #ff6600;\"> Marcia Fonseca \u2013 Master Coach \u2013 Mentora de L\u00edderes<\/span> <a href=\"mailto:coach@hopeandjusticefoundation.org\">coach@hopeandjusticefoundation.org<\/a><\/p><p><span style=\"color: #ff6600;\">Milena Valle \u2013 CCO \u2013 Diretora de Comunica\u00e7\u00e3o<\/span> <a href=\"mailto:intecom@hopeandjusticefoundation.org\">intecom@hopeandjusticefoundation.org<\/a><\/p><p><span style=\"color: #ff6600;\">Marcelo Montanha \u2013 Intelig\u00eancia e Seguran\u00e7a Estrat\u00e9gica<\/span> <a href=\"mailto:intelsecurity@hopeandjusticefoundation.org\">intelsecurity@hopeandjusticefoundation.org<\/a><\/p><p><span style=\"color: #ff6600;\">Pastora Veruska Greff \/ Patricia Martin \u2013 Capel\u00e3o<\/span> <a href=\"mailto:koinonia@hopeandjusticefoundation.org\">koinonia@hopeandjusticefoundation.org<\/a><\/p>\t\t\t\t\t\t\t\t<\/div>\n\t\t\t\t<\/div>\n\t\t\t\t\t<\/div>\n\t\t<\/div>\n\t\t\t\t\t<\/div>\n\t\t<\/section>\n\t\t\t\t<\/div>","protected":false},"excerpt":{"rendered":"<p>Talk to us, find out more ways to help! We want to save lives and provide all necessary assistance for the reintegration of survivors into society. Embrace this important and urgent cause. contact@hopeandjusticefoundation.org Anna Alves-Lazaro \u2013 Fundadora\/CEO- Diretora Executiva annaalveslazaro@hopeandjusticefoundation.org Anna Alves-Lazaro \u2013 Assuntos Governamentais para EUA governmentaffairs@hopeandjusticefoundation.org Fernando Pieroni \u2013 CFO \u2013 Diretor Financeiro &hellip; <\/p>\n<p class=\"link-more\"><a href=\"https:\/\/hopeandjusticefoundation.com\/pt\/contact\/\" class=\"more-link\">Continue lendo<span class=\"screen-reader-text\"> &#8220;CONTACT&#8221;<\/span><\/a><\/p>","protected":false},"author":1,"featured_media":0,"parent":0,"menu_order":0,"comment_status":"closed","ping_status":"closed","template":"elementor_header_footer","meta":{"footnotes":""},"class_list":["post-43","page","type-page","status-publish","hentry"],"aioseo_notices":[],"yoast_head":"<!-- This site is optimized with the Yoast SEO plugin v26.5 - https:\/\/yoast.com\/wordpress\/plugins\/seo\/ -->\n<title>CONTACT - Hope &amp; Justice Foundation<\/title>\n<meta name=\"robots\" content=\"index, follow, max-snippet:-1, max-image-preview:large, max-video-preview:-1\" \/>\n<link rel=\"canonical\" href=\"https:\/\/hopeandjusticefoundation.com\/pt\/contact\/\" \/>\n<meta property=\"og:locale\" content=\"pt_BR\" \/>\n<meta property=\"og:type\" content=\"article\" \/>\n<meta property=\"og:title\" content=\"CONTACT - Hope &amp; Justice Foundation\" \/>\n<meta property=\"og:description\" content=\"Talk to us, find out more ways to help! We want to save lives and provide all necessary assistance for the reintegration of survivors into society. Embrace this important and urgent cause. contact@hopeandjusticefoundation.org Anna Alves-Lazaro \u2013 Fundadora\/CEO- Diretora Executiva annaalveslazaro@hopeandjusticefoundation.org Anna Alves-Lazaro \u2013 Assuntos Governamentais para EUA governmentaffairs@hopeandjusticefoundation.org Fernando Pieroni \u2013 CFO \u2013 Diretor Financeiro &hellip; Continue lendo &quot;CONTACT&quot;\" \/>\n<meta property=\"og:url\" content=\"https:\/\/hopeandjusticefoundation.com\/pt\/contact\/\" \/>\n<meta property=\"og:site_name\" content=\"Hope &amp; Justice Foundation\" \/>\n<meta property=\"article:modified_time\" content=\"2022-08-08T21:31:52+00:00\" \/>\n<meta property=\"og:image\" content=\"https:\/\/hopeandjusticefoundation.com\/wp-content\/uploads\/2022\/05\/shareimage.jpg\" \/>\n\t<meta property=\"og:image:width\" content=\"1057\" \/>\n\t<meta property=\"og:image:height\" content=\"962\" \/>\n\t<meta property=\"og:image:type\" content=\"image\/jpeg\" \/>\n<meta name=\"twitter:card\" content=\"summary_large_image\" \/>\n<meta name=\"twitter:label1\" content=\"Est. tempo de leitura\" \/>\n\t<meta name=\"twitter:data1\" content=\"1 minuto\" \/>\n<script type=\"application\/ld+json\" class=\"yoast-schema-graph\">{\"@context\":\"https:\/\/schema.org\",\"@graph\":[{\"@type\":\"WebPage\",\"@id\":\"https:\/\/hopeandjusticefoundation.com\/contact\/\",\"url\":\"https:\/\/hopeandjusticefoundation.com\/contact\/\",\"name\":\"CONTACT - Hope &amp; Justice Foundation\",\"isPartOf\":{\"@id\":\"https:\/\/hopeandjusticefoundation.com\/#website\"},\"datePublished\":\"2022-03-28T19:55:45+00:00\",\"dateModified\":\"2022-08-08T21:31:52+00:00\",\"breadcrumb\":{\"@id\":\"https:\/\/hopeandjusticefoundation.com\/contact\/#breadcrumb\"},\"inLanguage\":\"pt-BR\",\"potentialAction\":[{\"@type\":\"ReadAction\",\"target\":[\"https:\/\/hopeandjusticefoundation.com\/contact\/\"]}]},{\"@type\":\"BreadcrumbList\",\"@id\":\"https:\/\/hopeandjusticefoundation.com\/contact\/#breadcrumb\",\"itemListElement\":[{\"@type\":\"ListItem\",\"position\":1,\"name\":\"In\u00edcio\",\"item\":\"https:\/\/hopeandjusticefoundation.com\/\"},{\"@type\":\"ListItem\",\"position\":2,\"name\":\"CONTACT\"}]},{\"@type\":\"WebSite\",\"@id\":\"https:\/\/hopeandjusticefoundation.com\/#website\",\"url\":\"https:\/\/hopeandjusticefoundation.com\/\",\"name\":\"Hope &amp; Justice Foundation\",\"description\":\"Combate ao tr\u00e1fico humano - hope &amp; justice\",\"publisher\":{\"@id\":\"https:\/\/hopeandjusticefoundation.com\/#organization\"},\"potentialAction\":[{\"@type\":\"SearchAction\",\"target\":{\"@type\":\"EntryPoint\",\"urlTemplate\":\"https:\/\/hopeandjusticefoundation.com\/?s={search_term_string}\"},\"query-input\":{\"@type\":\"PropertyValueSpecification\",\"valueRequired\":true,\"valueName\":\"search_term_string\"}}],\"inLanguage\":\"pt-BR\"},{\"@type\":\"Organization\",\"@id\":\"https:\/\/hopeandjusticefoundation.com\/#organization\",\"name\":\"Hope &amp; Justice Foundation\",\"url\":\"https:\/\/hopeandjusticefoundation.com\/\",\"logo\":{\"@type\":\"ImageObject\",\"inLanguage\":\"pt-BR\",\"@id\":\"https:\/\/hopeandjusticefoundation.com\/#\/schema\/logo\/image\/\",\"url\":\"https:\/\/hopeandjusticefoundation.com\/wp-content\/uploads\/2022\/03\/logo-hope-justice-new.png\",\"contentUrl\":\"https:\/\/hopeandjusticefoundation.com\/wp-content\/uploads\/2022\/03\/logo-hope-justice-new.png\",\"width\":500,\"height\":500,\"caption\":\"Hope &amp; Justice Foundation\"},\"image\":{\"@id\":\"https:\/\/hopeandjusticefoundation.com\/#\/schema\/logo\/image\/\"}}]}<\/script>\n<!-- \/ Yoast SEO plugin. -->","yoast_head_json":{"title":"CONTACT - Hope &amp; Justice Foundation","robots":{"index":"index","follow":"follow","max-snippet":"max-snippet:-1","max-image-preview":"max-image-preview:large","max-video-preview":"max-video-preview:-1"},"canonical":"https:\/\/hopeandjusticefoundation.com\/pt\/contact\/","og_locale":"pt_BR","og_type":"article","og_title":"CONTACT - Hope &amp; Justice Foundation","og_description":"Talk to us, find out more ways to help! We want to save lives and provide all necessary assistance for the reintegration of survivors into society. Embrace this important and urgent cause. contact@hopeandjusticefoundation.org Anna Alves-Lazaro \u2013 Fundadora\/CEO- Diretora Executiva annaalveslazaro@hopeandjusticefoundation.org Anna Alves-Lazaro \u2013 Assuntos Governamentais para EUA governmentaffairs@hopeandjusticefoundation.org Fernando Pieroni \u2013 CFO \u2013 Diretor Financeiro &hellip; Continue lendo \"CONTACT\"","og_url":"https:\/\/hopeandjusticefoundation.com\/pt\/contact\/","og_site_name":"Hope &amp; Justice Foundation","article_modified_time":"2022-08-08T21:31:52+00:00","og_image":[{"width":1057,"height":962,"url":"https:\/\/hopeandjusticefoundation.com\/wp-content\/uploads\/2022\/05\/shareimage.jpg","type":"image\/jpeg"}],"twitter_card":"summary_large_image","twitter_misc":{"Est. tempo de leitura":"1 minuto"},"schema":{"@context":"https:\/\/schema.org","@graph":[{"@type":"WebPage","@id":"https:\/\/hopeandjusticefoundation.com\/contact\/","url":"https:\/\/hopeandjusticefoundation.com\/contact\/","name":"CONTACT - Hope &amp; Justice Foundation","isPartOf":{"@id":"https:\/\/hopeandjusticefoundation.com\/#website"},"datePublished":"2022-03-28T19:55:45+00:00","dateModified":"2022-08-08T21:31:52+00:00","breadcrumb":{"@id":"https:\/\/hopeandjusticefoundation.com\/contact\/#breadcrumb"},"inLanguage":"pt-BR","potentialAction":[{"@type":"ReadAction","target":["https:\/\/hopeandjusticefoundation.com\/contact\/"]}]},{"@type":"BreadcrumbList","@id":"https:\/\/hopeandjusticefoundation.com\/contact\/#breadcrumb","itemListElement":[{"@type":"ListItem","position":1,"name":"In\u00edcio","item":"https:\/\/hopeandjusticefoundation.com\/"},{"@type":"ListItem","position":2,"name":"CONTACT"}]},{"@type":"WebSite","@id":"https:\/\/hopeandjusticefoundation.com\/#website","url":"https:\/\/hopeandjusticefoundation.com\/","name":"Hope &amp; Justice Foundation","description":"Combate ao tr\u00e1fico humano - hope &amp; justice","publisher":{"@id":"https:\/\/hopeandjusticefoundation.com\/#organization"},"potentialAction":[{"@type":"SearchAction","target":{"@type":"EntryPoint","urlTemplate":"https:\/\/hopeandjusticefoundation.com\/?s={search_term_string}"},"query-input":{"@type":"PropertyValueSpecification","valueRequired":true,"valueName":"search_term_string"}}],"inLanguage":"pt-BR"},{"@type":"Organization","@id":"https:\/\/hopeandjusticefoundation.com\/#organization","name":"Hope &amp; Justice Foundation","url":"https:\/\/hopeandjusticefoundation.com\/","logo":{"@type":"ImageObject","inLanguage":"pt-BR","@id":"https:\/\/hopeandjusticefoundation.com\/#\/schema\/logo\/image\/","url":"https:\/\/hopeandjusticefoundation.com\/wp-content\/uploads\/2022\/03\/logo-hope-justice-new.png","contentUrl":"https:\/\/hopeandjusticefoundation.com\/wp-content\/uploads\/2022\/03\/logo-hope-justice-new.png","width":500,"height":500,"caption":"Hope &amp; Justice Foundation"},"image":{"@id":"https:\/\/hopeandjusticefoundation.com\/#\/schema\/logo\/image\/"}}]}},"_links":{"self":[{"href":"https:\/\/hopeandjusticefoundation.com\/pt\/wp-json\/wp\/v2\/pages\/43","targetHints":{"allow":["GET"]}}],"collection":[{"href":"https:\/\/hopeandjusticefoundation.com\/pt\/wp-json\/wp\/v2\/pages"}],"about":[{"href":"https:\/\/hopeandjusticefoundation.com\/pt\/wp-json\/wp\/v2\/types\/page"}],"author":[{"embeddable":true,"href":"https:\/\/hopeandjusticefoundation.com\/pt\/wp-json\/wp\/v2\/users\/1"}],"replies":[{"embeddable":true,"href":"https:\/\/hopeandjusticefoundation.com\/pt\/wp-json\/wp\/v2\/comments?post=43"}],"version-history":[{"count":0,"href":"https:\/\/hopeandjusticefoundation.com\/pt\/wp-json\/wp\/v2\/pages\/43\/revisions"}],"wp:attachment":[{"href":"https:\/\/hopeandjusticefoundation.com\/pt\/wp-json\/wp\/v2\/media?parent=43"}],"curies":[{"name":"wp","href":"https:\/\/api.w.org\/{rel}","templated":true}]}}