{"id":37,"date":"2022-03-28T16:55:45","date_gmt":"2022-03-28T19:55:45","guid":{"rendered":"http:\/\/hopeandjusticefoundation.com\/?page_id=37"},"modified":"2022-10-10T10:32:04","modified_gmt":"2022-10-10T13:32:04","slug":"performance","status":"publish","type":"page","link":"https:\/\/hopeandjusticefoundation.com\/pt\/performance\/","title":{"rendered":"ATUA\u00c7\u00c3O"},"content":{"rendered":"<div data-elementor-type=\"wp-page\" data-elementor-id=\"37\" class=\"elementor elementor-37\" data-elementor-post-type=\"page\">\n\t\t\t\t\t\t<section class=\"elementor-section elementor-top-section elementor-element elementor-element-2bfc68a secbranca elementor-section-boxed elementor-section-height-default elementor-section-height-default\" data-id=\"2bfc68a\" data-element_type=\"section\" data-settings=\"{&quot;background_background&quot;:&quot;classic&quot;}\">\n\t\t\t\t\t\t<div class=\"elementor-container elementor-column-gap-default\">\n\t\t\t\t\t<div class=\"elementor-column elementor-col-50 elementor-top-column elementor-element elementor-element-e0e64be\" data-id=\"e0e64be\" data-element_type=\"column\">\n\t\t\t<div class=\"elementor-widget-wrap elementor-element-populated\">\n\t\t\t\t\t\t<div class=\"elementor-element elementor-element-dcf9d4b elementor-widget elementor-widget-heading\" data-id=\"dcf9d4b\" data-element_type=\"widget\" data-widget_type=\"heading.default\">\n\t\t\t\t<div class=\"elementor-widget-container\">\n\t\t\t\t\t<h4 class=\"elementor-heading-title elementor-size-default\"><span>PREVEN\u00c7\u00c3O<\/span><\/h4>\t\t\t\t<\/div>\n\t\t\t\t<\/div>\n\t\t\t\t\t<\/div>\n\t\t<\/div>\n\t\t\t\t<div class=\"elementor-column elementor-col-50 elementor-top-column elementor-element elementor-element-a3ad6ad\" data-id=\"a3ad6ad\" data-element_type=\"column\">\n\t\t\t<div class=\"elementor-widget-wrap elementor-element-populated\">\n\t\t\t\t\t\t<div class=\"elementor-element elementor-element-27e09eb elementor-widget elementor-widget-heading\" data-id=\"27e09eb\" data-element_type=\"widget\" data-widget_type=\"heading.default\">\n\t\t\t\t<div class=\"elementor-widget-container\">\n\t\t\t\t\t<h4 class=\"elementor-heading-title elementor-size-default\">EDUCATION AND AWARENESS PROGRAMS IN COMMUNITIES, PROFESSIONAL TRAINING<\/h4>\t\t\t\t<\/div>\n\t\t\t\t<\/div>\n\t\t\t\t\t<\/div>\n\t\t<\/div>\n\t\t\t\t\t<\/div>\n\t\t<\/section>\n\t\t\t\t<section class=\"elementor-section elementor-top-section elementor-element elementor-element-249b0a5 seccinza elementor-reverse-mobile elementor-section-boxed elementor-section-height-default elementor-section-height-default\" data-id=\"249b0a5\" data-element_type=\"section\" data-settings=\"{&quot;background_background&quot;:&quot;classic&quot;}\">\n\t\t\t\t\t\t<div class=\"elementor-container elementor-column-gap-default\">\n\t\t\t\t\t<div class=\"elementor-column elementor-col-50 elementor-top-column elementor-element elementor-element-4f8886a\" data-id=\"4f8886a\" data-element_type=\"column\">\n\t\t\t<div class=\"elementor-widget-wrap elementor-element-populated\">\n\t\t\t\t\t\t<div class=\"elementor-element elementor-element-099fc81 elementor-widget elementor-widget-heading\" data-id=\"099fc81\" data-element_type=\"widget\" data-widget_type=\"heading.default\">\n\t\t\t\t<div class=\"elementor-widget-container\">\n\t\t\t\t\t<h4 class=\"elementor-heading-title elementor-size-default\">PRIMEIROS SOCORROS<\/h4>\t\t\t\t<\/div>\n\t\t\t\t<\/div>\n\t\t\t\t<div class=\"elementor-element elementor-element-025f816 elementor-widget elementor-widget-heading\" data-id=\"025f816\" data-element_type=\"widget\" data-widget_type=\"heading.default\">\n\t\t\t\t<div class=\"elementor-widget-container\">\n\t\t\t\t\t<h4 class=\"elementor-heading-title elementor-size-default\">ASSIST\u00caNCIA E TRATAMENTO M\u00c9DICO, PSIQUI\u00c1TRICO E PSICOL\u00d3GICO<\/h4>\t\t\t\t<\/div>\n\t\t\t\t<\/div>\n\t\t\t\t<div class=\"elementor-element elementor-element-ebf1290 elementor-widget elementor-widget-heading\" data-id=\"ebf1290\" data-element_type=\"widget\" data-widget_type=\"heading.default\">\n\t\t\t\t<div class=\"elementor-widget-container\">\n\t\t\t\t\t<h4 class=\"elementor-heading-title elementor-size-default\">TERAPIAS RESTAURADORAS<\/h4>\t\t\t\t<\/div>\n\t\t\t\t<\/div>\n\t\t\t\t<div class=\"elementor-element elementor-element-e8f080c elementor-widget elementor-widget-heading\" data-id=\"e8f080c\" data-element_type=\"widget\" data-widget_type=\"heading.default\">\n\t\t\t\t<div class=\"elementor-widget-container\">\n\t\t\t\t\t<h4 class=\"elementor-heading-title elementor-size-default\">REINSER\u00c7\u00c3O SOCIAL<\/h4>\t\t\t\t<\/div>\n\t\t\t\t<\/div>\n\t\t\t\t<div class=\"elementor-element elementor-element-deb43ba elementor-widget elementor-widget-heading\" data-id=\"deb43ba\" data-element_type=\"widget\" data-widget_type=\"heading.default\">\n\t\t\t\t<div class=\"elementor-widget-container\">\n\t\t\t\t\t<h4 class=\"elementor-heading-title elementor-size-default\">FORMA\u00c7\u00c3O T\u00c9CNICA PROFISSIONAL<\/h4>\t\t\t\t<\/div>\n\t\t\t\t<\/div>\n\t\t\t\t<div class=\"elementor-element elementor-element-9433a98 elementor-widget elementor-widget-heading\" data-id=\"9433a98\" data-element_type=\"widget\" data-widget_type=\"heading.default\">\n\t\t\t\t<div class=\"elementor-widget-container\">\n\t\t\t\t\t<h4 class=\"elementor-heading-title elementor-size-default\">REINSER\u00c7\u00c3O NO MERCADO DE TRABALHO<\/h4>\t\t\t\t<\/div>\n\t\t\t\t<\/div>\n\t\t\t\t<div class=\"elementor-element elementor-element-283969d elementor-widget elementor-widget-heading\" data-id=\"283969d\" data-element_type=\"widget\" data-widget_type=\"heading.default\">\n\t\t\t\t<div class=\"elementor-widget-container\">\n\t\t\t\t\t<h4 class=\"elementor-heading-title elementor-size-default\">ASSIST\u00caNCIA LEGAL<\/h4>\t\t\t\t<\/div>\n\t\t\t\t<\/div>\n\t\t\t\t\t<\/div>\n\t\t<\/div>\n\t\t\t\t<div class=\"elementor-column elementor-col-50 elementor-top-column elementor-element elementor-element-5604e59\" data-id=\"5604e59\" data-element_type=\"column\">\n\t\t\t<div class=\"elementor-widget-wrap elementor-element-populated\">\n\t\t\t\t\t\t<div class=\"elementor-element elementor-element-4c58ec7 elementor-widget elementor-widget-heading\" data-id=\"4c58ec7\" data-element_type=\"widget\" data-widget_type=\"heading.default\">\n\t\t\t\t<div class=\"elementor-widget-container\">\n\t\t\t\t\t<h4 class=\"elementor-heading-title elementor-size-default\"><span>PROTE\u00c7\u00c3O<\/span><\/h4>\t\t\t\t<\/div>\n\t\t\t\t<\/div>\n\t\t\t\t\t<\/div>\n\t\t<\/div>\n\t\t\t\t\t<\/div>\n\t\t<\/section>\n\t\t\t\t<section class=\"elementor-section elementor-top-section elementor-element elementor-element-c9686c3 elementor-reverse-mobile secbranca elementor-section-boxed elementor-section-height-default elementor-section-height-default\" data-id=\"c9686c3\" data-element_type=\"section\" data-settings=\"{&quot;background_background&quot;:&quot;classic&quot;}\">\n\t\t\t\t\t\t<div class=\"elementor-container elementor-column-gap-default\">\n\t\t\t\t\t<div class=\"elementor-column elementor-col-50 elementor-top-column elementor-element elementor-element-58416d8\" data-id=\"58416d8\" data-element_type=\"column\">\n\t\t\t<div class=\"elementor-widget-wrap elementor-element-populated\">\n\t\t\t\t\t\t<div class=\"elementor-element elementor-element-7190492 elementor-widget elementor-widget-heading\" data-id=\"7190492\" data-element_type=\"widget\" data-widget_type=\"heading.default\">\n\t\t\t\t<div class=\"elementor-widget-container\">\n\t\t\t\t\t<h4 class=\"elementor-heading-title elementor-size-default\">PROGRAMAS DE ESTUDOS E PESQUISAS PARA PROPOR POL\u00cdTICAS P\u00daBLICAS E PROJETOS DE LEIS PARA PREVEN\u00c7\u00c3O E COMBATE A ESTES CRIMES HEDIONDOS<\/h4>\t\t\t\t<\/div>\n\t\t\t\t<\/div>\n\t\t\t\t\t<\/div>\n\t\t<\/div>\n\t\t\t\t<div class=\"elementor-column elementor-col-50 elementor-top-column elementor-element elementor-element-24bffa4\" data-id=\"24bffa4\" data-element_type=\"column\">\n\t\t\t<div class=\"elementor-widget-wrap elementor-element-populated\">\n\t\t\t\t\t\t<div class=\"elementor-element elementor-element-bb2ca0a elementor-widget elementor-widget-heading\" data-id=\"bb2ca0a\" data-element_type=\"widget\" data-widget_type=\"heading.default\">\n\t\t\t\t<div class=\"elementor-widget-container\">\n\t\t\t\t\t<h4 class=\"elementor-heading-title elementor-size-default\"><span>PESQUISAS<\/span><\/h4>\t\t\t\t<\/div>\n\t\t\t\t<\/div>\n\t\t\t\t\t<\/div>\n\t\t<\/div>\n\t\t\t\t\t<\/div>\n\t\t<\/section>\n\t\t\t\t<section class=\"elementor-section elementor-top-section elementor-element elementor-element-c894a42 seccinza elementor-section-boxed elementor-section-height-default elementor-section-height-default\" data-id=\"c894a42\" data-element_type=\"section\" data-settings=\"{&quot;background_background&quot;:&quot;classic&quot;}\">\n\t\t\t\t\t\t<div class=\"elementor-container elementor-column-gap-default\">\n\t\t\t\t\t<div class=\"elementor-column elementor-col-50 elementor-top-column elementor-element elementor-element-290db27\" data-id=\"290db27\" data-element_type=\"column\">\n\t\t\t<div class=\"elementor-widget-wrap elementor-element-populated\">\n\t\t\t\t\t\t<div class=\"elementor-element elementor-element-560b87c elementor-widget elementor-widget-heading\" data-id=\"560b87c\" data-element_type=\"widget\" data-widget_type=\"heading.default\">\n\t\t\t\t<div class=\"elementor-widget-container\">\n\t\t\t\t\t<h4 class=\"elementor-heading-title elementor-size-default\"><span>REPRESS\u00c3O<\/span><\/h4>\t\t\t\t<\/div>\n\t\t\t\t<\/div>\n\t\t\t\t\t<\/div>\n\t\t<\/div>\n\t\t\t\t<div class=\"elementor-column elementor-col-50 elementor-top-column elementor-element elementor-element-8a4b00b\" data-id=\"8a4b00b\" data-element_type=\"column\">\n\t\t\t<div class=\"elementor-widget-wrap elementor-element-populated\">\n\t\t\t\t\t\t<div class=\"elementor-element elementor-element-9c69fbb elementor-widget elementor-widget-heading\" data-id=\"9c69fbb\" data-element_type=\"widget\" data-widget_type=\"heading.default\">\n\t\t\t\t<div class=\"elementor-widget-container\">\n\t\t\t\t\t<h4 class=\"elementor-heading-title elementor-size-default\">PROGRAMAS DE APOIO \u00c0S AUTORIDADES JUDICI\u00c1RIAS E POLICIAIS EM A\u00c7\u00d5ES REPRESSIVAS E OSTENSIVAS.<\/h4>\t\t\t\t<\/div>\n\t\t\t\t<\/div>\n\t\t\t\t\t<\/div>\n\t\t<\/div>\n\t\t\t\t\t<\/div>\n\t\t<\/section>\n\t\t\t\t<section class=\"elementor-section elementor-top-section elementor-element elementor-element-c811694 secbranca elementor-section-boxed elementor-section-height-default elementor-section-height-default\" data-id=\"c811694\" data-element_type=\"section\" data-settings=\"{&quot;background_background&quot;:&quot;classic&quot;}\">\n\t\t\t\t\t\t<div class=\"elementor-container elementor-column-gap-default\">\n\t\t\t\t\t<div class=\"elementor-column elementor-col-100 elementor-top-column elementor-element elementor-element-90c7995\" data-id=\"90c7995\" data-element_type=\"column\">\n\t\t\t<div class=\"elementor-widget-wrap elementor-element-populated\">\n\t\t\t\t\t\t<div class=\"elementor-element elementor-element-215ddd6 elementor-align-center elementor-mobile-align-justify elementor-widget elementor-widget-button\" data-id=\"215ddd6\" data-element_type=\"widget\" data-widget_type=\"button.default\">\n\t\t\t\t<div class=\"elementor-widget-container\">\n\t\t\t\t\t\t\t\t\t<div class=\"elementor-button-wrapper\">\n\t\t\t\t\t<a class=\"elementor-button elementor-button-link elementor-size-lg\" href=\"https:\/\/hopeandjusticefoundation.com\/pt\/how-to-help\/\">\n\t\t\t\t\t\t<span class=\"elementor-button-content-wrapper\">\n\t\t\t\t\t\t\t\t\t<span class=\"elementor-button-text\">AJUDE UMA V\u00cdTIMA<\/span>\n\t\t\t\t\t<\/span>\n\t\t\t\t\t<\/a>\n\t\t\t\t<\/div>\n\t\t\t\t\t\t\t\t<\/div>\n\t\t\t\t<\/div>\n\t\t\t\t\t<\/div>\n\t\t<\/div>\n\t\t\t\t\t<\/div>\n\t\t<\/section>\n\t\t\t\t<\/div>","protected":false},"excerpt":{"rendered":"<p>Prevention EDUCATION AND AWARENESS PROGRAMS IN COMMUNITIES, PROFESSIONAL TRAINING FIRST AID MEDICAL, PSYCHIATRIC AND PSYCHOLOGICAL ASSISTANCE AND TREATMENT RESTORATIVE THERAPIES SOCIAL REINSERTION PROFESSIONAL TECHNICAL TRAINING REINSERTION IN THE LABOR MARKET LEGAL ASSISTANCE Protection STUDY AND RESEARCH PROGRAMS TO PROPOSE PUBLIC POLICIES AND LAW PROJECTS FOR THE PREVENTION AND COMBAT AGAINST THESE HIDEOUS CRIMES Research Repression &hellip; <\/p>\n<p class=\"link-more\"><a href=\"https:\/\/hopeandjusticefoundation.com\/pt\/performance\/\" class=\"more-link\">Continue lendo<span class=\"screen-reader-text\"> &#8220;PERFORMANCE&#8221;<\/span><\/a><\/p>","protected":false},"author":1,"featured_media":0,"parent":0,"menu_order":0,"comment_status":"closed","ping_status":"closed","template":"elementor_header_footer","meta":{"footnotes":""},"class_list":["post-37","page","type-page","status-publish","hentry"],"aioseo_notices":[],"yoast_head":"<!-- This site is optimized with the Yoast SEO plugin v26.5 - https:\/\/yoast.com\/wordpress\/plugins\/seo\/ -->\n<title>PERFORMANCE - Hope &amp; Justice Foundation<\/title>\n<meta name=\"robots\" content=\"index, follow, max-snippet:-1, max-image-preview:large, max-video-preview:-1\" \/>\n<link rel=\"canonical\" href=\"https:\/\/hopeandjusticefoundation.com\/pt\/performance\/\" \/>\n<meta property=\"og:locale\" content=\"pt_BR\" \/>\n<meta property=\"og:type\" content=\"article\" \/>\n<meta property=\"og:title\" content=\"PERFORMANCE - Hope &amp; Justice Foundation\" \/>\n<meta property=\"og:description\" content=\"Prevention EDUCATION AND AWARENESS PROGRAMS IN COMMUNITIES, PROFESSIONAL TRAINING FIRST AID MEDICAL, PSYCHIATRIC AND PSYCHOLOGICAL ASSISTANCE AND TREATMENT RESTORATIVE THERAPIES SOCIAL REINSERTION PROFESSIONAL TECHNICAL TRAINING REINSERTION IN THE LABOR MARKET LEGAL ASSISTANCE Protection STUDY AND RESEARCH PROGRAMS TO PROPOSE PUBLIC POLICIES AND LAW PROJECTS FOR THE PREVENTION AND COMBAT AGAINST THESE HIDEOUS CRIMES Research Repression &hellip; Continue lendo &quot;PERFORMANCE&quot;\" \/>\n<meta property=\"og:url\" content=\"https:\/\/hopeandjusticefoundation.com\/pt\/performance\/\" \/>\n<meta property=\"og:site_name\" content=\"Hope &amp; Justice Foundation\" \/>\n<meta property=\"article:modified_time\" content=\"2022-10-10T13:32:04+00:00\" \/>\n<meta property=\"og:image\" content=\"https:\/\/hopeandjusticefoundation.com\/wp-content\/uploads\/2022\/05\/shareimage.jpg\" \/>\n\t<meta property=\"og:image:width\" content=\"1057\" \/>\n\t<meta property=\"og:image:height\" content=\"962\" \/>\n\t<meta property=\"og:image:type\" content=\"image\/jpeg\" \/>\n<meta name=\"twitter:card\" content=\"summary_large_image\" \/>\n<meta name=\"twitter:label1\" content=\"Est. tempo de leitura\" \/>\n\t<meta name=\"twitter:data1\" content=\"1 minuto\" \/>\n<script type=\"application\/ld+json\" class=\"yoast-schema-graph\">{\"@context\":\"https:\/\/schema.org\",\"@graph\":[{\"@type\":\"WebPage\",\"@id\":\"https:\/\/hopeandjusticefoundation.com\/performance\/\",\"url\":\"https:\/\/hopeandjusticefoundation.com\/performance\/\",\"name\":\"PERFORMANCE - Hope &amp; Justice Foundation\",\"isPartOf\":{\"@id\":\"https:\/\/hopeandjusticefoundation.com\/#website\"},\"datePublished\":\"2022-03-28T19:55:45+00:00\",\"dateModified\":\"2022-10-10T13:32:04+00:00\",\"breadcrumb\":{\"@id\":\"https:\/\/hopeandjusticefoundation.com\/performance\/#breadcrumb\"},\"inLanguage\":\"pt-BR\",\"potentialAction\":[{\"@type\":\"ReadAction\",\"target\":[\"https:\/\/hopeandjusticefoundation.com\/performance\/\"]}]},{\"@type\":\"BreadcrumbList\",\"@id\":\"https:\/\/hopeandjusticefoundation.com\/performance\/#breadcrumb\",\"itemListElement\":[{\"@type\":\"ListItem\",\"position\":1,\"name\":\"In\u00edcio\",\"item\":\"https:\/\/hopeandjusticefoundation.com\/\"},{\"@type\":\"ListItem\",\"position\":2,\"name\":\"PERFORMANCE\"}]},{\"@type\":\"WebSite\",\"@id\":\"https:\/\/hopeandjusticefoundation.com\/#website\",\"url\":\"https:\/\/hopeandjusticefoundation.com\/\",\"name\":\"Hope &amp; Justice Foundation\",\"description\":\"Combate ao tr\u00e1fico humano - hope &amp; justice\",\"publisher\":{\"@id\":\"https:\/\/hopeandjusticefoundation.com\/#organization\"},\"potentialAction\":[{\"@type\":\"SearchAction\",\"target\":{\"@type\":\"EntryPoint\",\"urlTemplate\":\"https:\/\/hopeandjusticefoundation.com\/?s={search_term_string}\"},\"query-input\":{\"@type\":\"PropertyValueSpecification\",\"valueRequired\":true,\"valueName\":\"search_term_string\"}}],\"inLanguage\":\"pt-BR\"},{\"@type\":\"Organization\",\"@id\":\"https:\/\/hopeandjusticefoundation.com\/#organization\",\"name\":\"Hope &amp; Justice Foundation\",\"url\":\"https:\/\/hopeandjusticefoundation.com\/\",\"logo\":{\"@type\":\"ImageObject\",\"inLanguage\":\"pt-BR\",\"@id\":\"https:\/\/hopeandjusticefoundation.com\/#\/schema\/logo\/image\/\",\"url\":\"https:\/\/hopeandjusticefoundation.com\/wp-content\/uploads\/2022\/03\/logo-hope-justice-new.png\",\"contentUrl\":\"https:\/\/hopeandjusticefoundation.com\/wp-content\/uploads\/2022\/03\/logo-hope-justice-new.png\",\"width\":500,\"height\":500,\"caption\":\"Hope &amp; Justice Foundation\"},\"image\":{\"@id\":\"https:\/\/hopeandjusticefoundation.com\/#\/schema\/logo\/image\/\"}}]}<\/script>\n<!-- \/ Yoast SEO plugin. -->","yoast_head_json":{"title":"PERFORMANCE - Hope &amp; Justice Foundation","robots":{"index":"index","follow":"follow","max-snippet":"max-snippet:-1","max-image-preview":"max-image-preview:large","max-video-preview":"max-video-preview:-1"},"canonical":"https:\/\/hopeandjusticefoundation.com\/pt\/performance\/","og_locale":"pt_BR","og_type":"article","og_title":"PERFORMANCE - Hope &amp; Justice Foundation","og_description":"Prevention EDUCATION AND AWARENESS PROGRAMS IN COMMUNITIES, PROFESSIONAL TRAINING FIRST AID MEDICAL, PSYCHIATRIC AND PSYCHOLOGICAL ASSISTANCE AND TREATMENT RESTORATIVE THERAPIES SOCIAL REINSERTION PROFESSIONAL TECHNICAL TRAINING REINSERTION IN THE LABOR MARKET LEGAL ASSISTANCE Protection STUDY AND RESEARCH PROGRAMS TO PROPOSE PUBLIC POLICIES AND LAW PROJECTS FOR THE PREVENTION AND COMBAT AGAINST THESE HIDEOUS CRIMES Research Repression &hellip; Continue lendo \"PERFORMANCE\"","og_url":"https:\/\/hopeandjusticefoundation.com\/pt\/performance\/","og_site_name":"Hope &amp; Justice Foundation","article_modified_time":"2022-10-10T13:32:04+00:00","og_image":[{"width":1057,"height":962,"url":"https:\/\/hopeandjusticefoundation.com\/wp-content\/uploads\/2022\/05\/shareimage.jpg","type":"image\/jpeg"}],"twitter_card":"summary_large_image","twitter_misc":{"Est. tempo de leitura":"1 minuto"},"schema":{"@context":"https:\/\/schema.org","@graph":[{"@type":"WebPage","@id":"https:\/\/hopeandjusticefoundation.com\/performance\/","url":"https:\/\/hopeandjusticefoundation.com\/performance\/","name":"PERFORMANCE - Hope &amp; Justice Foundation","isPartOf":{"@id":"https:\/\/hopeandjusticefoundation.com\/#website"},"datePublished":"2022-03-28T19:55:45+00:00","dateModified":"2022-10-10T13:32:04+00:00","breadcrumb":{"@id":"https:\/\/hopeandjusticefoundation.com\/performance\/#breadcrumb"},"inLanguage":"pt-BR","potentialAction":[{"@type":"ReadAction","target":["https:\/\/hopeandjusticefoundation.com\/performance\/"]}]},{"@type":"BreadcrumbList","@id":"https:\/\/hopeandjusticefoundation.com\/performance\/#breadcrumb","itemListElement":[{"@type":"ListItem","position":1,"name":"In\u00edcio","item":"https:\/\/hopeandjusticefoundation.com\/"},{"@type":"ListItem","position":2,"name":"PERFORMANCE"}]},{"@type":"WebSite","@id":"https:\/\/hopeandjusticefoundation.com\/#website","url":"https:\/\/hopeandjusticefoundation.com\/","name":"Hope &amp; Justice Foundation","description":"Combate ao tr\u00e1fico humano - hope &amp; justice","publisher":{"@id":"https:\/\/hopeandjusticefoundation.com\/#organization"},"potentialAction":[{"@type":"SearchAction","target":{"@type":"EntryPoint","urlTemplate":"https:\/\/hopeandjusticefoundation.com\/?s={search_term_string}"},"query-input":{"@type":"PropertyValueSpecification","valueRequired":true,"valueName":"search_term_string"}}],"inLanguage":"pt-BR"},{"@type":"Organization","@id":"https:\/\/hopeandjusticefoundation.com\/#organization","name":"Hope &amp; Justice Foundation","url":"https:\/\/hopeandjusticefoundation.com\/","logo":{"@type":"ImageObject","inLanguage":"pt-BR","@id":"https:\/\/hopeandjusticefoundation.com\/#\/schema\/logo\/image\/","url":"https:\/\/hopeandjusticefoundation.com\/wp-content\/uploads\/2022\/03\/logo-hope-justice-new.png","contentUrl":"https:\/\/hopeandjusticefoundation.com\/wp-content\/uploads\/2022\/03\/logo-hope-justice-new.png","width":500,"height":500,"caption":"Hope &amp; Justice Foundation"},"image":{"@id":"https:\/\/hopeandjusticefoundation.com\/#\/schema\/logo\/image\/"}}]}},"_links":{"self":[{"href":"https:\/\/hopeandjusticefoundation.com\/pt\/wp-json\/wp\/v2\/pages\/37","targetHints":{"allow":["GET"]}}],"collection":[{"href":"https:\/\/hopeandjusticefoundation.com\/pt\/wp-json\/wp\/v2\/pages"}],"about":[{"href":"https:\/\/hopeandjusticefoundation.com\/pt\/wp-json\/wp\/v2\/types\/page"}],"author":[{"embeddable":true,"href":"https:\/\/hopeandjusticefoundation.com\/pt\/wp-json\/wp\/v2\/users\/1"}],"replies":[{"embeddable":true,"href":"https:\/\/hopeandjusticefoundation.com\/pt\/wp-json\/wp\/v2\/comments?post=37"}],"version-history":[{"count":3,"href":"https:\/\/hopeandjusticefoundation.com\/pt\/wp-json\/wp\/v2\/pages\/37\/revisions"}],"predecessor-version":[{"id":2650,"href":"https:\/\/hopeandjusticefoundation.com\/pt\/wp-json\/wp\/v2\/pages\/37\/revisions\/2650"}],"wp:attachment":[{"href":"https:\/\/hopeandjusticefoundation.com\/pt\/wp-json\/wp\/v2\/media?parent=37"}],"curies":[{"name":"wp","href":"https:\/\/api.w.org\/{rel}","templated":true}]}}