{"id":2855,"date":"2023-03-24T19:55:55","date_gmt":"2023-03-24T22:55:55","guid":{"rendered":"https:\/\/hopeandjusticefoundation.com\/?page_id=2855"},"modified":"2023-03-27T10:07:12","modified_gmt":"2023-03-27T13:07:12","slug":"public-session-at-orange-county-city-hall","status":"publish","type":"page","link":"https:\/\/hopeandjusticefoundation.com\/pt\/events\/public-session-at-orange-county-city-hall\/","title":{"rendered":"Sess\u00e3o p\u00fablica na Prefeitura de Orange County"},"content":{"rendered":"<div data-elementor-type=\"wp-page\" data-elementor-id=\"2855\" class=\"elementor elementor-2855\" data-elementor-post-type=\"page\">\n\t\t\t\t\t\t<section class=\"elementor-section elementor-top-section elementor-element elementor-element-cb29b9d elementor-section-boxed elementor-section-height-default elementor-section-height-default\" data-id=\"cb29b9d\" data-element_type=\"section\">\n\t\t\t\t\t\t<div class=\"elementor-container elementor-column-gap-default\">\n\t\t\t\t\t<div class=\"elementor-column elementor-col-100 elementor-top-column elementor-element elementor-element-3e57e27\" data-id=\"3e57e27\" data-element_type=\"column\">\n\t\t\t<div class=\"elementor-widget-wrap elementor-element-populated\">\n\t\t\t\t\t\t<div class=\"elementor-element elementor-element-b361f98 elementor-widget elementor-widget-text-editor\" data-id=\"b361f98\" data-element_type=\"widget\" data-widget_type=\"text-editor.default\">\n\t\t\t\t<div class=\"elementor-widget-container\">\n\t\t\t\t\t\t\t\t\t<p>Sess\u00e3o de inclus\u00e3o da l\u00edngua portuguesa (Brasil), entre outras como espanhol, vietnamita e crioulo haitiano, nos canais de comunica\u00e7\u00e3o dos servi\u00e7os p\u00fablicos, como atendimento \u00e0 crescente popula\u00e7\u00e3o de residentes imigrantes, tendo o ingl\u00eas como segunda l\u00edngua, que mant\u00e9m barreiras precisar de apoio de servi\u00e7os p\u00fablicos na \u00e1rea de Orange County, onde Orlando est\u00e1 localizado.<br \/>A Funda\u00e7\u00e3o Esperan\u00e7a &amp; Justi\u00e7a, na pessoa de sua presidente e fundadora Anna Alves-Lazaro, esteve presente para apoiar a vota\u00e7\u00e3o deste importante projeto de lei, e tamb\u00e9m se colocou \u00e0 disposi\u00e7\u00e3o para apoiar \u00f3rg\u00e3os p\u00fablicos no desenvolvimento deste trabalho e registrar nosso apoio \u00e0 a comunidade brasileira em Orlando e Central, Fl\u00f3rida, al\u00e9m de ser a voz das v\u00edtimas e sobreviventes do tr\u00e1fico humano, viol\u00eancia dom\u00e9stica e explora\u00e7\u00e3o e abuso sexual infantil.<\/p><p>O Embaixador Unaldo Eug\u00eanio Vieira de Sousa e outras autoridades representantes do Consulado Brasileiro em Orlando tamb\u00e9m estiveram presentes, demonstrando o padr\u00e3o da comunidade brasileira na regi\u00e3o.<\/p>\t\t\t\t\t\t\t\t<\/div>\n\t\t\t\t<\/div>\n\t\t\t\t<div class=\"elementor-element elementor-element-fb6d0e5 elementor-widget elementor-widget-gallery\" data-id=\"fb6d0e5\" data-element_type=\"widget\" data-settings=\"{&quot;columns&quot;:5,&quot;columns_tablet&quot;:4,&quot;columns_mobile&quot;:3,&quot;lazyload&quot;:&quot;yes&quot;,&quot;gallery_layout&quot;:&quot;grid&quot;,&quot;gap&quot;:{&quot;unit&quot;:&quot;px&quot;,&quot;size&quot;:10,&quot;sizes&quot;:[]},&quot;gap_tablet&quot;:{&quot;unit&quot;:&quot;px&quot;,&quot;size&quot;:10,&quot;sizes&quot;:[]},&quot;gap_mobile&quot;:{&quot;unit&quot;:&quot;px&quot;,&quot;size&quot;:10,&quot;sizes&quot;:[]},&quot;link_to&quot;:&quot;file&quot;,&quot;aspect_ratio&quot;:&quot;3:2&quot;,&quot;overlay_background&quot;:&quot;yes&quot;,&quot;content_hover_animation&quot;:&quot;fade-in&quot;}\" data-widget_type=\"gallery.default\">\n\t\t\t\t<div class=\"elementor-widget-container\">\n\t\t\t\t\t\t\t<div class=\"elementor-gallery__container\">\n\t\t\t\t\t\t\t<a class=\"e-gallery-item elementor-gallery-item elementor-animated-content\" href=\"https:\/\/hopeandjusticefoundation.com\/wp-content\/uploads\/2023\/03\/WhatsApp-Image-2023-03-21-at-11.45.20.jpeg\" data-elementor-open-lightbox=\"yes\" data-elementor-lightbox-slideshow=\"fb6d0e5\" data-elementor-lightbox-title=\"WhatsApp Image 2023-03-21 at 11.45.20\" data-e-action-hash=\"#elementor-action%3Aaction%3Dlightbox%26settings%3DeyJpZCI6Mjg2OSwidXJsIjoiaHR0cHM6XC9cL2hvcGVhbmRqdXN0aWNlZm91bmRhdGlvbi5jb21cL3dwLWNvbnRlbnRcL3VwbG9hZHNcLzIwMjNcLzAzXC9XaGF0c0FwcC1JbWFnZS0yMDIzLTAzLTIxLWF0LTExLjQ1LjIwLmpwZWciLCJzbGlkZXNob3ciOiJmYjZkMGU1In0%3D\">\n\t\t\t\t\t<div class=\"e-gallery-image elementor-gallery-item__image\" data-thumbnail=\"https:\/\/hopeandjusticefoundation.com\/wp-content\/uploads\/2023\/03\/WhatsApp-Image-2023-03-21-at-11.45.20-300x225.jpeg\" data-width=\"300\" data-height=\"225\" aria-label=\"\" role=\"img\" ><\/div>\n\t\t\t\t\t\t\t\t\t\t\t<div class=\"elementor-gallery-item__overlay\"><\/div>\n\t\t\t\t\t\t\t\t\t\t\t\t\t\t<\/a>\n\t\t\t\t\t\t\t<a class=\"e-gallery-item elementor-gallery-item elementor-animated-content\" href=\"https:\/\/hopeandjusticefoundation.com\/wp-content\/uploads\/2023\/03\/WhatsApp-Image-2023-03-21-at-11.45.21.jpeg\" data-elementor-open-lightbox=\"yes\" data-elementor-lightbox-slideshow=\"fb6d0e5\" data-elementor-lightbox-title=\"WhatsApp Image 2023-03-21 at 11.45.21\" data-e-action-hash=\"#elementor-action%3Aaction%3Dlightbox%26settings%3DeyJpZCI6Mjg3MCwidXJsIjoiaHR0cHM6XC9cL2hvcGVhbmRqdXN0aWNlZm91bmRhdGlvbi5jb21cL3dwLWNvbnRlbnRcL3VwbG9hZHNcLzIwMjNcLzAzXC9XaGF0c0FwcC1JbWFnZS0yMDIzLTAzLTIxLWF0LTExLjQ1LjIxLmpwZWciLCJzbGlkZXNob3ciOiJmYjZkMGU1In0%3D\">\n\t\t\t\t\t<div class=\"e-gallery-image elementor-gallery-item__image\" data-thumbnail=\"https:\/\/hopeandjusticefoundation.com\/wp-content\/uploads\/2023\/03\/WhatsApp-Image-2023-03-21-at-11.45.21-225x300.jpeg\" data-width=\"225\" data-height=\"300\" aria-label=\"\" role=\"img\" ><\/div>\n\t\t\t\t\t\t\t\t\t\t\t<div class=\"elementor-gallery-item__overlay\"><\/div>\n\t\t\t\t\t\t\t\t\t\t\t\t\t\t<\/a>\n\t\t\t\t\t\t\t<a class=\"e-gallery-item elementor-gallery-item elementor-animated-content\" href=\"https:\/\/hopeandjusticefoundation.com\/wp-content\/uploads\/2023\/03\/WhatsApp-Image-2023-03-21-at-12.44.00-1.jpeg\" data-elementor-open-lightbox=\"yes\" data-elementor-lightbox-slideshow=\"fb6d0e5\" data-elementor-lightbox-title=\"WhatsApp Image 2023-03-21 at 12.44.00 (1)\" data-e-action-hash=\"#elementor-action%3Aaction%3Dlightbox%26settings%3DeyJpZCI6Mjg3MSwidXJsIjoiaHR0cHM6XC9cL2hvcGVhbmRqdXN0aWNlZm91bmRhdGlvbi5jb21cL3dwLWNvbnRlbnRcL3VwbG9hZHNcLzIwMjNcLzAzXC9XaGF0c0FwcC1JbWFnZS0yMDIzLTAzLTIxLWF0LTEyLjQ0LjAwLTEuanBlZyIsInNsaWRlc2hvdyI6ImZiNmQwZTUifQ%3D%3D\">\n\t\t\t\t\t<div class=\"e-gallery-image elementor-gallery-item__image\" data-thumbnail=\"https:\/\/hopeandjusticefoundation.com\/wp-content\/uploads\/2023\/03\/WhatsApp-Image-2023-03-21-at-12.44.00-1-225x300.jpeg\" data-width=\"225\" data-height=\"300\" aria-label=\"\" role=\"img\" ><\/div>\n\t\t\t\t\t\t\t\t\t\t\t<div class=\"elementor-gallery-item__overlay\"><\/div>\n\t\t\t\t\t\t\t\t\t\t\t\t\t\t<\/a>\n\t\t\t\t\t\t\t<a class=\"e-gallery-item elementor-gallery-item elementor-animated-content\" href=\"https:\/\/hopeandjusticefoundation.com\/wp-content\/uploads\/2023\/03\/WhatsApp-Image-2023-03-21-at-12.44.00-2.jpeg\" data-elementor-open-lightbox=\"yes\" data-elementor-lightbox-slideshow=\"fb6d0e5\" data-elementor-lightbox-title=\"WhatsApp Image 2023-03-21 at 12.44.00 (2)\" data-e-action-hash=\"#elementor-action%3Aaction%3Dlightbox%26settings%3DeyJpZCI6Mjg3MiwidXJsIjoiaHR0cHM6XC9cL2hvcGVhbmRqdXN0aWNlZm91bmRhdGlvbi5jb21cL3dwLWNvbnRlbnRcL3VwbG9hZHNcLzIwMjNcLzAzXC9XaGF0c0FwcC1JbWFnZS0yMDIzLTAzLTIxLWF0LTEyLjQ0LjAwLTIuanBlZyIsInNsaWRlc2hvdyI6ImZiNmQwZTUifQ%3D%3D\">\n\t\t\t\t\t<div class=\"e-gallery-image elementor-gallery-item__image\" data-thumbnail=\"https:\/\/hopeandjusticefoundation.com\/wp-content\/uploads\/2023\/03\/WhatsApp-Image-2023-03-21-at-12.44.00-2-300x225.jpeg\" data-width=\"300\" data-height=\"225\" aria-label=\"\" role=\"img\" ><\/div>\n\t\t\t\t\t\t\t\t\t\t\t<div class=\"elementor-gallery-item__overlay\"><\/div>\n\t\t\t\t\t\t\t\t\t\t\t\t\t\t<\/a>\n\t\t\t\t\t\t\t<a class=\"e-gallery-item elementor-gallery-item elementor-animated-content\" href=\"https:\/\/hopeandjusticefoundation.com\/wp-content\/uploads\/2023\/03\/WhatsApp-Image-2023-03-21-at-12.44.00.jpeg\" data-elementor-open-lightbox=\"yes\" data-elementor-lightbox-slideshow=\"fb6d0e5\" data-elementor-lightbox-title=\"WhatsApp Image 2023-03-21 at 12.44.00\" data-e-action-hash=\"#elementor-action%3Aaction%3Dlightbox%26settings%3DeyJpZCI6Mjg3MywidXJsIjoiaHR0cHM6XC9cL2hvcGVhbmRqdXN0aWNlZm91bmRhdGlvbi5jb21cL3dwLWNvbnRlbnRcL3VwbG9hZHNcLzIwMjNcLzAzXC9XaGF0c0FwcC1JbWFnZS0yMDIzLTAzLTIxLWF0LTEyLjQ0LjAwLmpwZWciLCJzbGlkZXNob3ciOiJmYjZkMGU1In0%3D\">\n\t\t\t\t\t<div class=\"e-gallery-image elementor-gallery-item__image\" data-thumbnail=\"https:\/\/hopeandjusticefoundation.com\/wp-content\/uploads\/2023\/03\/WhatsApp-Image-2023-03-21-at-12.44.00-300x139.jpeg\" data-width=\"300\" data-height=\"139\" aria-label=\"\" role=\"img\" ><\/div>\n\t\t\t\t\t\t\t\t\t\t\t<div class=\"elementor-gallery-item__overlay\"><\/div>\n\t\t\t\t\t\t\t\t\t\t\t\t\t\t<\/a>\n\t\t\t\t\t\t\t<a class=\"e-gallery-item elementor-gallery-item elementor-animated-content\" href=\"https:\/\/hopeandjusticefoundation.com\/wp-content\/uploads\/2023\/03\/WhatsApp-Image-2023-03-21-at-12.44.01.jpeg\" data-elementor-open-lightbox=\"yes\" data-elementor-lightbox-slideshow=\"fb6d0e5\" data-elementor-lightbox-title=\"WhatsApp Image 2023-03-21 at 12.44.01\" data-e-action-hash=\"#elementor-action%3Aaction%3Dlightbox%26settings%3DeyJpZCI6Mjg3NCwidXJsIjoiaHR0cHM6XC9cL2hvcGVhbmRqdXN0aWNlZm91bmRhdGlvbi5jb21cL3dwLWNvbnRlbnRcL3VwbG9hZHNcLzIwMjNcLzAzXC9XaGF0c0FwcC1JbWFnZS0yMDIzLTAzLTIxLWF0LTEyLjQ0LjAxLmpwZWciLCJzbGlkZXNob3ciOiJmYjZkMGU1In0%3D\">\n\t\t\t\t\t<div class=\"e-gallery-image elementor-gallery-item__image\" data-thumbnail=\"https:\/\/hopeandjusticefoundation.com\/wp-content\/uploads\/2023\/03\/WhatsApp-Image-2023-03-21-at-12.44.01-300x225.jpeg\" data-width=\"300\" data-height=\"225\" aria-label=\"\" role=\"img\" ><\/div>\n\t\t\t\t\t\t\t\t\t\t\t<div class=\"elementor-gallery-item__overlay\"><\/div>\n\t\t\t\t\t\t\t\t\t\t\t\t\t\t<\/a>\n\t\t\t\t\t\t\t<a class=\"e-gallery-item elementor-gallery-item elementor-animated-content\" href=\"https:\/\/hopeandjusticefoundation.com\/wp-content\/uploads\/2023\/03\/WhatsApp-Image-2023-03-21-at-13.01.46.jpeg\" data-elementor-open-lightbox=\"yes\" data-elementor-lightbox-slideshow=\"fb6d0e5\" data-elementor-lightbox-title=\"WhatsApp Image 2023-03-21 at 13.01.46\" data-e-action-hash=\"#elementor-action%3Aaction%3Dlightbox%26settings%3DeyJpZCI6Mjg3NSwidXJsIjoiaHR0cHM6XC9cL2hvcGVhbmRqdXN0aWNlZm91bmRhdGlvbi5jb21cL3dwLWNvbnRlbnRcL3VwbG9hZHNcLzIwMjNcLzAzXC9XaGF0c0FwcC1JbWFnZS0yMDIzLTAzLTIxLWF0LTEzLjAxLjQ2LmpwZWciLCJzbGlkZXNob3ciOiJmYjZkMGU1In0%3D\">\n\t\t\t\t\t<div class=\"e-gallery-image elementor-gallery-item__image\" data-thumbnail=\"https:\/\/hopeandjusticefoundation.com\/wp-content\/uploads\/2023\/03\/WhatsApp-Image-2023-03-21-at-13.01.46-225x300.jpeg\" data-width=\"225\" data-height=\"300\" aria-label=\"\" role=\"img\" ><\/div>\n\t\t\t\t\t\t\t\t\t\t\t<div class=\"elementor-gallery-item__overlay\"><\/div>\n\t\t\t\t\t\t\t\t\t\t\t\t\t\t<\/a>\n\t\t\t\t\t\t\t<a class=\"e-gallery-item elementor-gallery-item elementor-animated-content\" href=\"https:\/\/hopeandjusticefoundation.com\/wp-content\/uploads\/2023\/03\/WhatsApp-Image-2023-03-21-at-11.45.19.jpeg\" data-elementor-open-lightbox=\"yes\" data-elementor-lightbox-slideshow=\"fb6d0e5\" data-elementor-lightbox-title=\"WhatsApp Image 2023-03-21 at 11.45.19\" data-e-action-hash=\"#elementor-action%3Aaction%3Dlightbox%26settings%3DeyJpZCI6Mjg3NywidXJsIjoiaHR0cHM6XC9cL2hvcGVhbmRqdXN0aWNlZm91bmRhdGlvbi5jb21cL3dwLWNvbnRlbnRcL3VwbG9hZHNcLzIwMjNcLzAzXC9XaGF0c0FwcC1JbWFnZS0yMDIzLTAzLTIxLWF0LTExLjQ1LjE5LmpwZWciLCJzbGlkZXNob3ciOiJmYjZkMGU1In0%3D\">\n\t\t\t\t\t<div class=\"e-gallery-image elementor-gallery-item__image\" data-thumbnail=\"https:\/\/hopeandjusticefoundation.com\/wp-content\/uploads\/2023\/03\/WhatsApp-Image-2023-03-21-at-11.45.19-225x300.jpeg\" data-width=\"225\" data-height=\"300\" aria-label=\"\" role=\"img\" ><\/div>\n\t\t\t\t\t\t\t\t\t\t\t<div class=\"elementor-gallery-item__overlay\"><\/div>\n\t\t\t\t\t\t\t\t\t\t\t\t\t\t<\/a>\n\t\t\t\t\t\t\t<a class=\"e-gallery-item elementor-gallery-item elementor-animated-content\" href=\"https:\/\/hopeandjusticefoundation.com\/wp-content\/uploads\/2023\/03\/WhatsApp-Image-2023-03-21-at-11.45.20-1.jpeg\" data-elementor-open-lightbox=\"yes\" data-elementor-lightbox-slideshow=\"fb6d0e5\" data-elementor-lightbox-title=\"WhatsApp Image 2023-03-21 at 11.45.20 (1)\" data-e-action-hash=\"#elementor-action%3Aaction%3Dlightbox%26settings%3DeyJpZCI6Mjg3OCwidXJsIjoiaHR0cHM6XC9cL2hvcGVhbmRqdXN0aWNlZm91bmRhdGlvbi5jb21cL3dwLWNvbnRlbnRcL3VwbG9hZHNcLzIwMjNcLzAzXC9XaGF0c0FwcC1JbWFnZS0yMDIzLTAzLTIxLWF0LTExLjQ1LjIwLTEuanBlZyIsInNsaWRlc2hvdyI6ImZiNmQwZTUifQ%3D%3D\">\n\t\t\t\t\t<div class=\"e-gallery-image elementor-gallery-item__image\" data-thumbnail=\"https:\/\/hopeandjusticefoundation.com\/wp-content\/uploads\/2023\/03\/WhatsApp-Image-2023-03-21-at-11.45.20-1-300x225.jpeg\" data-width=\"300\" data-height=\"225\" aria-label=\"\" role=\"img\" ><\/div>\n\t\t\t\t\t\t\t\t\t\t\t<div class=\"elementor-gallery-item__overlay\"><\/div>\n\t\t\t\t\t\t\t\t\t\t\t\t\t\t<\/a>\n\t\t\t\t\t<\/div>\n\t\t\t\t\t<\/div>\n\t\t\t\t<\/div>\n\t\t\t\t\t<\/div>\n\t\t<\/div>\n\t\t\t\t\t<\/div>\n\t\t<\/section>\n\t\t\t\t<\/div>","protected":false},"excerpt":{"rendered":"<p>Session to include the Portuguese language (Brazil), among others such as Spanish, Vietnamese and Haitian Creole, in the communication channels of public services, as a service to the growing population of immigrant residents, with English as a second language, which keeps barriers to need support from utilities in the Orange County area where Orlando is &hellip; <\/p>\n<p class=\"link-more\"><a href=\"https:\/\/hopeandjusticefoundation.com\/pt\/events\/public-session-at-orange-county-city-hall\/\" class=\"more-link\">Continue lendo<span class=\"screen-reader-text\"> &#8220;Public Session at Orange County City Hall&#8221;<\/span><\/a><\/p>","protected":false},"author":1,"featured_media":0,"parent":1243,"menu_order":0,"comment_status":"closed","ping_status":"closed","template":"elementor_header_footer","meta":{"footnotes":""},"class_list":["post-2855","page","type-page","status-publish","hentry"],"aioseo_notices":[],"yoast_head":"<!-- This site is optimized with the Yoast SEO plugin v26.5 - https:\/\/yoast.com\/wordpress\/plugins\/seo\/ -->\n<title>Public Session at Orange County City Hall - Hope &amp; Justice Foundation<\/title>\n<meta name=\"robots\" content=\"index, follow, max-snippet:-1, max-image-preview:large, max-video-preview:-1\" \/>\n<link rel=\"canonical\" href=\"https:\/\/hopeandjusticefoundation.com\/pt\/events\/public-session-at-orange-county-city-hall\/\" \/>\n<meta property=\"og:locale\" content=\"pt_BR\" \/>\n<meta property=\"og:type\" content=\"article\" \/>\n<meta property=\"og:title\" content=\"Public Session at Orange County City Hall - Hope &amp; Justice Foundation\" \/>\n<meta property=\"og:description\" content=\"Session to include the Portuguese language (Brazil), among others such as Spanish, Vietnamese and Haitian Creole, in the communication channels of public services, as a service to the growing population of immigrant residents, with English as a second language, which keeps barriers to need support from utilities in the Orange County area where Orlando is &hellip; Continue lendo &quot;Public Session at Orange County City Hall&quot;\" \/>\n<meta property=\"og:url\" content=\"https:\/\/hopeandjusticefoundation.com\/pt\/events\/public-session-at-orange-county-city-hall\/\" \/>\n<meta property=\"og:site_name\" content=\"Hope &amp; Justice Foundation\" \/>\n<meta property=\"article:modified_time\" content=\"2023-03-27T13:07:12+00:00\" \/>\n<meta property=\"og:image\" content=\"https:\/\/hopeandjusticefoundation.com\/wp-content\/uploads\/2022\/05\/shareimage.jpg\" \/>\n\t<meta property=\"og:image:width\" content=\"1057\" \/>\n\t<meta property=\"og:image:height\" content=\"962\" \/>\n\t<meta property=\"og:image:type\" content=\"image\/jpeg\" \/>\n<meta name=\"twitter:card\" content=\"summary_large_image\" \/>\n<meta name=\"twitter:label1\" content=\"Est. tempo de leitura\" \/>\n\t<meta name=\"twitter:data1\" content=\"1 minuto\" \/>\n<script type=\"application\/ld+json\" class=\"yoast-schema-graph\">{\"@context\":\"https:\/\/schema.org\",\"@graph\":[{\"@type\":\"WebPage\",\"@id\":\"https:\/\/hopeandjusticefoundation.com\/events\/public-session-at-orange-county-city-hall\/\",\"url\":\"https:\/\/hopeandjusticefoundation.com\/events\/public-session-at-orange-county-city-hall\/\",\"name\":\"Public Session at Orange County City Hall - Hope &amp; Justice Foundation\",\"isPartOf\":{\"@id\":\"https:\/\/hopeandjusticefoundation.com\/#website\"},\"datePublished\":\"2023-03-24T22:55:55+00:00\",\"dateModified\":\"2023-03-27T13:07:12+00:00\",\"breadcrumb\":{\"@id\":\"https:\/\/hopeandjusticefoundation.com\/events\/public-session-at-orange-county-city-hall\/#breadcrumb\"},\"inLanguage\":\"pt-BR\",\"potentialAction\":[{\"@type\":\"ReadAction\",\"target\":[\"https:\/\/hopeandjusticefoundation.com\/events\/public-session-at-orange-county-city-hall\/\"]}]},{\"@type\":\"BreadcrumbList\",\"@id\":\"https:\/\/hopeandjusticefoundation.com\/events\/public-session-at-orange-county-city-hall\/#breadcrumb\",\"itemListElement\":[{\"@type\":\"ListItem\",\"position\":1,\"name\":\"In\u00edcio\",\"item\":\"https:\/\/hopeandjusticefoundation.com\/\"},{\"@type\":\"ListItem\",\"position\":2,\"name\":\"EVENTS\",\"item\":\"https:\/\/hopeandjusticefoundation.com\/events\/\"},{\"@type\":\"ListItem\",\"position\":3,\"name\":\"Public Session at Orange County City Hall\"}]},{\"@type\":\"WebSite\",\"@id\":\"https:\/\/hopeandjusticefoundation.com\/#website\",\"url\":\"https:\/\/hopeandjusticefoundation.com\/\",\"name\":\"Hope &amp; Justice Foundation\",\"description\":\"Combate ao tr\u00e1fico humano - hope &amp; justice\",\"publisher\":{\"@id\":\"https:\/\/hopeandjusticefoundation.com\/#organization\"},\"potentialAction\":[{\"@type\":\"SearchAction\",\"target\":{\"@type\":\"EntryPoint\",\"urlTemplate\":\"https:\/\/hopeandjusticefoundation.com\/?s={search_term_string}\"},\"query-input\":{\"@type\":\"PropertyValueSpecification\",\"valueRequired\":true,\"valueName\":\"search_term_string\"}}],\"inLanguage\":\"pt-BR\"},{\"@type\":\"Organization\",\"@id\":\"https:\/\/hopeandjusticefoundation.com\/#organization\",\"name\":\"Hope &amp; Justice Foundation\",\"url\":\"https:\/\/hopeandjusticefoundation.com\/\",\"logo\":{\"@type\":\"ImageObject\",\"inLanguage\":\"pt-BR\",\"@id\":\"https:\/\/hopeandjusticefoundation.com\/#\/schema\/logo\/image\/\",\"url\":\"https:\/\/hopeandjusticefoundation.com\/wp-content\/uploads\/2022\/03\/logo-hope-justice-new.png\",\"contentUrl\":\"https:\/\/hopeandjusticefoundation.com\/wp-content\/uploads\/2022\/03\/logo-hope-justice-new.png\",\"width\":500,\"height\":500,\"caption\":\"Hope &amp; Justice Foundation\"},\"image\":{\"@id\":\"https:\/\/hopeandjusticefoundation.com\/#\/schema\/logo\/image\/\"}}]}<\/script>\n<!-- \/ Yoast SEO plugin. -->","yoast_head_json":{"title":"Public Session at Orange County City Hall - Hope &amp; Justice Foundation","robots":{"index":"index","follow":"follow","max-snippet":"max-snippet:-1","max-image-preview":"max-image-preview:large","max-video-preview":"max-video-preview:-1"},"canonical":"https:\/\/hopeandjusticefoundation.com\/pt\/events\/public-session-at-orange-county-city-hall\/","og_locale":"pt_BR","og_type":"article","og_title":"Public Session at Orange County City Hall - Hope &amp; Justice Foundation","og_description":"Session to include the Portuguese language (Brazil), among others such as Spanish, Vietnamese and Haitian Creole, in the communication channels of public services, as a service to the growing population of immigrant residents, with English as a second language, which keeps barriers to need support from utilities in the Orange County area where Orlando is &hellip; Continue lendo \"Public Session at Orange County City Hall\"","og_url":"https:\/\/hopeandjusticefoundation.com\/pt\/events\/public-session-at-orange-county-city-hall\/","og_site_name":"Hope &amp; Justice Foundation","article_modified_time":"2023-03-27T13:07:12+00:00","og_image":[{"width":1057,"height":962,"url":"https:\/\/hopeandjusticefoundation.com\/wp-content\/uploads\/2022\/05\/shareimage.jpg","type":"image\/jpeg"}],"twitter_card":"summary_large_image","twitter_misc":{"Est. tempo de leitura":"1 minuto"},"schema":{"@context":"https:\/\/schema.org","@graph":[{"@type":"WebPage","@id":"https:\/\/hopeandjusticefoundation.com\/events\/public-session-at-orange-county-city-hall\/","url":"https:\/\/hopeandjusticefoundation.com\/events\/public-session-at-orange-county-city-hall\/","name":"Public Session at Orange County City Hall - Hope &amp; Justice Foundation","isPartOf":{"@id":"https:\/\/hopeandjusticefoundation.com\/#website"},"datePublished":"2023-03-24T22:55:55+00:00","dateModified":"2023-03-27T13:07:12+00:00","breadcrumb":{"@id":"https:\/\/hopeandjusticefoundation.com\/events\/public-session-at-orange-county-city-hall\/#breadcrumb"},"inLanguage":"pt-BR","potentialAction":[{"@type":"ReadAction","target":["https:\/\/hopeandjusticefoundation.com\/events\/public-session-at-orange-county-city-hall\/"]}]},{"@type":"BreadcrumbList","@id":"https:\/\/hopeandjusticefoundation.com\/events\/public-session-at-orange-county-city-hall\/#breadcrumb","itemListElement":[{"@type":"ListItem","position":1,"name":"In\u00edcio","item":"https:\/\/hopeandjusticefoundation.com\/"},{"@type":"ListItem","position":2,"name":"EVENTS","item":"https:\/\/hopeandjusticefoundation.com\/events\/"},{"@type":"ListItem","position":3,"name":"Public Session at Orange County City Hall"}]},{"@type":"WebSite","@id":"https:\/\/hopeandjusticefoundation.com\/#website","url":"https:\/\/hopeandjusticefoundation.com\/","name":"Hope &amp; Justice Foundation","description":"Combate ao tr\u00e1fico humano - hope &amp; justice","publisher":{"@id":"https:\/\/hopeandjusticefoundation.com\/#organization"},"potentialAction":[{"@type":"SearchAction","target":{"@type":"EntryPoint","urlTemplate":"https:\/\/hopeandjusticefoundation.com\/?s={search_term_string}"},"query-input":{"@type":"PropertyValueSpecification","valueRequired":true,"valueName":"search_term_string"}}],"inLanguage":"pt-BR"},{"@type":"Organization","@id":"https:\/\/hopeandjusticefoundation.com\/#organization","name":"Hope &amp; Justice Foundation","url":"https:\/\/hopeandjusticefoundation.com\/","logo":{"@type":"ImageObject","inLanguage":"pt-BR","@id":"https:\/\/hopeandjusticefoundation.com\/#\/schema\/logo\/image\/","url":"https:\/\/hopeandjusticefoundation.com\/wp-content\/uploads\/2022\/03\/logo-hope-justice-new.png","contentUrl":"https:\/\/hopeandjusticefoundation.com\/wp-content\/uploads\/2022\/03\/logo-hope-justice-new.png","width":500,"height":500,"caption":"Hope &amp; Justice Foundation"},"image":{"@id":"https:\/\/hopeandjusticefoundation.com\/#\/schema\/logo\/image\/"}}]}},"_links":{"self":[{"href":"https:\/\/hopeandjusticefoundation.com\/pt\/wp-json\/wp\/v2\/pages\/2855","targetHints":{"allow":["GET"]}}],"collection":[{"href":"https:\/\/hopeandjusticefoundation.com\/pt\/wp-json\/wp\/v2\/pages"}],"about":[{"href":"https:\/\/hopeandjusticefoundation.com\/pt\/wp-json\/wp\/v2\/types\/page"}],"author":[{"embeddable":true,"href":"https:\/\/hopeandjusticefoundation.com\/pt\/wp-json\/wp\/v2\/users\/1"}],"replies":[{"embeddable":true,"href":"https:\/\/hopeandjusticefoundation.com\/pt\/wp-json\/wp\/v2\/comments?post=2855"}],"version-history":[{"count":8,"href":"https:\/\/hopeandjusticefoundation.com\/pt\/wp-json\/wp\/v2\/pages\/2855\/revisions"}],"predecessor-version":[{"id":2920,"href":"https:\/\/hopeandjusticefoundation.com\/pt\/wp-json\/wp\/v2\/pages\/2855\/revisions\/2920"}],"up":[{"embeddable":true,"href":"https:\/\/hopeandjusticefoundation.com\/pt\/wp-json\/wp\/v2\/pages\/1243"}],"wp:attachment":[{"href":"https:\/\/hopeandjusticefoundation.com\/pt\/wp-json\/wp\/v2\/media?parent=2855"}],"curies":[{"name":"wp","href":"https:\/\/api.w.org\/{rel}","templated":true}]}}