{"id":2834,"date":"2023-03-24T19:52:46","date_gmt":"2023-03-24T22:52:46","guid":{"rendered":"https:\/\/hopeandjusticefoundation.com\/?page_id=2834"},"modified":"2023-03-27T10:11:20","modified_gmt":"2023-03-27T13:11:20","slug":"receiving-from-terra-at-the-hope-justice-foundation-03-20-2023","status":"publish","type":"page","link":"https:\/\/hopeandjusticefoundation.com\/pt\/receiving-from-terra-at-the-hope-justice-foundation-03-20-2023\/","title":{"rendered":"Recebendo do Terra na Hope &amp; Justice Foundation 20\/03\/2023"},"content":{"rendered":"<div data-elementor-type=\"wp-page\" data-elementor-id=\"2834\" class=\"elementor elementor-2834\" data-elementor-post-type=\"page\">\n\t\t\t\t\t\t<section class=\"elementor-section elementor-top-section elementor-element elementor-element-cb29b9d elementor-section-boxed elementor-section-height-default elementor-section-height-default\" data-id=\"cb29b9d\" data-element_type=\"section\">\n\t\t\t\t\t\t<div class=\"elementor-container elementor-column-gap-default\">\n\t\t\t\t\t<div class=\"elementor-column elementor-col-100 elementor-top-column elementor-element elementor-element-3e57e27\" data-id=\"3e57e27\" data-element_type=\"column\">\n\t\t\t<div class=\"elementor-widget-wrap elementor-element-populated\">\n\t\t\t\t\t\t<div class=\"elementor-element elementor-element-b361f98 elementor-widget elementor-widget-text-editor\" data-id=\"b361f98\" data-element_type=\"widget\" data-widget_type=\"text-editor.default\">\n\t\t\t\t<div class=\"elementor-widget-container\">\n\t\t\t\t\t\t\t\t\t<p>Segunda-feira recebemos a visita do TEAM doTerra aqui na funda\u00e7\u00e3o. Trocamos experi\u00eancias e conhecimentos e uma parceria que ir\u00e1 ajudar muitas pessoas pelo mundo.<br \/>Gratitude! \ud83d\udc99\ud83e\udde1\ud83d\udc9c<\/p>\t\t\t\t\t\t\t\t<\/div>\n\t\t\t\t<\/div>\n\t\t\t\t<div class=\"elementor-element elementor-element-fb6d0e5 elementor-widget elementor-widget-gallery\" data-id=\"fb6d0e5\" data-element_type=\"widget\" data-settings=\"{&quot;columns&quot;:5,&quot;columns_tablet&quot;:4,&quot;columns_mobile&quot;:3,&quot;lazyload&quot;:&quot;yes&quot;,&quot;gallery_layout&quot;:&quot;grid&quot;,&quot;gap&quot;:{&quot;unit&quot;:&quot;px&quot;,&quot;size&quot;:10,&quot;sizes&quot;:[]},&quot;gap_tablet&quot;:{&quot;unit&quot;:&quot;px&quot;,&quot;size&quot;:10,&quot;sizes&quot;:[]},&quot;gap_mobile&quot;:{&quot;unit&quot;:&quot;px&quot;,&quot;size&quot;:10,&quot;sizes&quot;:[]},&quot;link_to&quot;:&quot;file&quot;,&quot;aspect_ratio&quot;:&quot;3:2&quot;,&quot;overlay_background&quot;:&quot;yes&quot;,&quot;content_hover_animation&quot;:&quot;fade-in&quot;}\" data-widget_type=\"gallery.default\">\n\t\t\t\t<div class=\"elementor-widget-container\">\n\t\t\t\t\t\t\t<div class=\"elementor-gallery__container\">\n\t\t\t\t\t\t\t<a class=\"e-gallery-item elementor-gallery-item elementor-animated-content\" href=\"https:\/\/hopeandjusticefoundation.com\/wp-content\/uploads\/2023\/03\/WhatsApp-Image-2023-03-20-at-18.12.43-3.jpeg\" data-elementor-open-lightbox=\"yes\" data-elementor-lightbox-slideshow=\"fb6d0e5\" data-elementor-lightbox-title=\"WhatsApp Image 2023-03-20 at 18.12.43 (3)\" data-e-action-hash=\"#elementor-action%3Aaction%3Dlightbox%26settings%3DeyJpZCI6Mjg0NywidXJsIjoiaHR0cHM6XC9cL2hvcGVhbmRqdXN0aWNlZm91bmRhdGlvbi5jb21cL3dwLWNvbnRlbnRcL3VwbG9hZHNcLzIwMjNcLzAzXC9XaGF0c0FwcC1JbWFnZS0yMDIzLTAzLTIwLWF0LTE4LjEyLjQzLTMuanBlZyIsInNsaWRlc2hvdyI6ImZiNmQwZTUifQ%3D%3D\">\n\t\t\t\t\t<div class=\"e-gallery-image elementor-gallery-item__image\" data-thumbnail=\"https:\/\/hopeandjusticefoundation.com\/wp-content\/uploads\/2023\/03\/WhatsApp-Image-2023-03-20-at-18.12.43-3-300x225.jpeg\" data-width=\"300\" data-height=\"225\" aria-label=\"\" role=\"img\" ><\/div>\n\t\t\t\t\t\t\t\t\t\t\t<div class=\"elementor-gallery-item__overlay\"><\/div>\n\t\t\t\t\t\t\t\t\t\t\t\t\t\t<\/a>\n\t\t\t\t\t\t\t<a class=\"e-gallery-item elementor-gallery-item elementor-animated-content\" href=\"https:\/\/hopeandjusticefoundation.com\/wp-content\/uploads\/2023\/03\/WhatsApp-Image-2023-03-20-at-18.12.43-4.jpeg\" data-elementor-open-lightbox=\"yes\" data-elementor-lightbox-slideshow=\"fb6d0e5\" data-elementor-lightbox-title=\"WhatsApp Image 2023-03-20 at 18.12.43 (4)\" data-e-action-hash=\"#elementor-action%3Aaction%3Dlightbox%26settings%3DeyJpZCI6Mjg0OCwidXJsIjoiaHR0cHM6XC9cL2hvcGVhbmRqdXN0aWNlZm91bmRhdGlvbi5jb21cL3dwLWNvbnRlbnRcL3VwbG9hZHNcLzIwMjNcLzAzXC9XaGF0c0FwcC1JbWFnZS0yMDIzLTAzLTIwLWF0LTE4LjEyLjQzLTQuanBlZyIsInNsaWRlc2hvdyI6ImZiNmQwZTUifQ%3D%3D\">\n\t\t\t\t\t<div class=\"e-gallery-image elementor-gallery-item__image\" data-thumbnail=\"https:\/\/hopeandjusticefoundation.com\/wp-content\/uploads\/2023\/03\/WhatsApp-Image-2023-03-20-at-18.12.43-4-300x225.jpeg\" data-width=\"300\" data-height=\"225\" aria-label=\"\" role=\"img\" ><\/div>\n\t\t\t\t\t\t\t\t\t\t\t<div class=\"elementor-gallery-item__overlay\"><\/div>\n\t\t\t\t\t\t\t\t\t\t\t\t\t\t<\/a>\n\t\t\t\t\t\t\t<a class=\"e-gallery-item elementor-gallery-item elementor-animated-content\" href=\"https:\/\/hopeandjusticefoundation.com\/wp-content\/uploads\/2023\/03\/WhatsApp-Image-2023-03-20-at-18.12.43.jpeg\" data-elementor-open-lightbox=\"yes\" data-elementor-lightbox-slideshow=\"fb6d0e5\" data-elementor-lightbox-title=\"WhatsApp Image 2023-03-20 at 18.12.43\" data-e-action-hash=\"#elementor-action%3Aaction%3Dlightbox%26settings%3DeyJpZCI6Mjg0OSwidXJsIjoiaHR0cHM6XC9cL2hvcGVhbmRqdXN0aWNlZm91bmRhdGlvbi5jb21cL3dwLWNvbnRlbnRcL3VwbG9hZHNcLzIwMjNcLzAzXC9XaGF0c0FwcC1JbWFnZS0yMDIzLTAzLTIwLWF0LTE4LjEyLjQzLmpwZWciLCJzbGlkZXNob3ciOiJmYjZkMGU1In0%3D\">\n\t\t\t\t\t<div class=\"e-gallery-image elementor-gallery-item__image\" data-thumbnail=\"https:\/\/hopeandjusticefoundation.com\/wp-content\/uploads\/2023\/03\/WhatsApp-Image-2023-03-20-at-18.12.43-225x300.jpeg\" data-width=\"225\" data-height=\"300\" aria-label=\"\" role=\"img\" ><\/div>\n\t\t\t\t\t\t\t\t\t\t\t<div class=\"elementor-gallery-item__overlay\"><\/div>\n\t\t\t\t\t\t\t\t\t\t\t\t\t\t<\/a>\n\t\t\t\t\t\t\t<a class=\"e-gallery-item elementor-gallery-item elementor-animated-content\" href=\"https:\/\/hopeandjusticefoundation.com\/wp-content\/uploads\/2023\/03\/WhatsApp-Image-2023-03-20-at-18.13.08-1.jpeg\" data-elementor-open-lightbox=\"yes\" data-elementor-lightbox-slideshow=\"fb6d0e5\" data-elementor-lightbox-title=\"WhatsApp Image 2023-03-20 at 18.13.08 (1)\" data-e-action-hash=\"#elementor-action%3Aaction%3Dlightbox%26settings%3DeyJpZCI6Mjg1MCwidXJsIjoiaHR0cHM6XC9cL2hvcGVhbmRqdXN0aWNlZm91bmRhdGlvbi5jb21cL3dwLWNvbnRlbnRcL3VwbG9hZHNcLzIwMjNcLzAzXC9XaGF0c0FwcC1JbWFnZS0yMDIzLTAzLTIwLWF0LTE4LjEzLjA4LTEuanBlZyIsInNsaWRlc2hvdyI6ImZiNmQwZTUifQ%3D%3D\">\n\t\t\t\t\t<div class=\"e-gallery-image elementor-gallery-item__image\" data-thumbnail=\"https:\/\/hopeandjusticefoundation.com\/wp-content\/uploads\/2023\/03\/WhatsApp-Image-2023-03-20-at-18.13.08-1-300x225.jpeg\" data-width=\"300\" data-height=\"225\" aria-label=\"\" role=\"img\" ><\/div>\n\t\t\t\t\t\t\t\t\t\t\t<div class=\"elementor-gallery-item__overlay\"><\/div>\n\t\t\t\t\t\t\t\t\t\t\t\t\t\t<\/a>\n\t\t\t\t\t\t\t<a class=\"e-gallery-item elementor-gallery-item elementor-animated-content\" href=\"https:\/\/hopeandjusticefoundation.com\/wp-content\/uploads\/2023\/03\/WhatsApp-Image-2023-03-20-at-18.13.08.jpeg\" data-elementor-open-lightbox=\"yes\" data-elementor-lightbox-slideshow=\"fb6d0e5\" data-elementor-lightbox-title=\"WhatsApp Image 2023-03-20 at 18.13.08\" data-e-action-hash=\"#elementor-action%3Aaction%3Dlightbox%26settings%3DeyJpZCI6Mjg1MSwidXJsIjoiaHR0cHM6XC9cL2hvcGVhbmRqdXN0aWNlZm91bmRhdGlvbi5jb21cL3dwLWNvbnRlbnRcL3VwbG9hZHNcLzIwMjNcLzAzXC9XaGF0c0FwcC1JbWFnZS0yMDIzLTAzLTIwLWF0LTE4LjEzLjA4LmpwZWciLCJzbGlkZXNob3ciOiJmYjZkMGU1In0%3D\">\n\t\t\t\t\t<div class=\"e-gallery-image elementor-gallery-item__image\" data-thumbnail=\"https:\/\/hopeandjusticefoundation.com\/wp-content\/uploads\/2023\/03\/WhatsApp-Image-2023-03-20-at-18.13.08-225x300.jpeg\" data-width=\"225\" data-height=\"300\" aria-label=\"\" role=\"img\" ><\/div>\n\t\t\t\t\t\t\t\t\t\t\t<div class=\"elementor-gallery-item__overlay\"><\/div>\n\t\t\t\t\t\t\t\t\t\t\t\t\t\t<\/a>\n\t\t\t\t\t\t\t<a class=\"e-gallery-item elementor-gallery-item elementor-animated-content\" href=\"https:\/\/hopeandjusticefoundation.com\/wp-content\/uploads\/2023\/03\/WhatsApp-Image-2023-03-20-at-18.13.42-1.jpeg\" data-elementor-open-lightbox=\"yes\" data-elementor-lightbox-slideshow=\"fb6d0e5\" data-elementor-lightbox-title=\"WhatsApp Image 2023-03-20 at 18.13.42 (1)\" data-e-action-hash=\"#elementor-action%3Aaction%3Dlightbox%26settings%3DeyJpZCI6Mjg1MiwidXJsIjoiaHR0cHM6XC9cL2hvcGVhbmRqdXN0aWNlZm91bmRhdGlvbi5jb21cL3dwLWNvbnRlbnRcL3VwbG9hZHNcLzIwMjNcLzAzXC9XaGF0c0FwcC1JbWFnZS0yMDIzLTAzLTIwLWF0LTE4LjEzLjQyLTEuanBlZyIsInNsaWRlc2hvdyI6ImZiNmQwZTUifQ%3D%3D\">\n\t\t\t\t\t<div class=\"e-gallery-image elementor-gallery-item__image\" data-thumbnail=\"https:\/\/hopeandjusticefoundation.com\/wp-content\/uploads\/2023\/03\/WhatsApp-Image-2023-03-20-at-18.13.42-1-225x300.jpeg\" data-width=\"225\" data-height=\"300\" aria-label=\"\" role=\"img\" ><\/div>\n\t\t\t\t\t\t\t\t\t\t\t<div class=\"elementor-gallery-item__overlay\"><\/div>\n\t\t\t\t\t\t\t\t\t\t\t\t\t\t<\/a>\n\t\t\t\t\t\t\t<a class=\"e-gallery-item elementor-gallery-item elementor-animated-content\" href=\"https:\/\/hopeandjusticefoundation.com\/wp-content\/uploads\/2023\/03\/WhatsApp-Image-2023-03-20-at-18.13.42-2.jpeg\" data-elementor-open-lightbox=\"yes\" data-elementor-lightbox-slideshow=\"fb6d0e5\" data-elementor-lightbox-title=\"WhatsApp Image 2023-03-20 at 18.13.42 (2)\" data-e-action-hash=\"#elementor-action%3Aaction%3Dlightbox%26settings%3DeyJpZCI6Mjg1MywidXJsIjoiaHR0cHM6XC9cL2hvcGVhbmRqdXN0aWNlZm91bmRhdGlvbi5jb21cL3dwLWNvbnRlbnRcL3VwbG9hZHNcLzIwMjNcLzAzXC9XaGF0c0FwcC1JbWFnZS0yMDIzLTAzLTIwLWF0LTE4LjEzLjQyLTIuanBlZyIsInNsaWRlc2hvdyI6ImZiNmQwZTUifQ%3D%3D\">\n\t\t\t\t\t<div class=\"e-gallery-image elementor-gallery-item__image\" data-thumbnail=\"https:\/\/hopeandjusticefoundation.com\/wp-content\/uploads\/2023\/03\/WhatsApp-Image-2023-03-20-at-18.13.42-2-225x300.jpeg\" data-width=\"225\" data-height=\"300\" aria-label=\"\" role=\"img\" ><\/div>\n\t\t\t\t\t\t\t\t\t\t\t<div class=\"elementor-gallery-item__overlay\"><\/div>\n\t\t\t\t\t\t\t\t\t\t\t\t\t\t<\/a>\n\t\t\t\t\t\t\t<a class=\"e-gallery-item elementor-gallery-item elementor-animated-content\" href=\"https:\/\/hopeandjusticefoundation.com\/wp-content\/uploads\/2023\/03\/WhatsApp-Image-2023-03-20-at-18.13.42-3.jpeg\" data-elementor-open-lightbox=\"yes\" data-elementor-lightbox-slideshow=\"fb6d0e5\" data-elementor-lightbox-title=\"WhatsApp Image 2023-03-20 at 18.13.42 (3)\" data-e-action-hash=\"#elementor-action%3Aaction%3Dlightbox%26settings%3DeyJpZCI6Mjg1NCwidXJsIjoiaHR0cHM6XC9cL2hvcGVhbmRqdXN0aWNlZm91bmRhdGlvbi5jb21cL3dwLWNvbnRlbnRcL3VwbG9hZHNcLzIwMjNcLzAzXC9XaGF0c0FwcC1JbWFnZS0yMDIzLTAzLTIwLWF0LTE4LjEzLjQyLTMuanBlZyIsInNsaWRlc2hvdyI6ImZiNmQwZTUifQ%3D%3D\">\n\t\t\t\t\t<div class=\"e-gallery-image elementor-gallery-item__image\" data-thumbnail=\"https:\/\/hopeandjusticefoundation.com\/wp-content\/uploads\/2023\/03\/WhatsApp-Image-2023-03-20-at-18.13.42-3-225x300.jpeg\" data-width=\"225\" data-height=\"300\" aria-label=\"\" role=\"img\" ><\/div>\n\t\t\t\t\t\t\t\t\t\t\t<div class=\"elementor-gallery-item__overlay\"><\/div>\n\t\t\t\t\t\t\t\t\t\t\t\t\t\t<\/a>\n\t\t\t\t\t\t\t<a class=\"e-gallery-item elementor-gallery-item elementor-animated-content\" href=\"https:\/\/hopeandjusticefoundation.com\/wp-content\/uploads\/2023\/03\/WhatsApp-Image-2023-03-20-at-18.13.42-4.jpeg\" data-elementor-open-lightbox=\"yes\" data-elementor-lightbox-slideshow=\"fb6d0e5\" data-elementor-lightbox-title=\"WhatsApp Image 2023-03-20 at 18.13.42 (4)\" data-e-action-hash=\"#elementor-action%3Aaction%3Dlightbox%26settings%3DeyJpZCI6Mjg1NiwidXJsIjoiaHR0cHM6XC9cL2hvcGVhbmRqdXN0aWNlZm91bmRhdGlvbi5jb21cL3dwLWNvbnRlbnRcL3VwbG9hZHNcLzIwMjNcLzAzXC9XaGF0c0FwcC1JbWFnZS0yMDIzLTAzLTIwLWF0LTE4LjEzLjQyLTQuanBlZyIsInNsaWRlc2hvdyI6ImZiNmQwZTUifQ%3D%3D\">\n\t\t\t\t\t<div class=\"e-gallery-image elementor-gallery-item__image\" data-thumbnail=\"https:\/\/hopeandjusticefoundation.com\/wp-content\/uploads\/2023\/03\/WhatsApp-Image-2023-03-20-at-18.13.42-4-169x300.jpeg\" data-width=\"169\" data-height=\"300\" aria-label=\"\" role=\"img\" ><\/div>\n\t\t\t\t\t\t\t\t\t\t\t<div class=\"elementor-gallery-item__overlay\"><\/div>\n\t\t\t\t\t\t\t\t\t\t\t\t\t\t<\/a>\n\t\t\t\t\t\t\t<a class=\"e-gallery-item elementor-gallery-item elementor-animated-content\" href=\"https:\/\/hopeandjusticefoundation.com\/wp-content\/uploads\/2023\/03\/WhatsApp-Image-2023-03-20-at-18.13.42-5.jpeg\" data-elementor-open-lightbox=\"yes\" data-elementor-lightbox-slideshow=\"fb6d0e5\" data-elementor-lightbox-title=\"WhatsApp Image 2023-03-20 at 18.13.42 (5)\" data-e-action-hash=\"#elementor-action%3Aaction%3Dlightbox%26settings%3DeyJpZCI6Mjg1NywidXJsIjoiaHR0cHM6XC9cL2hvcGVhbmRqdXN0aWNlZm91bmRhdGlvbi5jb21cL3dwLWNvbnRlbnRcL3VwbG9hZHNcLzIwMjNcLzAzXC9XaGF0c0FwcC1JbWFnZS0yMDIzLTAzLTIwLWF0LTE4LjEzLjQyLTUuanBlZyIsInNsaWRlc2hvdyI6ImZiNmQwZTUifQ%3D%3D\">\n\t\t\t\t\t<div class=\"e-gallery-image elementor-gallery-item__image\" data-thumbnail=\"https:\/\/hopeandjusticefoundation.com\/wp-content\/uploads\/2023\/03\/WhatsApp-Image-2023-03-20-at-18.13.42-5-225x300.jpeg\" data-width=\"225\" data-height=\"300\" aria-label=\"\" role=\"img\" ><\/div>\n\t\t\t\t\t\t\t\t\t\t\t<div class=\"elementor-gallery-item__overlay\"><\/div>\n\t\t\t\t\t\t\t\t\t\t\t\t\t\t<\/a>\n\t\t\t\t\t\t\t<a class=\"e-gallery-item elementor-gallery-item elementor-animated-content\" href=\"https:\/\/hopeandjusticefoundation.com\/wp-content\/uploads\/2023\/03\/WhatsApp-Image-2023-03-20-at-18.13.42-6.jpeg\" data-elementor-open-lightbox=\"yes\" data-elementor-lightbox-slideshow=\"fb6d0e5\" data-elementor-lightbox-title=\"WhatsApp Image 2023-03-20 at 18.13.42 (6)\" data-e-action-hash=\"#elementor-action%3Aaction%3Dlightbox%26settings%3DeyJpZCI6Mjg1OCwidXJsIjoiaHR0cHM6XC9cL2hvcGVhbmRqdXN0aWNlZm91bmRhdGlvbi5jb21cL3dwLWNvbnRlbnRcL3VwbG9hZHNcLzIwMjNcLzAzXC9XaGF0c0FwcC1JbWFnZS0yMDIzLTAzLTIwLWF0LTE4LjEzLjQyLTYuanBlZyIsInNsaWRlc2hvdyI6ImZiNmQwZTUifQ%3D%3D\">\n\t\t\t\t\t<div class=\"e-gallery-image elementor-gallery-item__image\" data-thumbnail=\"https:\/\/hopeandjusticefoundation.com\/wp-content\/uploads\/2023\/03\/WhatsApp-Image-2023-03-20-at-18.13.42-6-225x300.jpeg\" data-width=\"225\" data-height=\"300\" aria-label=\"\" role=\"img\" ><\/div>\n\t\t\t\t\t\t\t\t\t\t\t<div class=\"elementor-gallery-item__overlay\"><\/div>\n\t\t\t\t\t\t\t\t\t\t\t\t\t\t<\/a>\n\t\t\t\t\t\t\t<a class=\"e-gallery-item elementor-gallery-item elementor-animated-content\" href=\"https:\/\/hopeandjusticefoundation.com\/wp-content\/uploads\/2023\/03\/WhatsApp-Image-2023-03-20-at-18.13.42.jpeg\" data-elementor-open-lightbox=\"yes\" data-elementor-lightbox-slideshow=\"fb6d0e5\" data-elementor-lightbox-title=\"WhatsApp Image 2023-03-20 at 18.13.42\" data-e-action-hash=\"#elementor-action%3Aaction%3Dlightbox%26settings%3DeyJpZCI6Mjg1OSwidXJsIjoiaHR0cHM6XC9cL2hvcGVhbmRqdXN0aWNlZm91bmRhdGlvbi5jb21cL3dwLWNvbnRlbnRcL3VwbG9hZHNcLzIwMjNcLzAzXC9XaGF0c0FwcC1JbWFnZS0yMDIzLTAzLTIwLWF0LTE4LjEzLjQyLmpwZWciLCJzbGlkZXNob3ciOiJmYjZkMGU1In0%3D\">\n\t\t\t\t\t<div class=\"e-gallery-image elementor-gallery-item__image\" data-thumbnail=\"https:\/\/hopeandjusticefoundation.com\/wp-content\/uploads\/2023\/03\/WhatsApp-Image-2023-03-20-at-18.13.42-225x300.jpeg\" data-width=\"225\" data-height=\"300\" aria-label=\"\" role=\"img\" ><\/div>\n\t\t\t\t\t\t\t\t\t\t\t<div class=\"elementor-gallery-item__overlay\"><\/div>\n\t\t\t\t\t\t\t\t\t\t\t\t\t\t<\/a>\n\t\t\t\t\t\t\t<a class=\"e-gallery-item elementor-gallery-item elementor-animated-content\" href=\"https:\/\/hopeandjusticefoundation.com\/wp-content\/uploads\/2023\/03\/WhatsApp-Image-2023-03-20-at-18.12.43-1.jpeg\" data-elementor-open-lightbox=\"yes\" data-elementor-lightbox-slideshow=\"fb6d0e5\" data-elementor-lightbox-title=\"WhatsApp Image 2023-03-20 at 18.12.43 (1)\" data-e-action-hash=\"#elementor-action%3Aaction%3Dlightbox%26settings%3DeyJpZCI6Mjg2NCwidXJsIjoiaHR0cHM6XC9cL2hvcGVhbmRqdXN0aWNlZm91bmRhdGlvbi5jb21cL3dwLWNvbnRlbnRcL3VwbG9hZHNcLzIwMjNcLzAzXC9XaGF0c0FwcC1JbWFnZS0yMDIzLTAzLTIwLWF0LTE4LjEyLjQzLTEuanBlZyIsInNsaWRlc2hvdyI6ImZiNmQwZTUifQ%3D%3D\">\n\t\t\t\t\t<div class=\"e-gallery-image elementor-gallery-item__image\" data-thumbnail=\"https:\/\/hopeandjusticefoundation.com\/wp-content\/uploads\/2023\/03\/WhatsApp-Image-2023-03-20-at-18.12.43-1-300x225.jpeg\" data-width=\"300\" data-height=\"225\" aria-label=\"\" role=\"img\" ><\/div>\n\t\t\t\t\t\t\t\t\t\t\t<div class=\"elementor-gallery-item__overlay\"><\/div>\n\t\t\t\t\t\t\t\t\t\t\t\t\t\t<\/a>\n\t\t\t\t\t\t\t<a class=\"e-gallery-item elementor-gallery-item elementor-animated-content\" href=\"https:\/\/hopeandjusticefoundation.com\/wp-content\/uploads\/2023\/03\/WhatsApp-Image-2023-03-20-at-18.12.43-2.jpeg\" data-elementor-open-lightbox=\"yes\" data-elementor-lightbox-slideshow=\"fb6d0e5\" data-elementor-lightbox-title=\"WhatsApp Image 2023-03-20 at 18.12.43 (2)\" data-e-action-hash=\"#elementor-action%3Aaction%3Dlightbox%26settings%3DeyJpZCI6Mjg2NSwidXJsIjoiaHR0cHM6XC9cL2hvcGVhbmRqdXN0aWNlZm91bmRhdGlvbi5jb21cL3dwLWNvbnRlbnRcL3VwbG9hZHNcLzIwMjNcLzAzXC9XaGF0c0FwcC1JbWFnZS0yMDIzLTAzLTIwLWF0LTE4LjEyLjQzLTIuanBlZyIsInNsaWRlc2hvdyI6ImZiNmQwZTUifQ%3D%3D\">\n\t\t\t\t\t<div class=\"e-gallery-image elementor-gallery-item__image\" data-thumbnail=\"https:\/\/hopeandjusticefoundation.com\/wp-content\/uploads\/2023\/03\/WhatsApp-Image-2023-03-20-at-18.12.43-2-300x225.jpeg\" data-width=\"300\" data-height=\"225\" aria-label=\"\" role=\"img\" ><\/div>\n\t\t\t\t\t\t\t\t\t\t\t<div class=\"elementor-gallery-item__overlay\"><\/div>\n\t\t\t\t\t\t\t\t\t\t\t\t\t\t<\/a>\n\t\t\t\t\t<\/div>\n\t\t\t\t\t<\/div>\n\t\t\t\t<\/div>\n\t\t\t\t\t<\/div>\n\t\t<\/div>\n\t\t\t\t\t<\/div>\n\t\t<\/section>\n\t\t\t\t<\/div>","protected":false},"excerpt":{"rendered":"<p>On Monday we received a visit from TEAM doTerra here at the foundation. We exchange experiences and knowledge and a partnership that will help many people around the world.Gratitude! ???<\/p>","protected":false},"author":1,"featured_media":0,"parent":0,"menu_order":0,"comment_status":"closed","ping_status":"closed","template":"elementor_header_footer","meta":{"footnotes":""},"class_list":["post-2834","page","type-page","status-publish","hentry"],"aioseo_notices":[],"yoast_head":"<!-- This site is optimized with the Yoast SEO plugin v26.5 - https:\/\/yoast.com\/wordpress\/plugins\/seo\/ -->\n<title>Receiving from Terra at the Hope &amp; Justice Foundation 03\/20\/2023 - Hope &amp; Justice Foundation<\/title>\n<meta name=\"robots\" content=\"index, follow, max-snippet:-1, max-image-preview:large, max-video-preview:-1\" \/>\n<link rel=\"canonical\" href=\"https:\/\/hopeandjusticefoundation.com\/pt\/receiving-from-terra-at-the-hope-justice-foundation-03-20-2023\/\" \/>\n<meta property=\"og:locale\" content=\"pt_BR\" \/>\n<meta property=\"og:type\" content=\"article\" \/>\n<meta property=\"og:title\" content=\"Receiving from Terra at the Hope &amp; Justice Foundation 03\/20\/2023 - Hope &amp; Justice Foundation\" \/>\n<meta property=\"og:description\" content=\"On Monday we received a visit from TEAM doTerra here at the foundation. We exchange experiences and knowledge and a partnership that will help many people around the world.Gratitude! ???\" \/>\n<meta property=\"og:url\" content=\"https:\/\/hopeandjusticefoundation.com\/pt\/receiving-from-terra-at-the-hope-justice-foundation-03-20-2023\/\" \/>\n<meta property=\"og:site_name\" content=\"Hope &amp; Justice Foundation\" \/>\n<meta property=\"article:modified_time\" content=\"2023-03-27T13:11:20+00:00\" \/>\n<meta property=\"og:image\" content=\"https:\/\/hopeandjusticefoundation.com\/wp-content\/uploads\/2022\/05\/shareimage.jpg\" \/>\n\t<meta property=\"og:image:width\" content=\"1057\" \/>\n\t<meta property=\"og:image:height\" content=\"962\" \/>\n\t<meta property=\"og:image:type\" content=\"image\/jpeg\" \/>\n<meta name=\"twitter:card\" content=\"summary_large_image\" \/>\n<meta name=\"twitter:label1\" content=\"Est. tempo de leitura\" \/>\n\t<meta name=\"twitter:data1\" content=\"1 minuto\" \/>\n<script type=\"application\/ld+json\" class=\"yoast-schema-graph\">{\"@context\":\"https:\/\/schema.org\",\"@graph\":[{\"@type\":\"WebPage\",\"@id\":\"https:\/\/hopeandjusticefoundation.com\/receiving-from-terra-at-the-hope-justice-foundation-03-20-2023\/\",\"url\":\"https:\/\/hopeandjusticefoundation.com\/receiving-from-terra-at-the-hope-justice-foundation-03-20-2023\/\",\"name\":\"Receiving from Terra at the Hope & Justice Foundation 03\/20\/2023 - Hope &amp; Justice Foundation\",\"isPartOf\":{\"@id\":\"https:\/\/hopeandjusticefoundation.com\/#website\"},\"datePublished\":\"2023-03-24T22:52:46+00:00\",\"dateModified\":\"2023-03-27T13:11:20+00:00\",\"breadcrumb\":{\"@id\":\"https:\/\/hopeandjusticefoundation.com\/receiving-from-terra-at-the-hope-justice-foundation-03-20-2023\/#breadcrumb\"},\"inLanguage\":\"pt-BR\",\"potentialAction\":[{\"@type\":\"ReadAction\",\"target\":[\"https:\/\/hopeandjusticefoundation.com\/receiving-from-terra-at-the-hope-justice-foundation-03-20-2023\/\"]}]},{\"@type\":\"BreadcrumbList\",\"@id\":\"https:\/\/hopeandjusticefoundation.com\/receiving-from-terra-at-the-hope-justice-foundation-03-20-2023\/#breadcrumb\",\"itemListElement\":[{\"@type\":\"ListItem\",\"position\":1,\"name\":\"In\u00edcio\",\"item\":\"https:\/\/hopeandjusticefoundation.com\/\"},{\"@type\":\"ListItem\",\"position\":2,\"name\":\"Receiving from Terra at the Hope &#038; Justice Foundation 03\/20\/2023\"}]},{\"@type\":\"WebSite\",\"@id\":\"https:\/\/hopeandjusticefoundation.com\/#website\",\"url\":\"https:\/\/hopeandjusticefoundation.com\/\",\"name\":\"Hope &amp; Justice Foundation\",\"description\":\"Combate ao tr\u00e1fico humano - hope &amp; justice\",\"publisher\":{\"@id\":\"https:\/\/hopeandjusticefoundation.com\/#organization\"},\"potentialAction\":[{\"@type\":\"SearchAction\",\"target\":{\"@type\":\"EntryPoint\",\"urlTemplate\":\"https:\/\/hopeandjusticefoundation.com\/?s={search_term_string}\"},\"query-input\":{\"@type\":\"PropertyValueSpecification\",\"valueRequired\":true,\"valueName\":\"search_term_string\"}}],\"inLanguage\":\"pt-BR\"},{\"@type\":\"Organization\",\"@id\":\"https:\/\/hopeandjusticefoundation.com\/#organization\",\"name\":\"Hope &amp; Justice Foundation\",\"url\":\"https:\/\/hopeandjusticefoundation.com\/\",\"logo\":{\"@type\":\"ImageObject\",\"inLanguage\":\"pt-BR\",\"@id\":\"https:\/\/hopeandjusticefoundation.com\/#\/schema\/logo\/image\/\",\"url\":\"https:\/\/hopeandjusticefoundation.com\/wp-content\/uploads\/2022\/03\/logo-hope-justice-new.png\",\"contentUrl\":\"https:\/\/hopeandjusticefoundation.com\/wp-content\/uploads\/2022\/03\/logo-hope-justice-new.png\",\"width\":500,\"height\":500,\"caption\":\"Hope &amp; Justice Foundation\"},\"image\":{\"@id\":\"https:\/\/hopeandjusticefoundation.com\/#\/schema\/logo\/image\/\"}}]}<\/script>\n<!-- \/ Yoast SEO plugin. -->","yoast_head_json":{"title":"Receiving from Terra at the Hope & Justice Foundation 03\/20\/2023 - Hope &amp; Justice Foundation","robots":{"index":"index","follow":"follow","max-snippet":"max-snippet:-1","max-image-preview":"max-image-preview:large","max-video-preview":"max-video-preview:-1"},"canonical":"https:\/\/hopeandjusticefoundation.com\/pt\/receiving-from-terra-at-the-hope-justice-foundation-03-20-2023\/","og_locale":"pt_BR","og_type":"article","og_title":"Receiving from Terra at the Hope & Justice Foundation 03\/20\/2023 - Hope &amp; Justice Foundation","og_description":"On Monday we received a visit from TEAM doTerra here at the foundation. We exchange experiences and knowledge and a partnership that will help many people around the world.Gratitude! ???","og_url":"https:\/\/hopeandjusticefoundation.com\/pt\/receiving-from-terra-at-the-hope-justice-foundation-03-20-2023\/","og_site_name":"Hope &amp; Justice Foundation","article_modified_time":"2023-03-27T13:11:20+00:00","og_image":[{"width":1057,"height":962,"url":"https:\/\/hopeandjusticefoundation.com\/wp-content\/uploads\/2022\/05\/shareimage.jpg","type":"image\/jpeg"}],"twitter_card":"summary_large_image","twitter_misc":{"Est. tempo de leitura":"1 minuto"},"schema":{"@context":"https:\/\/schema.org","@graph":[{"@type":"WebPage","@id":"https:\/\/hopeandjusticefoundation.com\/receiving-from-terra-at-the-hope-justice-foundation-03-20-2023\/","url":"https:\/\/hopeandjusticefoundation.com\/receiving-from-terra-at-the-hope-justice-foundation-03-20-2023\/","name":"Receiving from Terra at the Hope & Justice Foundation 03\/20\/2023 - Hope &amp; Justice Foundation","isPartOf":{"@id":"https:\/\/hopeandjusticefoundation.com\/#website"},"datePublished":"2023-03-24T22:52:46+00:00","dateModified":"2023-03-27T13:11:20+00:00","breadcrumb":{"@id":"https:\/\/hopeandjusticefoundation.com\/receiving-from-terra-at-the-hope-justice-foundation-03-20-2023\/#breadcrumb"},"inLanguage":"pt-BR","potentialAction":[{"@type":"ReadAction","target":["https:\/\/hopeandjusticefoundation.com\/receiving-from-terra-at-the-hope-justice-foundation-03-20-2023\/"]}]},{"@type":"BreadcrumbList","@id":"https:\/\/hopeandjusticefoundation.com\/receiving-from-terra-at-the-hope-justice-foundation-03-20-2023\/#breadcrumb","itemListElement":[{"@type":"ListItem","position":1,"name":"In\u00edcio","item":"https:\/\/hopeandjusticefoundation.com\/"},{"@type":"ListItem","position":2,"name":"Receiving from Terra at the Hope &#038; Justice Foundation 03\/20\/2023"}]},{"@type":"WebSite","@id":"https:\/\/hopeandjusticefoundation.com\/#website","url":"https:\/\/hopeandjusticefoundation.com\/","name":"Hope &amp; Justice Foundation","description":"Combate ao tr\u00e1fico humano - hope &amp; justice","publisher":{"@id":"https:\/\/hopeandjusticefoundation.com\/#organization"},"potentialAction":[{"@type":"SearchAction","target":{"@type":"EntryPoint","urlTemplate":"https:\/\/hopeandjusticefoundation.com\/?s={search_term_string}"},"query-input":{"@type":"PropertyValueSpecification","valueRequired":true,"valueName":"search_term_string"}}],"inLanguage":"pt-BR"},{"@type":"Organization","@id":"https:\/\/hopeandjusticefoundation.com\/#organization","name":"Hope &amp; Justice Foundation","url":"https:\/\/hopeandjusticefoundation.com\/","logo":{"@type":"ImageObject","inLanguage":"pt-BR","@id":"https:\/\/hopeandjusticefoundation.com\/#\/schema\/logo\/image\/","url":"https:\/\/hopeandjusticefoundation.com\/wp-content\/uploads\/2022\/03\/logo-hope-justice-new.png","contentUrl":"https:\/\/hopeandjusticefoundation.com\/wp-content\/uploads\/2022\/03\/logo-hope-justice-new.png","width":500,"height":500,"caption":"Hope &amp; Justice Foundation"},"image":{"@id":"https:\/\/hopeandjusticefoundation.com\/#\/schema\/logo\/image\/"}}]}},"_links":{"self":[{"href":"https:\/\/hopeandjusticefoundation.com\/pt\/wp-json\/wp\/v2\/pages\/2834","targetHints":{"allow":["GET"]}}],"collection":[{"href":"https:\/\/hopeandjusticefoundation.com\/pt\/wp-json\/wp\/v2\/pages"}],"about":[{"href":"https:\/\/hopeandjusticefoundation.com\/pt\/wp-json\/wp\/v2\/types\/page"}],"author":[{"embeddable":true,"href":"https:\/\/hopeandjusticefoundation.com\/pt\/wp-json\/wp\/v2\/users\/1"}],"replies":[{"embeddable":true,"href":"https:\/\/hopeandjusticefoundation.com\/pt\/wp-json\/wp\/v2\/comments?post=2834"}],"version-history":[{"count":8,"href":"https:\/\/hopeandjusticefoundation.com\/pt\/wp-json\/wp\/v2\/pages\/2834\/revisions"}],"predecessor-version":[{"id":2926,"href":"https:\/\/hopeandjusticefoundation.com\/pt\/wp-json\/wp\/v2\/pages\/2834\/revisions\/2926"}],"wp:attachment":[{"href":"https:\/\/hopeandjusticefoundation.com\/pt\/wp-json\/wp\/v2\/media?parent=2834"}],"curies":[{"name":"wp","href":"https:\/\/api.w.org\/{rel}","templated":true}]}}