{"id":2826,"date":"2023-03-24T19:47:20","date_gmt":"2023-03-24T22:47:20","guid":{"rendered":"https:\/\/hopeandjusticefoundation.com\/?page_id=2826"},"modified":"2023-03-27T10:05:52","modified_gmt":"2023-03-27T13:05:52","slug":"terra-partnership-19-03-2023","status":"publish","type":"page","link":"https:\/\/hopeandjusticefoundation.com\/pt\/events\/terra-partnership-19-03-2023\/","title":{"rendered":"Parceria Terra 19\/03\/2023"},"content":{"rendered":"<div data-elementor-type=\"wp-page\" data-elementor-id=\"2826\" class=\"elementor elementor-2826\" data-elementor-post-type=\"page\">\n\t\t\t\t\t\t<section class=\"elementor-section elementor-top-section elementor-element elementor-element-cb29b9d elementor-section-boxed elementor-section-height-default elementor-section-height-default\" data-id=\"cb29b9d\" data-element_type=\"section\">\n\t\t\t\t\t\t<div class=\"elementor-container elementor-column-gap-default\">\n\t\t\t\t\t<div class=\"elementor-column elementor-col-100 elementor-top-column elementor-element elementor-element-3e57e27\" data-id=\"3e57e27\" data-element_type=\"column\">\n\t\t\t<div class=\"elementor-widget-wrap elementor-element-populated\">\n\t\t\t\t\t\t<div class=\"elementor-element elementor-element-b361f98 elementor-widget elementor-widget-text-editor\" data-id=\"b361f98\" data-element_type=\"widget\" data-widget_type=\"text-editor.default\">\n\t\t\t\t<div class=\"elementor-widget-container\">\n\t\t\t\t\t\t\t\t\t<p>Nosso s\u00e1bado come\u00e7ou com o in\u00edcio de uma parceria maravilhosa. Recebemos uma grande quantidade de HOPE (\u00f3leo essencial especialmente desenvolvido para sobreviventes e v\u00edtimas de tr\u00e1fico humano e viol\u00eancia dom\u00e9stica).<br \/>Thank you to everyone at doTerra for joining us in this fight and contributing with \u201cdrops of hope\u201d<\/p>\t\t\t\t\t\t\t\t<\/div>\n\t\t\t\t<\/div>\n\t\t\t\t<div class=\"elementor-element elementor-element-fb6d0e5 elementor-widget elementor-widget-gallery\" data-id=\"fb6d0e5\" data-element_type=\"widget\" data-settings=\"{&quot;columns&quot;:5,&quot;columns_tablet&quot;:4,&quot;columns_mobile&quot;:3,&quot;lazyload&quot;:&quot;yes&quot;,&quot;gallery_layout&quot;:&quot;grid&quot;,&quot;gap&quot;:{&quot;unit&quot;:&quot;px&quot;,&quot;size&quot;:10,&quot;sizes&quot;:[]},&quot;gap_tablet&quot;:{&quot;unit&quot;:&quot;px&quot;,&quot;size&quot;:10,&quot;sizes&quot;:[]},&quot;gap_mobile&quot;:{&quot;unit&quot;:&quot;px&quot;,&quot;size&quot;:10,&quot;sizes&quot;:[]},&quot;link_to&quot;:&quot;file&quot;,&quot;aspect_ratio&quot;:&quot;3:2&quot;,&quot;overlay_background&quot;:&quot;yes&quot;,&quot;content_hover_animation&quot;:&quot;fade-in&quot;}\" data-widget_type=\"gallery.default\">\n\t\t\t\t<div class=\"elementor-widget-container\">\n\t\t\t\t\t\t\t<div class=\"elementor-gallery__container\">\n\t\t\t\t\t\t\t<a class=\"e-gallery-item elementor-gallery-item elementor-animated-content\" href=\"https:\/\/hopeandjusticefoundation.com\/wp-content\/uploads\/2023\/03\/WhatsApp-Image-2023-03-18-at-13.47.47.jpeg\" data-elementor-open-lightbox=\"yes\" data-elementor-lightbox-slideshow=\"fb6d0e5\" data-elementor-lightbox-title=\"WhatsApp Image 2023-03-18 at 13.47.47\" data-e-action-hash=\"#elementor-action%3Aaction%3Dlightbox%26settings%3DeyJpZCI6MjgyOCwidXJsIjoiaHR0cHM6XC9cL2hvcGVhbmRqdXN0aWNlZm91bmRhdGlvbi5jb21cL3dwLWNvbnRlbnRcL3VwbG9hZHNcLzIwMjNcLzAzXC9XaGF0c0FwcC1JbWFnZS0yMDIzLTAzLTE4LWF0LTEzLjQ3LjQ3LmpwZWciLCJzbGlkZXNob3ciOiJmYjZkMGU1In0%3D\">\n\t\t\t\t\t<div class=\"e-gallery-image elementor-gallery-item__image\" data-thumbnail=\"https:\/\/hopeandjusticefoundation.com\/wp-content\/uploads\/2023\/03\/WhatsApp-Image-2023-03-18-at-13.47.47-225x300.jpeg\" data-width=\"225\" data-height=\"300\" aria-label=\"\" role=\"img\" ><\/div>\n\t\t\t\t\t\t\t\t\t\t\t<div class=\"elementor-gallery-item__overlay\"><\/div>\n\t\t\t\t\t\t\t\t\t\t\t\t\t\t<\/a>\n\t\t\t\t\t\t\t<a class=\"e-gallery-item elementor-gallery-item elementor-animated-content\" href=\"https:\/\/hopeandjusticefoundation.com\/wp-content\/uploads\/2023\/03\/WhatsApp-Image-2023-03-18-at-13.47.50.jpeg\" data-elementor-open-lightbox=\"yes\" data-elementor-lightbox-slideshow=\"fb6d0e5\" data-elementor-lightbox-title=\"WhatsApp Image 2023-03-18 at 13.47.50\" data-e-action-hash=\"#elementor-action%3Aaction%3Dlightbox%26settings%3DeyJpZCI6MjgyOSwidXJsIjoiaHR0cHM6XC9cL2hvcGVhbmRqdXN0aWNlZm91bmRhdGlvbi5jb21cL3dwLWNvbnRlbnRcL3VwbG9hZHNcLzIwMjNcLzAzXC9XaGF0c0FwcC1JbWFnZS0yMDIzLTAzLTE4LWF0LTEzLjQ3LjUwLmpwZWciLCJzbGlkZXNob3ciOiJmYjZkMGU1In0%3D\">\n\t\t\t\t\t<div class=\"e-gallery-image elementor-gallery-item__image\" data-thumbnail=\"https:\/\/hopeandjusticefoundation.com\/wp-content\/uploads\/2023\/03\/WhatsApp-Image-2023-03-18-at-13.47.50-300x225.jpeg\" data-width=\"300\" data-height=\"225\" aria-label=\"\" role=\"img\" ><\/div>\n\t\t\t\t\t\t\t\t\t\t\t<div class=\"elementor-gallery-item__overlay\"><\/div>\n\t\t\t\t\t\t\t\t\t\t\t\t\t\t<\/a>\n\t\t\t\t\t\t\t<a class=\"e-gallery-item elementor-gallery-item elementor-animated-content\" href=\"https:\/\/hopeandjusticefoundation.com\/wp-content\/uploads\/2023\/03\/WhatsApp-Image-2023-03-18-at-13.47.55-1.jpeg\" data-elementor-open-lightbox=\"yes\" data-elementor-lightbox-slideshow=\"fb6d0e5\" data-elementor-lightbox-title=\"WhatsApp Image 2023-03-18 at 13.47.55 (1)\" data-e-action-hash=\"#elementor-action%3Aaction%3Dlightbox%26settings%3DeyJpZCI6MjgzMCwidXJsIjoiaHR0cHM6XC9cL2hvcGVhbmRqdXN0aWNlZm91bmRhdGlvbi5jb21cL3dwLWNvbnRlbnRcL3VwbG9hZHNcLzIwMjNcLzAzXC9XaGF0c0FwcC1JbWFnZS0yMDIzLTAzLTE4LWF0LTEzLjQ3LjU1LTEuanBlZyIsInNsaWRlc2hvdyI6ImZiNmQwZTUifQ%3D%3D\">\n\t\t\t\t\t<div class=\"e-gallery-image elementor-gallery-item__image\" data-thumbnail=\"https:\/\/hopeandjusticefoundation.com\/wp-content\/uploads\/2023\/03\/WhatsApp-Image-2023-03-18-at-13.47.55-1-225x300.jpeg\" data-width=\"225\" data-height=\"300\" aria-label=\"\" role=\"img\" ><\/div>\n\t\t\t\t\t\t\t\t\t\t\t<div class=\"elementor-gallery-item__overlay\"><\/div>\n\t\t\t\t\t\t\t\t\t\t\t\t\t\t<\/a>\n\t\t\t\t\t\t\t<a class=\"e-gallery-item elementor-gallery-item elementor-animated-content\" href=\"https:\/\/hopeandjusticefoundation.com\/wp-content\/uploads\/2023\/03\/WhatsApp-Image-2023-03-18-at-13.47.55.jpeg\" data-elementor-open-lightbox=\"yes\" data-elementor-lightbox-slideshow=\"fb6d0e5\" data-elementor-lightbox-title=\"WhatsApp Image 2023-03-18 at 13.47.55\" data-e-action-hash=\"#elementor-action%3Aaction%3Dlightbox%26settings%3DeyJpZCI6MjgzMSwidXJsIjoiaHR0cHM6XC9cL2hvcGVhbmRqdXN0aWNlZm91bmRhdGlvbi5jb21cL3dwLWNvbnRlbnRcL3VwbG9hZHNcLzIwMjNcLzAzXC9XaGF0c0FwcC1JbWFnZS0yMDIzLTAzLTE4LWF0LTEzLjQ3LjU1LmpwZWciLCJzbGlkZXNob3ciOiJmYjZkMGU1In0%3D\">\n\t\t\t\t\t<div class=\"e-gallery-image elementor-gallery-item__image\" data-thumbnail=\"https:\/\/hopeandjusticefoundation.com\/wp-content\/uploads\/2023\/03\/WhatsApp-Image-2023-03-18-at-13.47.55-225x300.jpeg\" data-width=\"225\" data-height=\"300\" aria-label=\"\" role=\"img\" ><\/div>\n\t\t\t\t\t\t\t\t\t\t\t<div class=\"elementor-gallery-item__overlay\"><\/div>\n\t\t\t\t\t\t\t\t\t\t\t\t\t\t<\/a>\n\t\t\t\t\t\t\t<a class=\"e-gallery-item elementor-gallery-item elementor-animated-content\" href=\"https:\/\/hopeandjusticefoundation.com\/wp-content\/uploads\/2023\/03\/WhatsApp-Image-2023-03-18-at-17.17.09-1.jpeg\" data-elementor-open-lightbox=\"yes\" data-elementor-lightbox-slideshow=\"fb6d0e5\" data-elementor-lightbox-title=\"WhatsApp Image 2023-03-18 at 17.17.09 (1)\" data-e-action-hash=\"#elementor-action%3Aaction%3Dlightbox%26settings%3DeyJpZCI6MjgzMiwidXJsIjoiaHR0cHM6XC9cL2hvcGVhbmRqdXN0aWNlZm91bmRhdGlvbi5jb21cL3dwLWNvbnRlbnRcL3VwbG9hZHNcLzIwMjNcLzAzXC9XaGF0c0FwcC1JbWFnZS0yMDIzLTAzLTE4LWF0LTE3LjE3LjA5LTEuanBlZyIsInNsaWRlc2hvdyI6ImZiNmQwZTUifQ%3D%3D\">\n\t\t\t\t\t<div class=\"e-gallery-image elementor-gallery-item__image\" data-thumbnail=\"https:\/\/hopeandjusticefoundation.com\/wp-content\/uploads\/2023\/03\/WhatsApp-Image-2023-03-18-at-17.17.09-1-290x300.jpeg\" data-width=\"290\" data-height=\"300\" aria-label=\"\" role=\"img\" ><\/div>\n\t\t\t\t\t\t\t\t\t\t\t<div class=\"elementor-gallery-item__overlay\"><\/div>\n\t\t\t\t\t\t\t\t\t\t\t\t\t\t<\/a>\n\t\t\t\t\t\t\t<a class=\"e-gallery-item elementor-gallery-item elementor-animated-content\" href=\"https:\/\/hopeandjusticefoundation.com\/wp-content\/uploads\/2023\/03\/WhatsApp-Image-2023-03-18-at-17.17.09.jpeg\" data-elementor-open-lightbox=\"yes\" data-elementor-lightbox-slideshow=\"fb6d0e5\" data-elementor-lightbox-title=\"WhatsApp Image 2023-03-18 at 17.17.09\" data-e-action-hash=\"#elementor-action%3Aaction%3Dlightbox%26settings%3DeyJpZCI6MjgzMywidXJsIjoiaHR0cHM6XC9cL2hvcGVhbmRqdXN0aWNlZm91bmRhdGlvbi5jb21cL3dwLWNvbnRlbnRcL3VwbG9hZHNcLzIwMjNcLzAzXC9XaGF0c0FwcC1JbWFnZS0yMDIzLTAzLTE4LWF0LTE3LjE3LjA5LmpwZWciLCJzbGlkZXNob3ciOiJmYjZkMGU1In0%3D\">\n\t\t\t\t\t<div class=\"e-gallery-image elementor-gallery-item__image\" data-thumbnail=\"https:\/\/hopeandjusticefoundation.com\/wp-content\/uploads\/2023\/03\/WhatsApp-Image-2023-03-18-at-17.17.09-289x300.jpeg\" data-width=\"289\" data-height=\"300\" aria-label=\"\" role=\"img\" ><\/div>\n\t\t\t\t\t\t\t\t\t\t\t<div class=\"elementor-gallery-item__overlay\"><\/div>\n\t\t\t\t\t\t\t\t\t\t\t\t\t\t<\/a>\n\t\t\t\t\t\t\t<a class=\"e-gallery-item elementor-gallery-item elementor-animated-content\" href=\"https:\/\/hopeandjusticefoundation.com\/wp-content\/uploads\/2023\/03\/WhatsApp-Image-2023-03-18-at-17.17.47.jpeg\" data-elementor-open-lightbox=\"yes\" data-elementor-lightbox-slideshow=\"fb6d0e5\" data-elementor-lightbox-title=\"WhatsApp Image 2023-03-18 at 17.17.47\" data-e-action-hash=\"#elementor-action%3Aaction%3Dlightbox%26settings%3DeyJpZCI6MjgzNSwidXJsIjoiaHR0cHM6XC9cL2hvcGVhbmRqdXN0aWNlZm91bmRhdGlvbi5jb21cL3dwLWNvbnRlbnRcL3VwbG9hZHNcLzIwMjNcLzAzXC9XaGF0c0FwcC1JbWFnZS0yMDIzLTAzLTE4LWF0LTE3LjE3LjQ3LmpwZWciLCJzbGlkZXNob3ciOiJmYjZkMGU1In0%3D\">\n\t\t\t\t\t<div class=\"e-gallery-image elementor-gallery-item__image\" data-thumbnail=\"https:\/\/hopeandjusticefoundation.com\/wp-content\/uploads\/2023\/03\/WhatsApp-Image-2023-03-18-at-17.17.47-279x300.jpeg\" data-width=\"279\" data-height=\"300\" aria-label=\"\" role=\"img\" ><\/div>\n\t\t\t\t\t\t\t\t\t\t\t<div class=\"elementor-gallery-item__overlay\"><\/div>\n\t\t\t\t\t\t\t\t\t\t\t\t\t\t<\/a>\n\t\t\t\t\t\t\t<a class=\"e-gallery-item elementor-gallery-item elementor-animated-content\" href=\"https:\/\/hopeandjusticefoundation.com\/wp-content\/uploads\/2023\/03\/WhatsApp-Image-2023-03-18-at-17.18.31.jpeg\" data-elementor-open-lightbox=\"yes\" data-elementor-lightbox-slideshow=\"fb6d0e5\" data-elementor-lightbox-title=\"WhatsApp Image 2023-03-18 at 17.18.31\" data-e-action-hash=\"#elementor-action%3Aaction%3Dlightbox%26settings%3DeyJpZCI6MjgzNiwidXJsIjoiaHR0cHM6XC9cL2hvcGVhbmRqdXN0aWNlZm91bmRhdGlvbi5jb21cL3dwLWNvbnRlbnRcL3VwbG9hZHNcLzIwMjNcLzAzXC9XaGF0c0FwcC1JbWFnZS0yMDIzLTAzLTE4LWF0LTE3LjE4LjMxLmpwZWciLCJzbGlkZXNob3ciOiJmYjZkMGU1In0%3D\">\n\t\t\t\t\t<div class=\"e-gallery-image elementor-gallery-item__image\" data-thumbnail=\"https:\/\/hopeandjusticefoundation.com\/wp-content\/uploads\/2023\/03\/WhatsApp-Image-2023-03-18-at-17.18.31-298x300.jpeg\" data-width=\"298\" data-height=\"300\" aria-label=\"\" role=\"img\" ><\/div>\n\t\t\t\t\t\t\t\t\t\t\t<div class=\"elementor-gallery-item__overlay\"><\/div>\n\t\t\t\t\t\t\t\t\t\t\t\t\t\t<\/a>\n\t\t\t\t\t\t\t<a class=\"e-gallery-item elementor-gallery-item elementor-animated-content\" href=\"https:\/\/hopeandjusticefoundation.com\/wp-content\/uploads\/2023\/03\/WhatsApp-Image-2023-03-18-at-17.19.08.jpeg\" data-elementor-open-lightbox=\"yes\" data-elementor-lightbox-slideshow=\"fb6d0e5\" data-elementor-lightbox-title=\"WhatsApp Image 2023-03-18 at 17.19.08\" data-e-action-hash=\"#elementor-action%3Aaction%3Dlightbox%26settings%3DeyJpZCI6MjgzNywidXJsIjoiaHR0cHM6XC9cL2hvcGVhbmRqdXN0aWNlZm91bmRhdGlvbi5jb21cL3dwLWNvbnRlbnRcL3VwbG9hZHNcLzIwMjNcLzAzXC9XaGF0c0FwcC1JbWFnZS0yMDIzLTAzLTE4LWF0LTE3LjE5LjA4LmpwZWciLCJzbGlkZXNob3ciOiJmYjZkMGU1In0%3D\">\n\t\t\t\t\t<div class=\"e-gallery-image elementor-gallery-item__image\" data-thumbnail=\"https:\/\/hopeandjusticefoundation.com\/wp-content\/uploads\/2023\/03\/WhatsApp-Image-2023-03-18-at-17.19.08-287x300.jpeg\" data-width=\"287\" data-height=\"300\" aria-label=\"\" role=\"img\" ><\/div>\n\t\t\t\t\t\t\t\t\t\t\t<div class=\"elementor-gallery-item__overlay\"><\/div>\n\t\t\t\t\t\t\t\t\t\t\t\t\t\t<\/a>\n\t\t\t\t\t\t\t<a class=\"e-gallery-item elementor-gallery-item elementor-animated-content\" href=\"https:\/\/hopeandjusticefoundation.com\/wp-content\/uploads\/2023\/03\/WhatsApp-Image-2023-03-18-at-11.49.15.jpeg\" data-elementor-open-lightbox=\"yes\" data-elementor-lightbox-slideshow=\"fb6d0e5\" data-elementor-lightbox-title=\"WhatsApp Image 2023-03-18 at 11.49.15\" data-e-action-hash=\"#elementor-action%3Aaction%3Dlightbox%26settings%3DeyJpZCI6MjgzOCwidXJsIjoiaHR0cHM6XC9cL2hvcGVhbmRqdXN0aWNlZm91bmRhdGlvbi5jb21cL3dwLWNvbnRlbnRcL3VwbG9hZHNcLzIwMjNcLzAzXC9XaGF0c0FwcC1JbWFnZS0yMDIzLTAzLTE4LWF0LTExLjQ5LjE1LmpwZWciLCJzbGlkZXNob3ciOiJmYjZkMGU1In0%3D\">\n\t\t\t\t\t<div class=\"e-gallery-image elementor-gallery-item__image\" data-thumbnail=\"https:\/\/hopeandjusticefoundation.com\/wp-content\/uploads\/2023\/03\/WhatsApp-Image-2023-03-18-at-11.49.15-300x225.jpeg\" data-width=\"300\" data-height=\"225\" aria-label=\"\" role=\"img\" ><\/div>\n\t\t\t\t\t\t\t\t\t\t\t<div class=\"elementor-gallery-item__overlay\"><\/div>\n\t\t\t\t\t\t\t\t\t\t\t\t\t\t<\/a>\n\t\t\t\t\t\t\t<a class=\"e-gallery-item elementor-gallery-item elementor-animated-content\" href=\"https:\/\/hopeandjusticefoundation.com\/wp-content\/uploads\/2023\/03\/WhatsApp-Image-2023-03-18-at-11.49.16-1.jpeg\" data-elementor-open-lightbox=\"yes\" data-elementor-lightbox-slideshow=\"fb6d0e5\" data-elementor-lightbox-title=\"WhatsApp Image 2023-03-18 at 11.49.16 (1)\" data-e-action-hash=\"#elementor-action%3Aaction%3Dlightbox%26settings%3DeyJpZCI6MjgzOSwidXJsIjoiaHR0cHM6XC9cL2hvcGVhbmRqdXN0aWNlZm91bmRhdGlvbi5jb21cL3dwLWNvbnRlbnRcL3VwbG9hZHNcLzIwMjNcLzAzXC9XaGF0c0FwcC1JbWFnZS0yMDIzLTAzLTE4LWF0LTExLjQ5LjE2LTEuanBlZyIsInNsaWRlc2hvdyI6ImZiNmQwZTUifQ%3D%3D\">\n\t\t\t\t\t<div class=\"e-gallery-image elementor-gallery-item__image\" data-thumbnail=\"https:\/\/hopeandjusticefoundation.com\/wp-content\/uploads\/2023\/03\/WhatsApp-Image-2023-03-18-at-11.49.16-1-225x300.jpeg\" data-width=\"225\" data-height=\"300\" aria-label=\"\" role=\"img\" ><\/div>\n\t\t\t\t\t\t\t\t\t\t\t<div class=\"elementor-gallery-item__overlay\"><\/div>\n\t\t\t\t\t\t\t\t\t\t\t\t\t\t<\/a>\n\t\t\t\t\t\t\t<a class=\"e-gallery-item elementor-gallery-item elementor-animated-content\" href=\"https:\/\/hopeandjusticefoundation.com\/wp-content\/uploads\/2023\/03\/WhatsApp-Image-2023-03-18-at-11.49.16-2.jpeg\" data-elementor-open-lightbox=\"yes\" data-elementor-lightbox-slideshow=\"fb6d0e5\" data-elementor-lightbox-title=\"WhatsApp Image 2023-03-18 at 11.49.16 (2)\" data-e-action-hash=\"#elementor-action%3Aaction%3Dlightbox%26settings%3DeyJpZCI6Mjg0MCwidXJsIjoiaHR0cHM6XC9cL2hvcGVhbmRqdXN0aWNlZm91bmRhdGlvbi5jb21cL3dwLWNvbnRlbnRcL3VwbG9hZHNcLzIwMjNcLzAzXC9XaGF0c0FwcC1JbWFnZS0yMDIzLTAzLTE4LWF0LTExLjQ5LjE2LTIuanBlZyIsInNsaWRlc2hvdyI6ImZiNmQwZTUifQ%3D%3D\">\n\t\t\t\t\t<div class=\"e-gallery-image elementor-gallery-item__image\" data-thumbnail=\"https:\/\/hopeandjusticefoundation.com\/wp-content\/uploads\/2023\/03\/WhatsApp-Image-2023-03-18-at-11.49.16-2-300x225.jpeg\" data-width=\"300\" data-height=\"225\" aria-label=\"\" role=\"img\" ><\/div>\n\t\t\t\t\t\t\t\t\t\t\t<div class=\"elementor-gallery-item__overlay\"><\/div>\n\t\t\t\t\t\t\t\t\t\t\t\t\t\t<\/a>\n\t\t\t\t\t\t\t<a class=\"e-gallery-item elementor-gallery-item elementor-animated-content\" href=\"https:\/\/hopeandjusticefoundation.com\/wp-content\/uploads\/2023\/03\/WhatsApp-Image-2023-03-18-at-11.49.16.jpeg\" data-elementor-open-lightbox=\"yes\" data-elementor-lightbox-slideshow=\"fb6d0e5\" data-elementor-lightbox-title=\"WhatsApp Image 2023-03-18 at 11.49.16\" data-e-action-hash=\"#elementor-action%3Aaction%3Dlightbox%26settings%3DeyJpZCI6Mjg0MSwidXJsIjoiaHR0cHM6XC9cL2hvcGVhbmRqdXN0aWNlZm91bmRhdGlvbi5jb21cL3dwLWNvbnRlbnRcL3VwbG9hZHNcLzIwMjNcLzAzXC9XaGF0c0FwcC1JbWFnZS0yMDIzLTAzLTE4LWF0LTExLjQ5LjE2LmpwZWciLCJzbGlkZXNob3ciOiJmYjZkMGU1In0%3D\">\n\t\t\t\t\t<div class=\"e-gallery-image elementor-gallery-item__image\" data-thumbnail=\"https:\/\/hopeandjusticefoundation.com\/wp-content\/uploads\/2023\/03\/WhatsApp-Image-2023-03-18-at-11.49.16-300x225.jpeg\" data-width=\"300\" data-height=\"225\" aria-label=\"\" role=\"img\" ><\/div>\n\t\t\t\t\t\t\t\t\t\t\t<div class=\"elementor-gallery-item__overlay\"><\/div>\n\t\t\t\t\t\t\t\t\t\t\t\t\t\t<\/a>\n\t\t\t\t\t\t\t<a class=\"e-gallery-item elementor-gallery-item elementor-animated-content\" href=\"https:\/\/hopeandjusticefoundation.com\/wp-content\/uploads\/2023\/03\/WhatsApp-Image-2023-03-18-at-11.49.17.jpeg\" data-elementor-open-lightbox=\"yes\" data-elementor-lightbox-slideshow=\"fb6d0e5\" data-elementor-lightbox-title=\"WhatsApp Image 2023-03-18 at 11.49.17\" data-e-action-hash=\"#elementor-action%3Aaction%3Dlightbox%26settings%3DeyJpZCI6Mjg0MiwidXJsIjoiaHR0cHM6XC9cL2hvcGVhbmRqdXN0aWNlZm91bmRhdGlvbi5jb21cL3dwLWNvbnRlbnRcL3VwbG9hZHNcLzIwMjNcLzAzXC9XaGF0c0FwcC1JbWFnZS0yMDIzLTAzLTE4LWF0LTExLjQ5LjE3LmpwZWciLCJzbGlkZXNob3ciOiJmYjZkMGU1In0%3D\">\n\t\t\t\t\t<div class=\"e-gallery-image elementor-gallery-item__image\" data-thumbnail=\"https:\/\/hopeandjusticefoundation.com\/wp-content\/uploads\/2023\/03\/WhatsApp-Image-2023-03-18-at-11.49.17-225x300.jpeg\" data-width=\"225\" data-height=\"300\" aria-label=\"\" role=\"img\" ><\/div>\n\t\t\t\t\t\t\t\t\t\t\t<div class=\"elementor-gallery-item__overlay\"><\/div>\n\t\t\t\t\t\t\t\t\t\t\t\t\t\t<\/a>\n\t\t\t\t\t<\/div>\n\t\t\t\t\t<\/div>\n\t\t\t\t<\/div>\n\t\t\t\t\t<\/div>\n\t\t<\/div>\n\t\t\t\t\t<\/div>\n\t\t<\/section>\n\t\t\t\t<\/div>","protected":false},"excerpt":{"rendered":"<p>Our Saturday started with the start of a wonderful partnership. We received a huge amount of HOPE (essential oil specially developed for survivors and victims of human trafficking and domestic violence).Thank you to everyone at doTerra for joining us in this fight and contributing with \u201cdrops of hope\u201d<\/p>","protected":false},"author":1,"featured_media":0,"parent":1243,"menu_order":0,"comment_status":"closed","ping_status":"closed","template":"elementor_header_footer","meta":{"footnotes":""},"class_list":["post-2826","page","type-page","status-publish","hentry"],"aioseo_notices":[],"yoast_head":"<!-- This site is optimized with the Yoast SEO plugin v26.5 - https:\/\/yoast.com\/wordpress\/plugins\/seo\/ -->\n<title>Terra Partnership 19\/03\/2023 - Hope &amp; Justice Foundation<\/title>\n<meta name=\"robots\" content=\"index, follow, max-snippet:-1, max-image-preview:large, max-video-preview:-1\" \/>\n<link rel=\"canonical\" href=\"https:\/\/hopeandjusticefoundation.com\/pt\/events\/terra-partnership-19-03-2023\/\" \/>\n<meta property=\"og:locale\" content=\"pt_BR\" \/>\n<meta property=\"og:type\" content=\"article\" \/>\n<meta property=\"og:title\" content=\"Terra Partnership 19\/03\/2023 - Hope &amp; Justice Foundation\" \/>\n<meta property=\"og:description\" content=\"Our Saturday started with the start of a wonderful partnership. We received a huge amount of HOPE (essential oil specially developed for survivors and victims of human trafficking and domestic violence).Thank you to everyone at doTerra for joining us in this fight and contributing with \u201cdrops of hope\u201d\" \/>\n<meta property=\"og:url\" content=\"https:\/\/hopeandjusticefoundation.com\/pt\/events\/terra-partnership-19-03-2023\/\" \/>\n<meta property=\"og:site_name\" content=\"Hope &amp; Justice Foundation\" \/>\n<meta property=\"article:modified_time\" content=\"2023-03-27T13:05:52+00:00\" \/>\n<meta property=\"og:image\" content=\"https:\/\/hopeandjusticefoundation.com\/wp-content\/uploads\/2022\/05\/shareimage.jpg\" \/>\n\t<meta property=\"og:image:width\" content=\"1057\" \/>\n\t<meta property=\"og:image:height\" content=\"962\" \/>\n\t<meta property=\"og:image:type\" content=\"image\/jpeg\" \/>\n<meta name=\"twitter:card\" content=\"summary_large_image\" \/>\n<meta name=\"twitter:label1\" content=\"Est. tempo de leitura\" \/>\n\t<meta name=\"twitter:data1\" content=\"1 minuto\" \/>\n<script type=\"application\/ld+json\" class=\"yoast-schema-graph\">{\"@context\":\"https:\/\/schema.org\",\"@graph\":[{\"@type\":\"WebPage\",\"@id\":\"https:\/\/hopeandjusticefoundation.com\/events\/terra-partnership-19-03-2023\/\",\"url\":\"https:\/\/hopeandjusticefoundation.com\/events\/terra-partnership-19-03-2023\/\",\"name\":\"Terra Partnership 19\/03\/2023 - Hope &amp; Justice Foundation\",\"isPartOf\":{\"@id\":\"https:\/\/hopeandjusticefoundation.com\/#website\"},\"datePublished\":\"2023-03-24T22:47:20+00:00\",\"dateModified\":\"2023-03-27T13:05:52+00:00\",\"breadcrumb\":{\"@id\":\"https:\/\/hopeandjusticefoundation.com\/events\/terra-partnership-19-03-2023\/#breadcrumb\"},\"inLanguage\":\"pt-BR\",\"potentialAction\":[{\"@type\":\"ReadAction\",\"target\":[\"https:\/\/hopeandjusticefoundation.com\/events\/terra-partnership-19-03-2023\/\"]}]},{\"@type\":\"BreadcrumbList\",\"@id\":\"https:\/\/hopeandjusticefoundation.com\/events\/terra-partnership-19-03-2023\/#breadcrumb\",\"itemListElement\":[{\"@type\":\"ListItem\",\"position\":1,\"name\":\"In\u00edcio\",\"item\":\"https:\/\/hopeandjusticefoundation.com\/\"},{\"@type\":\"ListItem\",\"position\":2,\"name\":\"EVENTS\",\"item\":\"https:\/\/hopeandjusticefoundation.com\/events\/\"},{\"@type\":\"ListItem\",\"position\":3,\"name\":\"Terra Partnership 19\/03\/2023\"}]},{\"@type\":\"WebSite\",\"@id\":\"https:\/\/hopeandjusticefoundation.com\/#website\",\"url\":\"https:\/\/hopeandjusticefoundation.com\/\",\"name\":\"Hope &amp; Justice Foundation\",\"description\":\"Combate ao tr\u00e1fico humano - hope &amp; justice\",\"publisher\":{\"@id\":\"https:\/\/hopeandjusticefoundation.com\/#organization\"},\"potentialAction\":[{\"@type\":\"SearchAction\",\"target\":{\"@type\":\"EntryPoint\",\"urlTemplate\":\"https:\/\/hopeandjusticefoundation.com\/?s={search_term_string}\"},\"query-input\":{\"@type\":\"PropertyValueSpecification\",\"valueRequired\":true,\"valueName\":\"search_term_string\"}}],\"inLanguage\":\"pt-BR\"},{\"@type\":\"Organization\",\"@id\":\"https:\/\/hopeandjusticefoundation.com\/#organization\",\"name\":\"Hope &amp; Justice Foundation\",\"url\":\"https:\/\/hopeandjusticefoundation.com\/\",\"logo\":{\"@type\":\"ImageObject\",\"inLanguage\":\"pt-BR\",\"@id\":\"https:\/\/hopeandjusticefoundation.com\/#\/schema\/logo\/image\/\",\"url\":\"https:\/\/hopeandjusticefoundation.com\/wp-content\/uploads\/2022\/03\/logo-hope-justice-new.png\",\"contentUrl\":\"https:\/\/hopeandjusticefoundation.com\/wp-content\/uploads\/2022\/03\/logo-hope-justice-new.png\",\"width\":500,\"height\":500,\"caption\":\"Hope &amp; Justice Foundation\"},\"image\":{\"@id\":\"https:\/\/hopeandjusticefoundation.com\/#\/schema\/logo\/image\/\"}}]}<\/script>\n<!-- \/ Yoast SEO plugin. -->","yoast_head_json":{"title":"Terra Partnership 19\/03\/2023 - Hope &amp; Justice Foundation","robots":{"index":"index","follow":"follow","max-snippet":"max-snippet:-1","max-image-preview":"max-image-preview:large","max-video-preview":"max-video-preview:-1"},"canonical":"https:\/\/hopeandjusticefoundation.com\/pt\/events\/terra-partnership-19-03-2023\/","og_locale":"pt_BR","og_type":"article","og_title":"Terra Partnership 19\/03\/2023 - Hope &amp; Justice Foundation","og_description":"Our Saturday started with the start of a wonderful partnership. We received a huge amount of HOPE (essential oil specially developed for survivors and victims of human trafficking and domestic violence).Thank you to everyone at doTerra for joining us in this fight and contributing with \u201cdrops of hope\u201d","og_url":"https:\/\/hopeandjusticefoundation.com\/pt\/events\/terra-partnership-19-03-2023\/","og_site_name":"Hope &amp; Justice Foundation","article_modified_time":"2023-03-27T13:05:52+00:00","og_image":[{"width":1057,"height":962,"url":"https:\/\/hopeandjusticefoundation.com\/wp-content\/uploads\/2022\/05\/shareimage.jpg","type":"image\/jpeg"}],"twitter_card":"summary_large_image","twitter_misc":{"Est. tempo de leitura":"1 minuto"},"schema":{"@context":"https:\/\/schema.org","@graph":[{"@type":"WebPage","@id":"https:\/\/hopeandjusticefoundation.com\/events\/terra-partnership-19-03-2023\/","url":"https:\/\/hopeandjusticefoundation.com\/events\/terra-partnership-19-03-2023\/","name":"Terra Partnership 19\/03\/2023 - Hope &amp; Justice Foundation","isPartOf":{"@id":"https:\/\/hopeandjusticefoundation.com\/#website"},"datePublished":"2023-03-24T22:47:20+00:00","dateModified":"2023-03-27T13:05:52+00:00","breadcrumb":{"@id":"https:\/\/hopeandjusticefoundation.com\/events\/terra-partnership-19-03-2023\/#breadcrumb"},"inLanguage":"pt-BR","potentialAction":[{"@type":"ReadAction","target":["https:\/\/hopeandjusticefoundation.com\/events\/terra-partnership-19-03-2023\/"]}]},{"@type":"BreadcrumbList","@id":"https:\/\/hopeandjusticefoundation.com\/events\/terra-partnership-19-03-2023\/#breadcrumb","itemListElement":[{"@type":"ListItem","position":1,"name":"In\u00edcio","item":"https:\/\/hopeandjusticefoundation.com\/"},{"@type":"ListItem","position":2,"name":"EVENTS","item":"https:\/\/hopeandjusticefoundation.com\/events\/"},{"@type":"ListItem","position":3,"name":"Terra Partnership 19\/03\/2023"}]},{"@type":"WebSite","@id":"https:\/\/hopeandjusticefoundation.com\/#website","url":"https:\/\/hopeandjusticefoundation.com\/","name":"Hope &amp; Justice Foundation","description":"Combate ao tr\u00e1fico humano - hope &amp; justice","publisher":{"@id":"https:\/\/hopeandjusticefoundation.com\/#organization"},"potentialAction":[{"@type":"SearchAction","target":{"@type":"EntryPoint","urlTemplate":"https:\/\/hopeandjusticefoundation.com\/?s={search_term_string}"},"query-input":{"@type":"PropertyValueSpecification","valueRequired":true,"valueName":"search_term_string"}}],"inLanguage":"pt-BR"},{"@type":"Organization","@id":"https:\/\/hopeandjusticefoundation.com\/#organization","name":"Hope &amp; Justice Foundation","url":"https:\/\/hopeandjusticefoundation.com\/","logo":{"@type":"ImageObject","inLanguage":"pt-BR","@id":"https:\/\/hopeandjusticefoundation.com\/#\/schema\/logo\/image\/","url":"https:\/\/hopeandjusticefoundation.com\/wp-content\/uploads\/2022\/03\/logo-hope-justice-new.png","contentUrl":"https:\/\/hopeandjusticefoundation.com\/wp-content\/uploads\/2022\/03\/logo-hope-justice-new.png","width":500,"height":500,"caption":"Hope &amp; Justice Foundation"},"image":{"@id":"https:\/\/hopeandjusticefoundation.com\/#\/schema\/logo\/image\/"}}]}},"_links":{"self":[{"href":"https:\/\/hopeandjusticefoundation.com\/pt\/wp-json\/wp\/v2\/pages\/2826","targetHints":{"allow":["GET"]}}],"collection":[{"href":"https:\/\/hopeandjusticefoundation.com\/pt\/wp-json\/wp\/v2\/pages"}],"about":[{"href":"https:\/\/hopeandjusticefoundation.com\/pt\/wp-json\/wp\/v2\/types\/page"}],"author":[{"embeddable":true,"href":"https:\/\/hopeandjusticefoundation.com\/pt\/wp-json\/wp\/v2\/users\/1"}],"replies":[{"embeddable":true,"href":"https:\/\/hopeandjusticefoundation.com\/pt\/wp-json\/wp\/v2\/comments?post=2826"}],"version-history":[{"count":6,"href":"https:\/\/hopeandjusticefoundation.com\/pt\/wp-json\/wp\/v2\/pages\/2826\/revisions"}],"predecessor-version":[{"id":2919,"href":"https:\/\/hopeandjusticefoundation.com\/pt\/wp-json\/wp\/v2\/pages\/2826\/revisions\/2919"}],"up":[{"embeddable":true,"href":"https:\/\/hopeandjusticefoundation.com\/pt\/wp-json\/wp\/v2\/pages\/1243"}],"wp:attachment":[{"href":"https:\/\/hopeandjusticefoundation.com\/pt\/wp-json\/wp\/v2\/media?parent=2826"}],"curies":[{"name":"wp","href":"https:\/\/api.w.org\/{rel}","templated":true}]}}