{"id":1162,"date":"2022-05-04T14:32:41","date_gmt":"2022-05-04T17:32:41","guid":{"rendered":"https:\/\/hopeandjusticefoundation.com\/?page_id=1162"},"modified":"2022-08-15T16:05:26","modified_gmt":"2022-08-15T19:05:26","slug":"learn-more","status":"publish","type":"page","link":"https:\/\/hopeandjusticefoundation.com\/pt\/learn-more\/","title":{"rendered":"Saiba mais"},"content":{"rendered":"<div data-elementor-type=\"wp-page\" data-elementor-id=\"1162\" class=\"elementor elementor-1162\" data-elementor-post-type=\"page\">\n\t\t\t\t\t\t<section class=\"elementor-section elementor-top-section elementor-element elementor-element-1ee72ce secbranca elementor-section-boxed elementor-section-height-default elementor-section-height-default\" data-id=\"1ee72ce\" data-element_type=\"section\">\n\t\t\t\t\t\t<div class=\"elementor-container elementor-column-gap-default\">\n\t\t\t\t\t<div class=\"elementor-column elementor-col-100 elementor-top-column elementor-element elementor-element-ab1453a\" data-id=\"ab1453a\" data-element_type=\"column\">\n\t\t\t<div class=\"elementor-widget-wrap elementor-element-populated\">\n\t\t\t\t\t\t<div class=\"elementor-element elementor-element-9c715e5 elementor-widget elementor-widget-heading\" data-id=\"9c715e5\" data-element_type=\"widget\" data-widget_type=\"heading.default\">\n\t\t\t\t<div class=\"elementor-widget-container\">\n\t\t\t\t\t<h4 class=\"elementor-heading-title elementor-size-default\">O que \u00e9 tr\u00e1fico humano?<\/h4>\t\t\t\t<\/div>\n\t\t\t\t<\/div>\n\t\t\t\t<div class=\"elementor-element elementor-element-273b4fd elementor-widget elementor-widget-text-editor\" data-id=\"273b4fd\" data-element_type=\"widget\" data-widget_type=\"text-editor.default\">\n\t\t\t\t<div class=\"elementor-widget-container\">\n\t\t\t\t\t\t\t\t\t<p>Tr\u00e1fico de pessoas \u00e9 \u201co recrutamento, transporte, transfer\u00eancia, abrigo ou recebimento de pessoas por meio de amea\u00e7a, for\u00e7a ou outras formas de coer\u00e7\u00e3o, sequestro, fraude, engano, abuso de poder, uma posi\u00e7\u00e3o vulner\u00e1vel de dar ou receber pagamentos ou benef\u00edcios para obter o consentimento de uma pessoa ter controle sobre eles, para fins de explora\u00e7\u00e3o\u201d. Essa defini\u00e7\u00e3o pode ser encontrada no Protocolo de Preven\u00e7\u00e3o, Repress\u00e3o e Puni\u00e7\u00e3o ao Tr\u00e1fico de Pessoas, Especialmente Mulheres e Crian\u00e7as, complementar \u00e0 Conven\u00e7\u00e3o das Na\u00e7\u00f5es Unidas contra o Crime Organizado Transnacional, tamb\u00e9m conhecida como Conven\u00e7\u00e3o de Palermo.<\/p><p>Um n\u00famero crescente de Estados est\u00e1 ratificando a Conven\u00e7\u00e3o de Palermo e seus protocolos, incluindo pa\u00edses da \u00e1rea de abrang\u00eancia do Call Office e da Parceria UNODC no Brasil.<\/p>\t\t\t\t\t\t\t\t<\/div>\n\t\t\t\t<\/div>\n\t\t\t\t\t<\/div>\n\t\t<\/div>\n\t\t\t\t\t<\/div>\n\t\t<\/section>\n\t\t\t\t<section class=\"elementor-section elementor-top-section elementor-element elementor-element-5c1cf74 secbranca elementor-section-boxed elementor-section-height-default elementor-section-height-default\" data-id=\"5c1cf74\" data-element_type=\"section\">\n\t\t\t\t\t\t<div class=\"elementor-container elementor-column-gap-default\">\n\t\t\t\t\t<div class=\"elementor-column elementor-col-100 elementor-top-column elementor-element elementor-element-1e5fd74\" data-id=\"1e5fd74\" data-element_type=\"column\">\n\t\t\t<div class=\"elementor-widget-wrap elementor-element-populated\">\n\t\t\t\t\t\t<div class=\"elementor-element elementor-element-bea8ebf elementor-widget elementor-widget-heading\" data-id=\"bea8ebf\" data-element_type=\"widget\" data-widget_type=\"heading.default\">\n\t\t\t\t<div class=\"elementor-widget-container\">\n\t\t\t\t\t<h4 class=\"elementor-heading-title elementor-size-default\">Elementos do Tr\u00e1fico Humano<\/h4>\t\t\t\t<\/div>\n\t\t\t\t<\/div>\n\t\t\t\t<div class=\"elementor-element elementor-element-fd08d0b elementor-widget elementor-widget-text-editor\" data-id=\"fd08d0b\" data-element_type=\"widget\" data-widget_type=\"text-editor.default\">\n\t\t\t\t<div class=\"elementor-widget-container\">\n\t\t\t\t\t\t\t\t\t<h4>O ato (o que \u00e9 feito):<\/h4><p>Recrutamento, transporte, transfer\u00eancia, alojamento ou reten\u00e7\u00e3o de pessoas.<\/p><h4>Os meios (como \u00e9 feito):<\/h4><p>Amea\u00e7a ou uso da for\u00e7a, coa\u00e7\u00e3o, sequestro, fraude, engano, abuso de poder ou vulnerabilidade, ou pagamentos ou benef\u00edcios em troca do controle da vida da v\u00edtima.<\/p><h4>Objetivo (por que \u00e9 feito):<\/h4><p>Para fins de explora\u00e7\u00e3o, que inclui prostitui\u00e7\u00e3o, explora\u00e7\u00e3o sexual, trabalho for\u00e7ado, escravid\u00e3o, remo\u00e7\u00e3o de \u00f3rg\u00e3os e pr\u00e1ticas similares. Para verificar se uma circunst\u00e2ncia particular constitui tr\u00e1fico de pessoas, considere a defini\u00e7\u00e3o de tr\u00e1fico no Protocolo de Tr\u00e1fico de Pessoas e os elementos constitutivos do delito conforme definido pela legisla\u00e7\u00e3o nacional pertinente.<\/p>\t\t\t\t\t\t\t\t<\/div>\n\t\t\t\t<\/div>\n\t\t\t\t\t<\/div>\n\t\t<\/div>\n\t\t\t\t\t<\/div>\n\t\t<\/section>\n\t\t\t\t<section class=\"elementor-section elementor-top-section elementor-element elementor-element-57271cb secbranca elementor-section-boxed elementor-section-height-default elementor-section-height-default\" data-id=\"57271cb\" data-element_type=\"section\">\n\t\t\t\t\t\t<div class=\"elementor-container elementor-column-gap-default\">\n\t\t\t\t\t<div class=\"elementor-column elementor-col-100 elementor-top-column elementor-element elementor-element-a24bee0\" data-id=\"a24bee0\" data-element_type=\"column\">\n\t\t\t<div class=\"elementor-widget-wrap elementor-element-populated\">\n\t\t\t\t\t\t<div class=\"elementor-element elementor-element-cdab567 elementor-widget elementor-widget-heading\" data-id=\"cdab567\" data-element_type=\"widget\" data-widget_type=\"heading.default\">\n\t\t\t\t<div class=\"elementor-widget-container\">\n\t\t\t\t\t<h4 class=\"elementor-heading-title elementor-size-default\">O que \u00e9 o contrabando de migrantes?<\/h4>\t\t\t\t<\/div>\n\t\t\t\t<\/div>\n\t\t\t\t<div class=\"elementor-element elementor-element-dc80496 elementor-widget elementor-widget-text-editor\" data-id=\"dc80496\" data-element_type=\"widget\" data-widget_type=\"text-editor.default\">\n\t\t\t\t<div class=\"elementor-widget-container\">\n\t\t\t\t\t\t\t\t\t<p>O Contrabando de Migrantes \u00e9 um crime que envolve a obten\u00e7\u00e3o de benef\u00edcio financeiro ou material da entrada ilegal de uma pessoa em um Estado em que essa pessoa n\u00e3o \u00e9 nacional ou residente. O contrabando de migrantes afeta quase todos os pa\u00edses do mundo. Isso prejudica a integridade de pa\u00edses e comunidades e custa milhares de vidas a cada ano. O UNODC, como guardi\u00e3o da Conven\u00e7\u00e3o das Na\u00e7\u00f5es Unidas contra o Crime Organizado Transnacional (UNTOC) e seus Protocolos, auxilia os Estados em seus esfor\u00e7os para implementar o Protocolo contra o Contrabando de Migrantes por Terra, Mar e Ar (Protocolo de Migrantes).<\/p>\t\t\t\t\t\t\t\t<\/div>\n\t\t\t\t<\/div>\n\t\t\t\t\t<\/div>\n\t\t<\/div>\n\t\t\t\t\t<\/div>\n\t\t<\/section>\n\t\t\t\t<section class=\"elementor-section elementor-top-section elementor-element elementor-element-b6855d9 secbranca elementor-section-boxed elementor-section-height-default elementor-section-height-default\" data-id=\"b6855d9\" data-element_type=\"section\">\n\t\t\t\t\t\t<div class=\"elementor-container elementor-column-gap-default\">\n\t\t\t\t\t<div class=\"elementor-column elementor-col-100 elementor-top-column elementor-element elementor-element-788320d\" data-id=\"788320d\" data-element_type=\"column\">\n\t\t\t<div class=\"elementor-widget-wrap elementor-element-populated\">\n\t\t\t\t\t\t<div class=\"elementor-element elementor-element-11aa37b elementor-widget elementor-widget-heading\" data-id=\"11aa37b\" data-element_type=\"widget\" data-widget_type=\"heading.default\">\n\t\t\t\t<div class=\"elementor-widget-container\">\n\t\t\t\t\t<h4 class=\"elementor-heading-title elementor-size-default\">Qual \u00e9 a diferen\u00e7a entre tr\u00e1fico de pessoas e contrabando de migrantes?<\/h4>\t\t\t\t<\/div>\n\t\t\t\t<\/div>\n\t\t\t\t<div class=\"elementor-element elementor-element-c967a94 elementor-widget elementor-widget-text-editor\" data-id=\"c967a94\" data-element_type=\"widget\" data-widget_type=\"text-editor.default\">\n\t\t\t\t<div class=\"elementor-widget-container\">\n\t\t\t\t\t\t\t\t\t<h4>Consentimento<\/h4><p>O contrabando de migrantes, mesmo em condi\u00e7\u00f5es perigosas e degradantes, envolve o conhecimento e o consentimento da pessoa contrabandeada quanto ao ato criminoso. No tr\u00e1fico de pessoas, o consentimento da v\u00edtima do tr\u00e1fico \u00e9 irrelevante para que a a\u00e7\u00e3o seja caracterizada como tr\u00e1fico ou explora\u00e7\u00e3o de seres humanos, uma vez que geralmente \u00e9 obtido com insucesso.<\/p><h4>Explora\u00e7\u00e3o<\/h4><p>O contrabando termina com a chegada do migrante ao seu destino, enquanto o tr\u00e1fico de pessoas envolve, ap\u00f3s a chegada, a explora\u00e7\u00e3o da v\u00edtima pelos traficantes, com o objetivo de obter algum benef\u00edcio ou lucro, atrav\u00e9s da explora\u00e7\u00e3o. Do ponto de vista pr\u00e1tico, as v\u00edtimas do tr\u00e1fico de pessoas tendem a ser mais severamente afetadas e precisam de maior prote\u00e7\u00e3o.<\/p><h4>Car\u00e1ter transnacional<\/h4><p>O contrabando de migrantes \u00e9 sempre transnacional, enquanto o tr\u00e1fico de pessoas pode ocorrer tanto internacionalmente quanto no pr\u00f3prio pa\u00eds.<\/p>\t\t\t\t\t\t\t\t<\/div>\n\t\t\t\t<\/div>\n\t\t\t\t\t<\/div>\n\t\t<\/div>\n\t\t\t\t\t<\/div>\n\t\t<\/section>\n\t\t\t\t<\/div>","protected":false},"excerpt":{"rendered":"<p>What is human trafficking? Human Trafficking is &#8220;the recruitment, transportation, transfer, harboring or receipt of people through threat, force or other ways of coercion, abduction, fraud, deception, power abuse, a vulnerable position of giving or receiving payments or benefits to obtain a person&#8217;s consent to have control over them, for the purpose of exploitation\u201d. This &hellip; <\/p>\n<p class=\"link-more\"><a href=\"https:\/\/hopeandjusticefoundation.com\/pt\/learn-more\/\" class=\"more-link\">Continue lendo<span class=\"screen-reader-text\"> &#8220;Learn more&#8221;<\/span><\/a><\/p>","protected":false},"author":1,"featured_media":0,"parent":0,"menu_order":0,"comment_status":"closed","ping_status":"closed","template":"elementor_header_footer","meta":{"footnotes":""},"class_list":["post-1162","page","type-page","status-publish","hentry"],"aioseo_notices":[],"yoast_head":"<!-- This site is optimized with the Yoast SEO plugin v26.5 - https:\/\/yoast.com\/wordpress\/plugins\/seo\/ -->\n<title>Learn more - Hope &amp; Justice Foundation<\/title>\n<meta name=\"robots\" content=\"index, follow, max-snippet:-1, max-image-preview:large, max-video-preview:-1\" \/>\n<link rel=\"canonical\" href=\"https:\/\/hopeandjusticefoundation.com\/pt\/learn-more\/\" \/>\n<meta property=\"og:locale\" content=\"pt_BR\" \/>\n<meta property=\"og:type\" content=\"article\" \/>\n<meta property=\"og:title\" content=\"Learn more - Hope &amp; Justice Foundation\" \/>\n<meta property=\"og:description\" content=\"What is human trafficking? Human Trafficking is &#8220;the recruitment, transportation, transfer, harboring or receipt of people through threat, force or other ways of coercion, abduction, fraud, deception, power abuse, a vulnerable position of giving or receiving payments or benefits to obtain a person&#8217;s consent to have control over them, for the purpose of exploitation\u201d. This &hellip; Continue lendo &quot;Learn more&quot;\" \/>\n<meta property=\"og:url\" content=\"https:\/\/hopeandjusticefoundation.com\/pt\/learn-more\/\" \/>\n<meta property=\"og:site_name\" content=\"Hope &amp; Justice Foundation\" \/>\n<meta property=\"article:modified_time\" content=\"2022-08-15T19:05:26+00:00\" \/>\n<meta property=\"og:image\" content=\"https:\/\/hopeandjusticefoundation.com\/wp-content\/uploads\/2022\/05\/shareimage.jpg\" \/>\n\t<meta property=\"og:image:width\" content=\"1057\" \/>\n\t<meta property=\"og:image:height\" content=\"962\" \/>\n\t<meta property=\"og:image:type\" content=\"image\/jpeg\" \/>\n<meta name=\"twitter:card\" content=\"summary_large_image\" \/>\n<meta name=\"twitter:label1\" content=\"Est. tempo de leitura\" \/>\n\t<meta name=\"twitter:data1\" content=\"3 minutos\" \/>\n<script type=\"application\/ld+json\" class=\"yoast-schema-graph\">{\"@context\":\"https:\/\/schema.org\",\"@graph\":[{\"@type\":\"WebPage\",\"@id\":\"https:\/\/hopeandjusticefoundation.com\/learn-more\/\",\"url\":\"https:\/\/hopeandjusticefoundation.com\/learn-more\/\",\"name\":\"Learn more - Hope &amp; Justice Foundation\",\"isPartOf\":{\"@id\":\"https:\/\/hopeandjusticefoundation.com\/#website\"},\"datePublished\":\"2022-05-04T17:32:41+00:00\",\"dateModified\":\"2022-08-15T19:05:26+00:00\",\"breadcrumb\":{\"@id\":\"https:\/\/hopeandjusticefoundation.com\/learn-more\/#breadcrumb\"},\"inLanguage\":\"pt-BR\",\"potentialAction\":[{\"@type\":\"ReadAction\",\"target\":[\"https:\/\/hopeandjusticefoundation.com\/learn-more\/\"]}]},{\"@type\":\"BreadcrumbList\",\"@id\":\"https:\/\/hopeandjusticefoundation.com\/learn-more\/#breadcrumb\",\"itemListElement\":[{\"@type\":\"ListItem\",\"position\":1,\"name\":\"In\u00edcio\",\"item\":\"https:\/\/hopeandjusticefoundation.com\/\"},{\"@type\":\"ListItem\",\"position\":2,\"name\":\"Learn more\"}]},{\"@type\":\"WebSite\",\"@id\":\"https:\/\/hopeandjusticefoundation.com\/#website\",\"url\":\"https:\/\/hopeandjusticefoundation.com\/\",\"name\":\"Hope &amp; Justice Foundation\",\"description\":\"Combate ao tr\u00e1fico humano - hope &amp; justice\",\"publisher\":{\"@id\":\"https:\/\/hopeandjusticefoundation.com\/#organization\"},\"potentialAction\":[{\"@type\":\"SearchAction\",\"target\":{\"@type\":\"EntryPoint\",\"urlTemplate\":\"https:\/\/hopeandjusticefoundation.com\/?s={search_term_string}\"},\"query-input\":{\"@type\":\"PropertyValueSpecification\",\"valueRequired\":true,\"valueName\":\"search_term_string\"}}],\"inLanguage\":\"pt-BR\"},{\"@type\":\"Organization\",\"@id\":\"https:\/\/hopeandjusticefoundation.com\/#organization\",\"name\":\"Hope &amp; Justice Foundation\",\"url\":\"https:\/\/hopeandjusticefoundation.com\/\",\"logo\":{\"@type\":\"ImageObject\",\"inLanguage\":\"pt-BR\",\"@id\":\"https:\/\/hopeandjusticefoundation.com\/#\/schema\/logo\/image\/\",\"url\":\"https:\/\/hopeandjusticefoundation.com\/wp-content\/uploads\/2022\/03\/logo-hope-justice-new.png\",\"contentUrl\":\"https:\/\/hopeandjusticefoundation.com\/wp-content\/uploads\/2022\/03\/logo-hope-justice-new.png\",\"width\":500,\"height\":500,\"caption\":\"Hope &amp; Justice Foundation\"},\"image\":{\"@id\":\"https:\/\/hopeandjusticefoundation.com\/#\/schema\/logo\/image\/\"}}]}<\/script>\n<!-- \/ Yoast SEO plugin. -->","yoast_head_json":{"title":"Learn more - Hope &amp; Justice Foundation","robots":{"index":"index","follow":"follow","max-snippet":"max-snippet:-1","max-image-preview":"max-image-preview:large","max-video-preview":"max-video-preview:-1"},"canonical":"https:\/\/hopeandjusticefoundation.com\/pt\/learn-more\/","og_locale":"pt_BR","og_type":"article","og_title":"Learn more - Hope &amp; Justice Foundation","og_description":"What is human trafficking? Human Trafficking is &#8220;the recruitment, transportation, transfer, harboring or receipt of people through threat, force or other ways of coercion, abduction, fraud, deception, power abuse, a vulnerable position of giving or receiving payments or benefits to obtain a person&#8217;s consent to have control over them, for the purpose of exploitation\u201d. This &hellip; Continue lendo \"Learn more\"","og_url":"https:\/\/hopeandjusticefoundation.com\/pt\/learn-more\/","og_site_name":"Hope &amp; Justice Foundation","article_modified_time":"2022-08-15T19:05:26+00:00","og_image":[{"width":1057,"height":962,"url":"https:\/\/hopeandjusticefoundation.com\/wp-content\/uploads\/2022\/05\/shareimage.jpg","type":"image\/jpeg"}],"twitter_card":"summary_large_image","twitter_misc":{"Est. tempo de leitura":"3 minutos"},"schema":{"@context":"https:\/\/schema.org","@graph":[{"@type":"WebPage","@id":"https:\/\/hopeandjusticefoundation.com\/learn-more\/","url":"https:\/\/hopeandjusticefoundation.com\/learn-more\/","name":"Learn more - Hope &amp; Justice Foundation","isPartOf":{"@id":"https:\/\/hopeandjusticefoundation.com\/#website"},"datePublished":"2022-05-04T17:32:41+00:00","dateModified":"2022-08-15T19:05:26+00:00","breadcrumb":{"@id":"https:\/\/hopeandjusticefoundation.com\/learn-more\/#breadcrumb"},"inLanguage":"pt-BR","potentialAction":[{"@type":"ReadAction","target":["https:\/\/hopeandjusticefoundation.com\/learn-more\/"]}]},{"@type":"BreadcrumbList","@id":"https:\/\/hopeandjusticefoundation.com\/learn-more\/#breadcrumb","itemListElement":[{"@type":"ListItem","position":1,"name":"In\u00edcio","item":"https:\/\/hopeandjusticefoundation.com\/"},{"@type":"ListItem","position":2,"name":"Learn more"}]},{"@type":"WebSite","@id":"https:\/\/hopeandjusticefoundation.com\/#website","url":"https:\/\/hopeandjusticefoundation.com\/","name":"Hope &amp; Justice Foundation","description":"Combate ao tr\u00e1fico humano - hope &amp; justice","publisher":{"@id":"https:\/\/hopeandjusticefoundation.com\/#organization"},"potentialAction":[{"@type":"SearchAction","target":{"@type":"EntryPoint","urlTemplate":"https:\/\/hopeandjusticefoundation.com\/?s={search_term_string}"},"query-input":{"@type":"PropertyValueSpecification","valueRequired":true,"valueName":"search_term_string"}}],"inLanguage":"pt-BR"},{"@type":"Organization","@id":"https:\/\/hopeandjusticefoundation.com\/#organization","name":"Hope &amp; Justice Foundation","url":"https:\/\/hopeandjusticefoundation.com\/","logo":{"@type":"ImageObject","inLanguage":"pt-BR","@id":"https:\/\/hopeandjusticefoundation.com\/#\/schema\/logo\/image\/","url":"https:\/\/hopeandjusticefoundation.com\/wp-content\/uploads\/2022\/03\/logo-hope-justice-new.png","contentUrl":"https:\/\/hopeandjusticefoundation.com\/wp-content\/uploads\/2022\/03\/logo-hope-justice-new.png","width":500,"height":500,"caption":"Hope &amp; Justice Foundation"},"image":{"@id":"https:\/\/hopeandjusticefoundation.com\/#\/schema\/logo\/image\/"}}]}},"_links":{"self":[{"href":"https:\/\/hopeandjusticefoundation.com\/pt\/wp-json\/wp\/v2\/pages\/1162","targetHints":{"allow":["GET"]}}],"collection":[{"href":"https:\/\/hopeandjusticefoundation.com\/pt\/wp-json\/wp\/v2\/pages"}],"about":[{"href":"https:\/\/hopeandjusticefoundation.com\/pt\/wp-json\/wp\/v2\/types\/page"}],"author":[{"embeddable":true,"href":"https:\/\/hopeandjusticefoundation.com\/pt\/wp-json\/wp\/v2\/users\/1"}],"replies":[{"embeddable":true,"href":"https:\/\/hopeandjusticefoundation.com\/pt\/wp-json\/wp\/v2\/comments?post=1162"}],"version-history":[{"count":0,"href":"https:\/\/hopeandjusticefoundation.com\/pt\/wp-json\/wp\/v2\/pages\/1162\/revisions"}],"wp:attachment":[{"href":"https:\/\/hopeandjusticefoundation.com\/pt\/wp-json\/wp\/v2\/media?parent=1162"}],"curies":[{"name":"wp","href":"https:\/\/api.w.org\/{rel}","templated":true}]}}