{"id":1129,"date":"2022-04-28T11:39:18","date_gmt":"2022-04-28T14:39:18","guid":{"rendered":"https:\/\/hopeandjusticefoundation.com\/?page_id=1129"},"modified":"2022-08-05T23:00:01","modified_gmt":"2022-08-06T02:00:01","slug":"sobreviventes","status":"publish","type":"page","link":"https:\/\/hopeandjusticefoundation.com\/pt\/sobreviventes\/","title":{"rendered":"SOBREVIVENTES"},"content":{"rendered":"<div data-elementor-type=\"wp-page\" data-elementor-id=\"1129\" class=\"elementor elementor-1129\" data-elementor-post-type=\"page\">\n\t\t\t\t\t\t<section class=\"elementor-section elementor-top-section elementor-element elementor-element-53a4978 secbranca elementor-section-boxed elementor-section-height-default elementor-section-height-default\" data-id=\"53a4978\" data-element_type=\"section\" data-e-type=\"section\">\n\t\t\t\t\t\t<div class=\"elementor-container elementor-column-gap-default\">\n\t\t\t\t\t<div class=\"elementor-column elementor-col-100 elementor-top-column elementor-element elementor-element-5955fe9\" data-id=\"5955fe9\" data-element_type=\"column\" data-e-type=\"column\">\n\t\t\t<div class=\"elementor-widget-wrap elementor-element-populated\">\n\t\t\t\t\t\t<div class=\"elementor-element elementor-element-da5a51a elementor-widget elementor-widget-heading\" data-id=\"da5a51a\" data-element_type=\"widget\" data-e-type=\"widget\" data-widget_type=\"heading.default\">\n\t\t\t\t<div class=\"elementor-widget-container\">\n\t\t\t\t\t<h4 class=\"elementor-heading-title elementor-size-default\">Sobreviventes<\/h4>\t\t\t\t<\/div>\n\t\t\t\t<\/div>\n\t\t\t\t<div class=\"elementor-element elementor-element-1d1df60 elementor-widget elementor-widget-text-editor\" data-id=\"1d1df60\" data-element_type=\"widget\" data-e-type=\"widget\" data-widget_type=\"text-editor.default\">\n\t\t\t\t<div class=\"elementor-widget-container\">\n\t\t\t\t\t\t\t\t\t<p>Confira abaixo depoimentos de <strong>v\u00edtimas atendidas pela Hope &amp; Justice Foundation<\/strong><\/p>\t\t\t\t\t\t\t\t<\/div>\n\t\t\t\t<\/div>\n\t\t\t\t\t<\/div>\n\t\t<\/div>\n\t\t\t\t\t<\/div>\n\t\t<\/section>\n\t\t\t\t<section class=\"elementor-section elementor-top-section elementor-element elementor-element-4789436 elementor-section-boxed elementor-section-height-default elementor-section-height-default\" data-id=\"4789436\" data-element_type=\"section\" data-e-type=\"section\">\n\t\t\t\t\t\t<div class=\"elementor-container elementor-column-gap-default\">\n\t\t\t\t\t<div class=\"elementor-column elementor-col-100 elementor-top-column elementor-element elementor-element-e7462aa\" data-id=\"e7462aa\" data-element_type=\"column\" data-e-type=\"column\">\n\t\t\t<div class=\"elementor-widget-wrap elementor-element-populated\">\n\t\t\t\t\t\t<div class=\"elementor-element elementor-element-077faa5 elementor-position-inline-start elementor-view-default elementor-mobile-position-block-start elementor-widget elementor-widget-icon-box\" data-id=\"077faa5\" data-element_type=\"widget\" data-e-type=\"widget\" data-widget_type=\"icon-box.default\">\n\t\t\t\t<div class=\"elementor-widget-container\">\n\t\t\t\t\t\t\t<div class=\"elementor-icon-box-wrapper\">\n\n\t\t\t\t\t\t<div class=\"elementor-icon-box-icon\">\n\t\t\t\t<span  class=\"elementor-icon\">\n\t\t\t\t<i aria-hidden=\"true\" class=\"fas fa-video\"><\/i>\t\t\t\t<\/span>\n\t\t\t<\/div>\n\t\t\t\n\t\t\t\t\t\t<div class=\"elementor-icon-box-content\">\n\n\t\t\t\t\t\t\t\t\t<h3 class=\"elementor-icon-box-title\">\n\t\t\t\t\t\t<span  >\n\t\t\t\t\t\t\tDepoimentos em v\u00eddeo\t\t\t\t\t\t<\/span>\n\t\t\t\t\t<\/h3>\n\t\t\t\t\n\t\t\t\t\n\t\t\t<\/div>\n\t\t\t\n\t\t<\/div>\n\t\t\t\t\t\t<\/div>\n\t\t\t\t<\/div>\n\t\t\t\t<div class=\"elementor-element elementor-element-3956bba elementor-skin-carousel elementor-arrows-yes elementor-pagination-type-bullets elementor-pagination-position-outside elementor-widget elementor-widget-media-carousel\" data-id=\"3956bba\" data-element_type=\"widget\" data-e-type=\"widget\" data-settings=\"{&quot;slides_per_view&quot;:&quot;3&quot;,&quot;slides_to_scroll&quot;:&quot;1&quot;,&quot;space_between&quot;:{&quot;unit&quot;:&quot;px&quot;,&quot;size&quot;:20,&quot;sizes&quot;:[]},&quot;skin&quot;:&quot;carousel&quot;,&quot;effect&quot;:&quot;slide&quot;,&quot;show_arrows&quot;:&quot;yes&quot;,&quot;pagination&quot;:&quot;bullets&quot;,&quot;speed&quot;:500,&quot;autoplay&quot;:&quot;yes&quot;,&quot;autoplay_speed&quot;:5000,&quot;loop&quot;:&quot;yes&quot;,&quot;pause_on_hover&quot;:&quot;yes&quot;,&quot;pause_on_interaction&quot;:&quot;yes&quot;,&quot;space_between_tablet&quot;:{&quot;unit&quot;:&quot;px&quot;,&quot;size&quot;:10,&quot;sizes&quot;:[]},&quot;space_between_mobile&quot;:{&quot;unit&quot;:&quot;px&quot;,&quot;size&quot;:10,&quot;sizes&quot;:[]}}\" data-widget_type=\"media-carousel.default\">\n\t\t\t\t<div class=\"elementor-widget-container\">\n\t\t\t\t\t\t\t\t\t<div class=\"elementor-swiper\">\n\t\t\t\t\t<div class=\"elementor-main-swiper swiper\" role=\"region\" aria-roledescription=\"carousel\" aria-label=\"Slides\">\n\t\t\t\t<div class=\"swiper-wrapper\">\n\t\t\t\t\t\t\t\t\t\t\t<div class=\"swiper-slide\" role=\"group\" aria-roledescription=\"slide\">\n\t\t\t\t\t\t\t\t\t<div class=\"elementor-carousel-image\" role=\"img\" aria-label=\"\" style=\"background-image: url(&#039;https:\/\/hopeandjusticefoundation.com\/wp-content\/plugins\/elementor\/assets\/images\/placeholder.png&#039;)\">\n\n\t\t\t\n\t\t\t\t\t\t\t<div class=\"elementor-custom-embed-play\">\n\t\t\t\t\t<i aria-hidden=\"true\" class=\"eicon-play\"><\/i>\t\t\t\t\t<span class=\"elementor-screen-only\">Play<\/span>\n\t\t\t\t<\/div>\n\t\t\t\t\t<\/div>\n\t\t\t\t\t\t\t\t<\/div>\n\t\t\t\t\t\t\t\t\t\t\t<div class=\"swiper-slide\" role=\"group\" aria-roledescription=\"slide\">\n\t\t\t\t\t\t\t\t\t<div class=\"elementor-carousel-image\" role=\"img\" aria-label=\"\" style=\"background-image: url(&#039;https:\/\/hopeandjusticefoundation.com\/wp-content\/plugins\/elementor\/assets\/images\/placeholder.png&#039;)\">\n\n\t\t\t\n\t\t\t\t\t<\/div>\n\t\t\t\t\t\t\t\t<\/div>\n\t\t\t\t\t\t\t\t\t\t\t<div class=\"swiper-slide\" role=\"group\" aria-roledescription=\"slide\">\n\t\t\t\t\t\t\t\t\t<div class=\"elementor-carousel-image\" role=\"img\" aria-label=\"\" style=\"background-image: url(&#039;https:\/\/hopeandjusticefoundation.com\/wp-content\/plugins\/elementor\/assets\/images\/placeholder.png&#039;)\">\n\n\t\t\t\n\t\t\t\t\t<\/div>\n\t\t\t\t\t\t\t\t<\/div>\n\t\t\t\t\t\t\t\t\t\t\t<div class=\"swiper-slide\" role=\"group\" aria-roledescription=\"slide\">\n\t\t\t\t\t\t\t\t\t<div class=\"elementor-carousel-image\" role=\"img\" aria-label=\"\" style=\"background-image: url(&#039;https:\/\/hopeandjusticefoundation.com\/wp-content\/plugins\/elementor\/assets\/images\/placeholder.png&#039;)\">\n\n\t\t\t\n\t\t\t\t\t<\/div>\n\t\t\t\t\t\t\t\t<\/div>\n\t\t\t\t\t\t\t\t\t\t\t<div class=\"swiper-slide\" role=\"group\" aria-roledescription=\"slide\">\n\t\t\t\t\t\t\t\t\t<div class=\"elementor-carousel-image\" role=\"img\" aria-label=\"\" style=\"background-image: url(&#039;https:\/\/hopeandjusticefoundation.com\/wp-content\/plugins\/elementor\/assets\/images\/placeholder.png&#039;)\">\n\n\t\t\t\n\t\t\t\t\t<\/div>\n\t\t\t\t\t\t\t\t<\/div>\n\t\t\t\t\t\t\t\t\t\t\t<div class=\"swiper-slide\" role=\"group\" aria-roledescription=\"slide\">\n\t\t\t\t\t\t\t\t\t<div class=\"elementor-carousel-image\" role=\"img\" aria-label=\"\" style=\"background-image: url(&#039;https:\/\/hopeandjusticefoundation.com\/wp-content\/plugins\/elementor\/assets\/images\/placeholder.png&#039;)\">\n\n\t\t\t\n\t\t\t\t\t<\/div>\n\t\t\t\t\t\t\t\t<\/div>\n\t\t\t\t\t\t\t\t\t\t\t<div class=\"swiper-slide\" role=\"group\" aria-roledescription=\"slide\">\n\t\t\t\t\t\t\t\t\t<div class=\"elementor-carousel-image\" role=\"img\" aria-label=\"\" style=\"background-image: url(&#039;https:\/\/hopeandjusticefoundation.com\/wp-content\/plugins\/elementor\/assets\/images\/placeholder.png&#039;)\">\n\n\t\t\t\n\t\t\t\t\t<\/div>\n\t\t\t\t\t\t\t\t<\/div>\n\t\t\t\t\t\t\t\t\t<\/div>\n\t\t\t\t\t\t\t\t\t\t\t\t\t\t\t<div class=\"elementor-swiper-button elementor-swiper-button-prev\" role=\"button\" tabindex=\"0\" aria-label=\"Previous\">\n\t\t\t\t\t\t\t<i aria-hidden=\"true\" class=\"eicon-chevron-left\"><\/i>\t\t\t\t\t\t<\/div>\n\t\t\t\t\t\t<div class=\"elementor-swiper-button elementor-swiper-button-next\" role=\"button\" tabindex=\"0\" aria-label=\"Next\">\n\t\t\t\t\t\t\t<i aria-hidden=\"true\" class=\"eicon-chevron-right\"><\/i>\t\t\t\t\t\t<\/div>\n\t\t\t\t\t\t\t\t\t\t\t\t\t\t\t\t<div class=\"swiper-pagination\"><\/div>\n\t\t\t\t\t\t\t\t\t\t\t\t<\/div>\n\t\t\t\t<\/div>\n\t\t\t\t\t\t\t\t<\/div>\n\t\t\t\t<\/div>\n\t\t\t\t\t<\/div>\n\t\t<\/div>\n\t\t\t\t\t<\/div>\n\t\t<\/section>\n\t\t\t\t<section class=\"elementor-section elementor-top-section elementor-element elementor-element-b87f78b elementor-section-boxed elementor-section-height-default elementor-section-height-default\" data-id=\"b87f78b\" data-element_type=\"section\" data-e-type=\"section\">\n\t\t\t\t\t\t<div class=\"elementor-container elementor-column-gap-default\">\n\t\t\t\t\t<div class=\"elementor-column elementor-col-100 elementor-top-column elementor-element elementor-element-4387196\" data-id=\"4387196\" data-element_type=\"column\" data-e-type=\"column\">\n\t\t\t<div class=\"elementor-widget-wrap elementor-element-populated\">\n\t\t\t\t\t\t<div class=\"elementor-element elementor-element-c895a86 elementor-position-inline-start elementor-view-default elementor-mobile-position-block-start elementor-widget elementor-widget-icon-box\" data-id=\"c895a86\" data-element_type=\"widget\" data-e-type=\"widget\" data-widget_type=\"icon-box.default\">\n\t\t\t\t<div class=\"elementor-widget-container\">\n\t\t\t\t\t\t\t<div class=\"elementor-icon-box-wrapper\">\n\n\t\t\t\t\t\t<div class=\"elementor-icon-box-icon\">\n\t\t\t\t<span  class=\"elementor-icon\">\n\t\t\t\t<i aria-hidden=\"true\" class=\"fas fa-pen\"><\/i>\t\t\t\t<\/span>\n\t\t\t<\/div>\n\t\t\t\n\t\t\t\t\t\t<div class=\"elementor-icon-box-content\">\n\n\t\t\t\t\t\t\t\t\t<h3 class=\"elementor-icon-box-title\">\n\t\t\t\t\t\t<span  >\n\t\t\t\t\t\t\tDepoimentos em texto\t\t\t\t\t\t<\/span>\n\t\t\t\t\t<\/h3>\n\t\t\t\t\n\t\t\t\t\n\t\t\t<\/div>\n\t\t\t\n\t\t<\/div>\n\t\t\t\t\t\t<\/div>\n\t\t\t\t<\/div>\n\t\t\t\t<div class=\"elementor-element elementor-element-9820853 elementor-testimonial--skin-bubble elementor-testimonial--layout-image_inline elementor-testimonial--align-center elementor-arrows-yes elementor-pagination-type-bullets elementor-widget elementor-widget-testimonial-carousel\" data-id=\"9820853\" data-element_type=\"widget\" data-e-type=\"widget\" data-settings=\"{&quot;slides_per_view&quot;:&quot;1&quot;,&quot;slides_to_scroll&quot;:&quot;1&quot;,&quot;show_arrows&quot;:&quot;yes&quot;,&quot;pagination&quot;:&quot;bullets&quot;,&quot;speed&quot;:500,&quot;autoplay&quot;:&quot;yes&quot;,&quot;autoplay_speed&quot;:5000,&quot;loop&quot;:&quot;yes&quot;,&quot;pause_on_hover&quot;:&quot;yes&quot;,&quot;pause_on_interaction&quot;:&quot;yes&quot;,&quot;space_between&quot;:{&quot;unit&quot;:&quot;px&quot;,&quot;size&quot;:10,&quot;sizes&quot;:[]},&quot;space_between_tablet&quot;:{&quot;unit&quot;:&quot;px&quot;,&quot;size&quot;:10,&quot;sizes&quot;:[]},&quot;space_between_mobile&quot;:{&quot;unit&quot;:&quot;px&quot;,&quot;size&quot;:10,&quot;sizes&quot;:[]}}\" data-widget_type=\"testimonial-carousel.default\">\n\t\t\t\t<div class=\"elementor-widget-container\">\n\t\t\t\t\t\t\t\t\t<div class=\"elementor-swiper\">\n\t\t\t\t\t<div class=\"elementor-main-swiper swiper\" role=\"region\" aria-roledescription=\"carousel\" aria-label=\"Slides\">\n\t\t\t\t<div class=\"swiper-wrapper\">\n\t\t\t\t\t\t\t\t\t\t\t<div class=\"swiper-slide\" role=\"group\" aria-roledescription=\"slide\">\n\t\t\t\t\t\t\t\t\t<div class=\"elementor-testimonial\">\n\t\t\t\t\t\t\t<div class=\"elementor-testimonial__content\">\n\t\t\t\t\t<div class=\"elementor-testimonial__text\">\n\t\t\t\t\t\t\"Primeiramente gratid\u00e3o ao Deus que nos criou.\nCom carinho  e muito respeito por esta Funda\u00e7\u00e3o; quero agradecer  a todos que fazem este projeto Hope & Justice  acontecer genuinamente e se tornar realidade em nossa comunidade.\nAqui fomos  recebidas e acolhidas; orientadas e informadas; cuidadas e amadas em momentos de necessidade; medo e inseguran\u00e7a, consequ\u00eancia de viol\u00eancia e abuso silencioso.\nGratid\u00e3o. Gratid\u00e3o. Gratid\u00e3o!\"\t\t\t\t\t<\/div>\n\t\t\t\t\t\t\t\t\t<\/div>\n\t\t\t\t\t\t<div class=\"elementor-testimonial__footer\">\n\t\t\t\t\t\t\t\t\t<div class=\"elementor-testimonial__image\">\n\t\t\t\t\t\t<img decoding=\"async\" src=\"https:\/\/hopeandjusticefoundation.com\/wp-content\/uploads\/2022\/03\/hj-logof.png\" alt=\"FR &amp; Familia\">\n\t\t\t\t\t\t\t\t\t\t\t<\/div>\n\t\t\t\t\t\t\t\t<cite class=\"elementor-testimonial__cite\"><span class=\"elementor-testimonial__name\">FR & Familia<\/span><\/cite>\t\t\t<\/div>\n\t\t<\/div>\n\t\t\t\t\t\t\t\t<\/div>\n\t\t\t\t\t\t\t\t\t\t\t<div class=\"swiper-slide\" role=\"group\" aria-roledescription=\"slide\">\n\t\t\t\t\t\t\t\t\t<div class=\"elementor-testimonial\">\n\t\t\t\t\t\t\t<div class=\"elementor-testimonial__content\">\n\t\t\t\t\t<div class=\"elementor-testimonial__text\">\n\t\t\t\t\t\t\"Ol\u00e1, estive passando por momentos dif\u00edceis, de abuso psicol\u00f3gico da parte meu marido americano, eu n\u00e3o sabia onde encontrar ajuda, um dia em um banco abrindo uma conta eu comentei com gerente,  e ent\u00e3o ele me deu telefone da Anna Alves presidente da funda\u00e7\u00e3o Hope, \nE ela de pronto me convidou para uma visita, l\u00e1 encontrei  suporte, apoio, e orienta\u00e7\u00f5es que me ajudaram a tomar decis\u00f5es, tive suporte psicol\u00f3gico e espiritual tamb\u00e9m, hoje estou muito melhor, ja n\u00e3o vivo mais nesta situa\u00e7\u00e3o Gra\u00e7as a Deus e ao apoio destas pessoas Hope. Voc\u00ea que esta passando o mesmo eu que passei, n\u00e3o se cale, busque ajuda, essa funda\u00e7\u00e3o apoia mulheres que sofrem abusos dom\u00e9sticos, nela voc\u00ea vai encontrar profissionais habilidades e grupos de apoios aonde voc\u00eas n\u00e3o estaram sozinha.\"\t\t\t\t\t<\/div>\n\t\t\t\t\t\t\t\t\t<\/div>\n\t\t\t\t\t\t<div class=\"elementor-testimonial__footer\">\n\t\t\t\t\t\t\t\t\t<div class=\"elementor-testimonial__image\">\n\t\t\t\t\t\t<img decoding=\"async\" src=\"https:\/\/hopeandjusticefoundation.com\/wp-content\/uploads\/2022\/03\/hj-logof.png\" alt=\"Suely Anthony\">\n\t\t\t\t\t\t\t\t\t\t\t<\/div>\n\t\t\t\t\t\t\t\t<cite class=\"elementor-testimonial__cite\"><span class=\"elementor-testimonial__name\">Suely Anthony<\/span><\/cite>\t\t\t<\/div>\n\t\t<\/div>\n\t\t\t\t\t\t\t\t<\/div>\n\t\t\t\t\t\t\t\t\t\t\t<div class=\"swiper-slide\" role=\"group\" aria-roledescription=\"slide\">\n\t\t\t\t\t\t\t\t\t<div class=\"elementor-testimonial\">\n\t\t\t\t\t\t\t<div class=\"elementor-testimonial__content\">\n\t\t\t\t\t<div class=\"elementor-testimonial__text\">\n\t\t\t\t\t\t\"Sou brasileira e moro em Miami, onde em 2020 conheci um brasileiro, cidad\u00e3o americano, que morava em NY e estava morando em Miami a pouco tempo, tinha um s\u00f3cio que o ajudou a abrir uma escola aqui.\nEu o conheci em um grupo de brasileiros, onde ele colocou que estava alugando um quarto no apto dele.\nEle disse que viajava muito por isso queria alugar o outro quarto para uma pessoa de confian\u00e7a porque ele n\u00e3o iria estar muito. Ele pediu meu Instagram para me conhecer melhor.\nDepois de ter falado por mensagens algumas vezes com o XXX e ele ter baixado o valor do quarto para eu alugar, fui ver pessoalmente antes de decidir. Foi quando ele come\u00e7ou a querer me conquistar, me convidando para tomar vinho, eu n\u00e3o aceitei, mas ele seguiu me mandando mensagens e me convidou para jantar com ele.\t\t\t\t\t<\/div>\n\t\t\t\t\t\t\t\t\t<\/div>\n\t\t\t\t\t\t<div class=\"elementor-testimonial__footer\">\n\t\t\t\t\t\t\t\t<cite class=\"elementor-testimonial__cite\"><span class=\"elementor-testimonial__name\">V\u00edtima<\/span><span class=\"elementor-testimonial__title\">CEO<\/span><\/cite>\t\t\t<\/div>\n\t\t<\/div>\n\t\t\t\t\t\t\t\t<\/div>\n\t\t\t\t\t\t\t\t\t<\/div>\n\t\t\t\t\t\t\t\t\t\t\t\t\t\t\t<div class=\"elementor-swiper-button elementor-swiper-button-prev\" role=\"button\" tabindex=\"0\" aria-label=\"Previous\">\n\t\t\t\t\t\t\t<i aria-hidden=\"true\" class=\"eicon-chevron-left\"><\/i>\t\t\t\t\t\t<\/div>\n\t\t\t\t\t\t<div class=\"elementor-swiper-button elementor-swiper-button-next\" role=\"button\" tabindex=\"0\" aria-label=\"Next\">\n\t\t\t\t\t\t\t<i aria-hidden=\"true\" class=\"eicon-chevron-right\"><\/i>\t\t\t\t\t\t<\/div>\n\t\t\t\t\t\t\t\t\t\t\t\t\t\t\t\t<div class=\"swiper-pagination\"><\/div>\n\t\t\t\t\t\t\t\t\t\t\t\t<\/div>\n\t\t\t\t<\/div>\n\t\t\t\t\t\t\t\t<\/div>\n\t\t\t\t<\/div>\n\t\t\t\t\t<\/div>\n\t\t<\/div>\n\t\t\t\t\t<\/div>\n\t\t<\/section>\n\t\t\t\t<\/div>","protected":false},"excerpt":{"rendered":"<p>Sobreviventes Confira abaixo depoimentos de v\u00edtimas atendidas pela Hope &amp; Justice Foundation &nbsp; Depoimentos em v\u00eddeo Play Previous Next Depoimentos em texto &#8220;Primeiramente gratid\u00e3o ao Deus que nos criou. Com carinho e muito respeito por esta Funda\u00e7\u00e3o; quero agradecer a todos que fazem este projeto Hope &amp; Justice acontecer genuinamente e se tornar realidade em &hellip; <\/p>\n<p class=\"link-more\"><a href=\"https:\/\/hopeandjusticefoundation.com\/pt\/sobreviventes\/\" class=\"more-link\">Continue lendo<span class=\"screen-reader-text\"> &#8220;SOBREVIVENTES&#8221;<\/span><\/a><\/p>","protected":false},"author":1,"featured_media":0,"parent":0,"menu_order":0,"comment_status":"closed","ping_status":"closed","template":"elementor_header_footer","meta":{"footnotes":""},"class_list":["post-1129","page","type-page","status-publish","hentry"],"aioseo_notices":[],"yoast_head":"<!-- This site is optimized with the Yoast SEO plugin v27.5 - https:\/\/yoast.com\/product\/yoast-seo-wordpress\/ -->\n<title>SOBREVIVENTES - Hope &amp; Justice Foundation<\/title>\n<meta name=\"robots\" content=\"index, follow, max-snippet:-1, max-image-preview:large, max-video-preview:-1\" \/>\n<link rel=\"canonical\" href=\"https:\/\/hopeandjusticefoundation.com\/pt\/sobreviventes\/\" \/>\n<meta property=\"og:locale\" content=\"pt_BR\" \/>\n<meta property=\"og:type\" content=\"article\" \/>\n<meta property=\"og:title\" content=\"SOBREVIVENTES - Hope &amp; Justice Foundation\" \/>\n<meta property=\"og:description\" content=\"Sobreviventes Confira abaixo depoimentos de v\u00edtimas atendidas pela Hope &amp; Justice Foundation &nbsp; Depoimentos em v\u00eddeo Play Previous Next Depoimentos em texto &#8220;Primeiramente gratid\u00e3o ao Deus que nos criou. Com carinho e muito respeito por esta Funda\u00e7\u00e3o; quero agradecer a todos que fazem este projeto Hope &amp; Justice acontecer genuinamente e se tornar realidade em &hellip; Continue lendo &quot;SOBREVIVENTES&quot;\" \/>\n<meta property=\"og:url\" content=\"https:\/\/hopeandjusticefoundation.com\/pt\/sobreviventes\/\" \/>\n<meta property=\"og:site_name\" content=\"Hope &amp; Justice Foundation\" \/>\n<meta property=\"article:modified_time\" content=\"2022-08-06T02:00:01+00:00\" \/>\n<meta property=\"og:image\" content=\"https:\/\/hopeandjusticefoundation.com\/wp-content\/uploads\/2022\/03\/hj-logof.png\" \/>\n<meta name=\"twitter:card\" content=\"summary_large_image\" \/>\n<meta name=\"twitter:label1\" content=\"Est. tempo de leitura\" \/>\n\t<meta name=\"twitter:data1\" content=\"3 minutos\" \/>\n<script type=\"application\/ld+json\" class=\"yoast-schema-graph\">{\"@context\":\"https:\\\/\\\/schema.org\",\"@graph\":[{\"@type\":\"WebPage\",\"@id\":\"https:\\\/\\\/hopeandjusticefoundation.com\\\/sobreviventes\\\/\",\"url\":\"https:\\\/\\\/hopeandjusticefoundation.com\\\/sobreviventes\\\/\",\"name\":\"SOBREVIVENTES - Hope &amp; Justice Foundation\",\"isPartOf\":{\"@id\":\"https:\\\/\\\/hopeandjusticefoundation.com\\\/#website\"},\"primaryImageOfPage\":{\"@id\":\"https:\\\/\\\/hopeandjusticefoundation.com\\\/sobreviventes\\\/#primaryimage\"},\"image\":{\"@id\":\"https:\\\/\\\/hopeandjusticefoundation.com\\\/sobreviventes\\\/#primaryimage\"},\"thumbnailUrl\":\"https:\\\/\\\/hopeandjusticefoundation.com\\\/wp-content\\\/uploads\\\/2022\\\/03\\\/hj-logof.png\",\"datePublished\":\"2022-04-28T14:39:18+00:00\",\"dateModified\":\"2022-08-06T02:00:01+00:00\",\"breadcrumb\":{\"@id\":\"https:\\\/\\\/hopeandjusticefoundation.com\\\/sobreviventes\\\/#breadcrumb\"},\"inLanguage\":\"pt-BR\",\"potentialAction\":[{\"@type\":\"ReadAction\",\"target\":[\"https:\\\/\\\/hopeandjusticefoundation.com\\\/sobreviventes\\\/\"]}]},{\"@type\":\"ImageObject\",\"inLanguage\":\"pt-BR\",\"@id\":\"https:\\\/\\\/hopeandjusticefoundation.com\\\/sobreviventes\\\/#primaryimage\",\"url\":\"https:\\\/\\\/hopeandjusticefoundation.com\\\/wp-content\\\/uploads\\\/2022\\\/03\\\/hj-logof.png\",\"contentUrl\":\"https:\\\/\\\/hopeandjusticefoundation.com\\\/wp-content\\\/uploads\\\/2022\\\/03\\\/hj-logof.png\"},{\"@type\":\"BreadcrumbList\",\"@id\":\"https:\\\/\\\/hopeandjusticefoundation.com\\\/sobreviventes\\\/#breadcrumb\",\"itemListElement\":[{\"@type\":\"ListItem\",\"position\":1,\"name\":\"In\u00edcio\",\"item\":\"https:\\\/\\\/hopeandjusticefoundation.com\\\/\"},{\"@type\":\"ListItem\",\"position\":2,\"name\":\"SOBREVIVENTES\"}]},{\"@type\":\"WebSite\",\"@id\":\"https:\\\/\\\/hopeandjusticefoundation.com\\\/#website\",\"url\":\"https:\\\/\\\/hopeandjusticefoundation.com\\\/\",\"name\":\"Hope &amp; Justice Foundation\",\"description\":\"Combate ao tr\u00e1fico humano - hope &amp; justice\",\"publisher\":{\"@id\":\"https:\\\/\\\/hopeandjusticefoundation.com\\\/#organization\"},\"potentialAction\":[{\"@type\":\"SearchAction\",\"target\":{\"@type\":\"EntryPoint\",\"urlTemplate\":\"https:\\\/\\\/hopeandjusticefoundation.com\\\/?s={search_term_string}\"},\"query-input\":{\"@type\":\"PropertyValueSpecification\",\"valueRequired\":true,\"valueName\":\"search_term_string\"}}],\"inLanguage\":\"pt-BR\"},{\"@type\":\"Organization\",\"@id\":\"https:\\\/\\\/hopeandjusticefoundation.com\\\/#organization\",\"name\":\"Hope &amp; Justice Foundation\",\"url\":\"https:\\\/\\\/hopeandjusticefoundation.com\\\/\",\"logo\":{\"@type\":\"ImageObject\",\"inLanguage\":\"pt-BR\",\"@id\":\"https:\\\/\\\/hopeandjusticefoundation.com\\\/#\\\/schema\\\/logo\\\/image\\\/\",\"url\":\"https:\\\/\\\/hopeandjusticefoundation.com\\\/wp-content\\\/uploads\\\/2022\\\/03\\\/logo-hope-justice-new.png\",\"contentUrl\":\"https:\\\/\\\/hopeandjusticefoundation.com\\\/wp-content\\\/uploads\\\/2022\\\/03\\\/logo-hope-justice-new.png\",\"width\":500,\"height\":500,\"caption\":\"Hope &amp; Justice Foundation\"},\"image\":{\"@id\":\"https:\\\/\\\/hopeandjusticefoundation.com\\\/#\\\/schema\\\/logo\\\/image\\\/\"}}]}<\/script>\n<!-- \/ Yoast SEO plugin. -->","yoast_head_json":{"title":"SOBREVIVENTES - Hope &amp; Justice Foundation","robots":{"index":"index","follow":"follow","max-snippet":"max-snippet:-1","max-image-preview":"max-image-preview:large","max-video-preview":"max-video-preview:-1"},"canonical":"https:\/\/hopeandjusticefoundation.com\/pt\/sobreviventes\/","og_locale":"pt_BR","og_type":"article","og_title":"SOBREVIVENTES - Hope &amp; Justice Foundation","og_description":"Sobreviventes Confira abaixo depoimentos de v\u00edtimas atendidas pela Hope &amp; Justice Foundation &nbsp; Depoimentos em v\u00eddeo Play Previous Next Depoimentos em texto &#8220;Primeiramente gratid\u00e3o ao Deus que nos criou. Com carinho e muito respeito por esta Funda\u00e7\u00e3o; quero agradecer a todos que fazem este projeto Hope &amp; Justice acontecer genuinamente e se tornar realidade em &hellip; Continue lendo \"SOBREVIVENTES\"","og_url":"https:\/\/hopeandjusticefoundation.com\/pt\/sobreviventes\/","og_site_name":"Hope &amp; Justice Foundation","article_modified_time":"2022-08-06T02:00:01+00:00","og_image":[{"url":"https:\/\/hopeandjusticefoundation.com\/wp-content\/uploads\/2022\/03\/hj-logof.png","type":"","width":"","height":""}],"twitter_card":"summary_large_image","twitter_misc":{"Est. tempo de leitura":"3 minutos"},"schema":{"@context":"https:\/\/schema.org","@graph":[{"@type":"WebPage","@id":"https:\/\/hopeandjusticefoundation.com\/sobreviventes\/","url":"https:\/\/hopeandjusticefoundation.com\/sobreviventes\/","name":"SOBREVIVENTES - Hope &amp; Justice Foundation","isPartOf":{"@id":"https:\/\/hopeandjusticefoundation.com\/#website"},"primaryImageOfPage":{"@id":"https:\/\/hopeandjusticefoundation.com\/sobreviventes\/#primaryimage"},"image":{"@id":"https:\/\/hopeandjusticefoundation.com\/sobreviventes\/#primaryimage"},"thumbnailUrl":"https:\/\/hopeandjusticefoundation.com\/wp-content\/uploads\/2022\/03\/hj-logof.png","datePublished":"2022-04-28T14:39:18+00:00","dateModified":"2022-08-06T02:00:01+00:00","breadcrumb":{"@id":"https:\/\/hopeandjusticefoundation.com\/sobreviventes\/#breadcrumb"},"inLanguage":"pt-BR","potentialAction":[{"@type":"ReadAction","target":["https:\/\/hopeandjusticefoundation.com\/sobreviventes\/"]}]},{"@type":"ImageObject","inLanguage":"pt-BR","@id":"https:\/\/hopeandjusticefoundation.com\/sobreviventes\/#primaryimage","url":"https:\/\/hopeandjusticefoundation.com\/wp-content\/uploads\/2022\/03\/hj-logof.png","contentUrl":"https:\/\/hopeandjusticefoundation.com\/wp-content\/uploads\/2022\/03\/hj-logof.png"},{"@type":"BreadcrumbList","@id":"https:\/\/hopeandjusticefoundation.com\/sobreviventes\/#breadcrumb","itemListElement":[{"@type":"ListItem","position":1,"name":"In\u00edcio","item":"https:\/\/hopeandjusticefoundation.com\/"},{"@type":"ListItem","position":2,"name":"SOBREVIVENTES"}]},{"@type":"WebSite","@id":"https:\/\/hopeandjusticefoundation.com\/#website","url":"https:\/\/hopeandjusticefoundation.com\/","name":"Hope &amp; Justice Foundation","description":"Combate ao tr\u00e1fico humano - hope &amp; justice","publisher":{"@id":"https:\/\/hopeandjusticefoundation.com\/#organization"},"potentialAction":[{"@type":"SearchAction","target":{"@type":"EntryPoint","urlTemplate":"https:\/\/hopeandjusticefoundation.com\/?s={search_term_string}"},"query-input":{"@type":"PropertyValueSpecification","valueRequired":true,"valueName":"search_term_string"}}],"inLanguage":"pt-BR"},{"@type":"Organization","@id":"https:\/\/hopeandjusticefoundation.com\/#organization","name":"Hope &amp; Justice Foundation","url":"https:\/\/hopeandjusticefoundation.com\/","logo":{"@type":"ImageObject","inLanguage":"pt-BR","@id":"https:\/\/hopeandjusticefoundation.com\/#\/schema\/logo\/image\/","url":"https:\/\/hopeandjusticefoundation.com\/wp-content\/uploads\/2022\/03\/logo-hope-justice-new.png","contentUrl":"https:\/\/hopeandjusticefoundation.com\/wp-content\/uploads\/2022\/03\/logo-hope-justice-new.png","width":500,"height":500,"caption":"Hope &amp; Justice Foundation"},"image":{"@id":"https:\/\/hopeandjusticefoundation.com\/#\/schema\/logo\/image\/"}}]}},"_links":{"self":[{"href":"https:\/\/hopeandjusticefoundation.com\/pt\/wp-json\/wp\/v2\/pages\/1129","targetHints":{"allow":["GET"]}}],"collection":[{"href":"https:\/\/hopeandjusticefoundation.com\/pt\/wp-json\/wp\/v2\/pages"}],"about":[{"href":"https:\/\/hopeandjusticefoundation.com\/pt\/wp-json\/wp\/v2\/types\/page"}],"author":[{"embeddable":true,"href":"https:\/\/hopeandjusticefoundation.com\/pt\/wp-json\/wp\/v2\/users\/1"}],"replies":[{"embeddable":true,"href":"https:\/\/hopeandjusticefoundation.com\/pt\/wp-json\/wp\/v2\/comments?post=1129"}],"version-history":[{"count":0,"href":"https:\/\/hopeandjusticefoundation.com\/pt\/wp-json\/wp\/v2\/pages\/1129\/revisions"}],"wp:attachment":[{"href":"https:\/\/hopeandjusticefoundation.com\/pt\/wp-json\/wp\/v2\/media?parent=1129"}],"curies":[{"name":"wp","href":"https:\/\/api.w.org\/{rel}","templated":true}]}}